{"id":219087,"date":"2022-10-20T15:04:11","date_gmt":"2022-10-20T13:04:11","guid":{"rendered":"http:\/\/dev.claret.cat\/producte\/libro-musica-la-hora-de-dormir-del-bebe\/"},"modified":"2023-01-28T04:41:04","modified_gmt":"2023-01-28T03:41:04","slug":"libro-musica-la-hora-de-dormir-del-bebe-9781474931250","status":"publish","type":"product","link":"https:\/\/www.claret.cat\/es\/libro\/libro-musica-la-hora-de-dormir-del-bebe-9781474931250\/","title":{"rendered":"LIBRO MUSICA LA HORA DE DORMIR DEL BEBE"},"content":{"rendered":"<p>Ser\u00e1 un placer compartir este libro con los chiquitines a la hora de acotarse. A los beb\u00e9s les encantar\u00e1 apretar los botones que hay en cada p\u00e1gina para elegir sus nanas favoritas y admirar las ilustraciones mientras escuchan.<\/p>\n","protected":false},"excerpt":{"rendered":"<p>TAPLIN SAM<\/p>\n","protected":false},"featured_media":219088,"template":"","meta":{"_acf_changed":false,"om_disable_all_campaigns":false,"rs_blank_template":"","rs_page_bg_color":"","slide_template_v7":"","inline_featured_image":false,"_monsterinsights_skip_tracking":false,"_monsterinsights_sitenote_active":false,"_monsterinsights_sitenote_note":"","_monsterinsights_sitenote_category":0},"product_brand":[],"product_cat":[86],"product_tag":[],"class_list":{"0":"post-219087","1":"product","2":"type-product","3":"status-publish","4":"has-post-thumbnail","6":"product_cat-infantil","8":"first","9":"instock","10":"taxable","11":"shipping-taxable","12":"purchasable","13":"product-type-simple"},"acf":{"autor":"TAPLIN SAM","codart":"147493125","libros-coleccion":"INFANTIL","ediciones":"1","encuadernacion":"Carpeta","fecha_de_publicacion":"01\/01\/2017","novedad":"1","paginas":"12","subtitulo":"","orden":"0","portada":"0","idioma":"spa","editorial":[{"ID":6385,"post_author":"3","post_date":"2022-07-28 17:51:04","post_date_gmt":"2022-07-28 15:51:04","post_content":"","post_title":"USBORNE ED.","post_excerpt":"","post_status":"publish","comment_status":"closed","ping_status":"closed","post_password":"","post_name":"usborne-ed","to_ping":"","pinged":"","post_modified":"2022-07-28 17:51:04","post_modified_gmt":"2022-07-28 15:51:04","post_content_filtered":"","post_parent":0,"guid":"http:\/\/dev.claret.cat\/editorial\/usborne-ed\/","menu_order":0,"post_type":"editorial","post_mime_type":"","comment_count":"0","filter":"raw"}],"autores-libros":[{"ID":170139,"post_author":"3","post_date":"2022-10-14 22:32:53","post_date_gmt":"2022-10-14 20:32:53","post_content":"","post_title":"TAPLIN SAM","post_excerpt":"","post_status":"publish","comment_status":"closed","ping_status":"closed","post_password":"","post_name":"taplin-sam","to_ping":"","pinged":"","post_modified":"2022-10-14 22:32:53","post_modified_gmt":"2022-10-14 20:32:53","post_content_filtered":"","post_parent":0,"guid":"http:\/\/dev.claret.cat\/autor\/taplin-sam\/","menu_order":0,"post_type":"autor","post_mime_type":"","comment_count":"0","filter":"raw"}]},"aioseo_notices":[],"_links":{"self":[{"href":"https:\/\/www.claret.cat\/es\/wp-json\/wp\/v2\/product\/219087","targetHints":{"allow":["GET"]}}],"collection":[{"href":"https:\/\/www.claret.cat\/es\/wp-json\/wp\/v2\/product"}],"about":[{"href":"https:\/\/www.claret.cat\/es\/wp-json\/wp\/v2\/types\/product"}],"wp:featuredmedia":[{"embeddable":true,"href":"https:\/\/www.claret.cat\/es\/wp-json\/wp\/v2\/media\/219088"}],"wp:attachment":[{"href":"https:\/\/www.claret.cat\/es\/wp-json\/wp\/v2\/media?parent=219087"}],"wp:term":[{"taxonomy":"product_brand","embeddable":true,"href":"https:\/\/www.claret.cat\/es\/wp-json\/wp\/v2\/product_brand?post=219087"},{"taxonomy":"product_cat","embeddable":true,"href":"https:\/\/www.claret.cat\/es\/wp-json\/wp\/v2\/product_cat?post=219087"},{"taxonomy":"product_tag","embeddable":true,"href":"https:\/\/www.claret.cat\/es\/wp-json\/wp\/v2\/product_tag?post=219087"}],"curies":[{"name":"wp","href":"https:\/\/api.w.org\/{rel}","templated":true}]}}