{"id":219168,"date":"2022-10-20T15:05:57","date_gmt":"2022-10-20T13:05:57","guid":{"rendered":"http:\/\/dev.claret.cat\/producte\/bloc-pequeno-puzzles-para-pequenos\/"},"modified":"2023-01-28T23:20:31","modified_gmt":"2023-01-28T22:20:31","slug":"bloc-pequeno-puzzles-para-pequenos-9781474935661","status":"publish","type":"product","link":"https:\/\/www.claret.cat\/es\/libro\/bloc-pequeno-puzzles-para-pequenos-9781474935661\/","title":{"rendered":"BLOC PEQUE\u00d1O PUZZLES PARA PEQUE\u00d1OS"},"content":{"rendered":"<p>Multitud de pasatiempos y juegos para que los peques se diviertan mientras desarrollan habilidades b\u00e1sicas. \u00a1Solo necesitan un l\u00e1piz o un bol\u00edgrafo!<br \/>Estupendo para practicar los n\u00fameros y la escritura, as\u00ed como para aumentar la capacidad de observaci\u00f3n y ampliar el vocabulario.<\/p>\n","protected":false},"excerpt":{"rendered":"<p>ROBSON, KIRSTEEN\/SMITH, SAM<\/p>\n","protected":false},"featured_media":219169,"template":"","meta":{"_acf_changed":false,"om_disable_all_campaigns":false,"rs_blank_template":"","rs_page_bg_color":"","slide_template_v7":"","inline_featured_image":false,"_monsterinsights_skip_tracking":false,"_monsterinsights_sitenote_active":false,"_monsterinsights_sitenote_note":"","_monsterinsights_sitenote_category":0},"product_brand":[],"product_cat":[86],"product_tag":[],"class_list":{"0":"post-219168","1":"product","2":"type-product","3":"status-publish","4":"has-post-thumbnail","6":"product_cat-infantil","8":"first","9":"instock","10":"taxable","11":"shipping-taxable","12":"purchasable","13":"product-type-simple"},"acf":{"autor":"ROBSON, KIRSTEEN\/SMITH, SAM","codart":"147493566","libros-coleccion":"INFANTIL","ediciones":"1","encuadernacion":"Carpeta","fecha_de_publicacion":"01\/01\/2017","novedad":"1","paginas":"92","subtitulo":"","orden":"0","portada":"0","idioma":"spa","editorial":[{"ID":6385,"post_author":"3","post_date":"2022-07-28 17:51:04","post_date_gmt":"2022-07-28 15:51:04","post_content":"","post_title":"USBORNE ED.","post_excerpt":"","post_status":"publish","comment_status":"closed","ping_status":"closed","post_password":"","post_name":"usborne-ed","to_ping":"","pinged":"","post_modified":"2022-07-28 17:51:04","post_modified_gmt":"2022-07-28 15:51:04","post_content_filtered":"","post_parent":0,"guid":"http:\/\/dev.claret.cat\/editorial\/usborne-ed\/","menu_order":0,"post_type":"editorial","post_mime_type":"","comment_count":"0","filter":"raw"}],"autores-libros":[{"ID":161700,"post_author":"3","post_date":"2022-10-14 17:20:20","post_date_gmt":"2022-10-14 15:20:20","post_content":"","post_title":"KIRSTEEN ROBSON","post_excerpt":"","post_status":"publish","comment_status":"closed","ping_status":"closed","post_password":"","post_name":"kirsteen-robson","to_ping":"","pinged":"","post_modified":"2022-10-14 17:20:20","post_modified_gmt":"2022-10-14 15:20:20","post_content_filtered":"","post_parent":0,"guid":"http:\/\/dev.claret.cat\/autor\/kirsteen-robson\/","menu_order":0,"post_type":"autor","post_mime_type":"","comment_count":"0","filter":"raw"},{"ID":168887,"post_author":"3","post_date":"2022-10-14 22:22:45","post_date_gmt":"2022-10-14 20:22:45","post_content":"","post_title":"SAM SMITH","post_excerpt":"","post_status":"publish","comment_status":"closed","ping_status":"closed","post_password":"","post_name":"sam-smith","to_ping":"","pinged":"","post_modified":"2022-10-14 22:22:45","post_modified_gmt":"2022-10-14 20:22:45","post_content_filtered":"","post_parent":0,"guid":"http:\/\/dev.claret.cat\/autor\/sam-smith\/","menu_order":0,"post_type":"autor","post_mime_type":"","comment_count":"0","filter":"raw"}]},"aioseo_notices":[],"_links":{"self":[{"href":"https:\/\/www.claret.cat\/es\/wp-json\/wp\/v2\/product\/219168","targetHints":{"allow":["GET"]}}],"collection":[{"href":"https:\/\/www.claret.cat\/es\/wp-json\/wp\/v2\/product"}],"about":[{"href":"https:\/\/www.claret.cat\/es\/wp-json\/wp\/v2\/types\/product"}],"wp:featuredmedia":[{"embeddable":true,"href":"https:\/\/www.claret.cat\/es\/wp-json\/wp\/v2\/media\/219169"}],"wp:attachment":[{"href":"https:\/\/www.claret.cat\/es\/wp-json\/wp\/v2\/media?parent=219168"}],"wp:term":[{"taxonomy":"product_brand","embeddable":true,"href":"https:\/\/www.claret.cat\/es\/wp-json\/wp\/v2\/product_brand?post=219168"},{"taxonomy":"product_cat","embeddable":true,"href":"https:\/\/www.claret.cat\/es\/wp-json\/wp\/v2\/product_cat?post=219168"},{"taxonomy":"product_tag","embeddable":true,"href":"https:\/\/www.claret.cat\/es\/wp-json\/wp\/v2\/product_tag?post=219168"}],"curies":[{"name":"wp","href":"https:\/\/api.w.org\/{rel}","templated":true}]}}