{"id":219288,"date":"2022-10-20T15:08:37","date_gmt":"2022-10-20T13:08:37","guid":{"rendered":"http:\/\/dev.claret.cat\/producte\/que-pasaria-si\/"},"modified":"2023-06-01T10:57:18","modified_gmt":"2023-06-01T08:57:18","slug":"que-pasaria-si-9788403517295","status":"publish","type":"product","link":"https:\/\/www.claret.cat\/es\/libro\/que-pasaria-si-9788403517295\/","title":{"rendered":"\u00bfQU\u00c9 PASAR\u00cdA SI&#8230;?"},"content":{"rendered":"<p>Un libro en el que el humor y la ciencia se unen para dar explicaci\u00f3n a todo tipo de preguntas curiosas.\u00a1Ey! Gracias por fijarte en mi libro. Si est\u00e1s pensando en comprarlo hay  dos cosas que no tendr\u00edas por qu\u00e9 saber pero que quiero contarte por si finalmente no te gusta y decides darle otro uso:- Los humanos no podemos digerir el papel de celulosa, pero en caso de  que pudi\u00e9ramos, si decidieras comerte este libro engordar\u00edas 2.300 calor\u00edas -\u00a1incluida la cubierta, claro!- Si tienes un buen brazo, podr\u00edas lanzar este libro a m\u00e1s de 13 metros.  Con pr\u00e1ctica es posible llegar a lanzar un libro cada 800 milisegundos,  lo que significa que si un agresor te estuviera persiguiendo, podr\u00edas  tener tres o cuatro oportunidades de golpearlo antes de que te  alcanzara. Si en cambio el ataque fuera por parte de un coyote que corre  a la m\u00e1xima velocidad que puede, solo tendr\u00edas una oportunidad. \u00a1Apunta bien!\u00bfQu\u00e9 pasar\u00eda si&#8230;? es un libro de divulgaci\u00f3n cient\u00edfica en el  que se recopilan algunos de los mejores posts as\u00ed como otros nuevos  elaborados a partir de las preguntas del blog de Randall Munroe, en el  que responde a los lectores haciendo uso de sus conocimientos  cient\u00edficos y matem\u00e1ticos. Munroe fue f\u00edsico en la NASA antes de crear  la web www.xkcd, que ha recibido m\u00e1s de un mill\u00f3n de visitas. Este es un libro original, inteligente y con mucho humor.* N\u00ba1 en la lista de m\u00e1s vendidos de The New York Times durante meses.* Mejor libro de 2014 seg\u00fan la revista People.* Entre los 10 mejores libros de no ficci\u00f3n seg\u00fan la revista Time.Rese\u00f1as:<br \/>\u00abMunroe piensa que analizar una broma es como diseccionar una rana,  puede hacerse pero la rana acaba por morir\u00bb.<br \/>The New York Times\u00abTrata de analizar la clase de maravillas y de fantas\u00edas hipot\u00e9ticas que podr\u00edan surgir en una conversaci\u00f3n de bar\u00bb.<br \/>The Atlantic\u00abEste libro es una buena combinaci\u00f3n de diversi\u00f3n y una clase magistral  de tal razonamiento. Como en todas las buenas lecciones, solo te das  cuenta de que has aprendido algo una vez que se ha terminado\u00bb.<br \/>The Economist\u00abMunroe se ha convertido en algo as\u00ed como un h\u00e9roe de culto\u00bb.<br \/>The New York Times<\/p>\n","protected":false},"excerpt":{"rendered":"<p>MUNROE, RANDALL<\/p>\n","protected":false},"featured_media":219289,"template":"","meta":{"_acf_changed":false,"om_disable_all_campaigns":false,"rs_blank_template":"","rs_page_bg_color":"","slide_template_v7":"","inline_featured_image":false,"_monsterinsights_skip_tracking":false,"_monsterinsights_sitenote_active":false,"_monsterinsights_sitenote_note":"","_monsterinsights_sitenote_category":0},"product_brand":[],"product_cat":[90,540,105,555],"product_tag":[],"class_list":{"0":"post-219288","1":"product","2":"type-product","3":"status-publish","4":"has-post-thumbnail","6":"product_cat-altres","7":"product_cat-otros","8":"product_cat-regal","9":"product_cat-regalo","11":"first","12":"instock","13":"taxable","14":"shipping-taxable","15":"purchasable","16":"product-type-simple"},"acf":{"autor":"MUNROE, RANDALL","codart":"840351729","libros-coleccion":"AGUILAR","ediciones":"1","encuadernacion":"R\u00fastica","fecha_de_publicacion":"01\/01\/2017","novedad":"1","paginas":"405","subtitulo":"RESPUESTAS SERIAS Y CIENT\u00cdFICAS A TODO TIPO DE PREGUNTAS ABSURDAS","orden":"0","portada":"0","idioma":"spa","editorial":[{"ID":6294,"post_author":"3","post_date":"2022-07-28 17:49:06","post_date_gmt":"2022-07-28 15:49:06","post_content":"","post_title":"LOSADA","post_excerpt":"","post_status":"publish","comment_status":"closed","ping_status":"closed","post_password":"","post_name":"losada","to_ping":"","pinged":"","post_modified":"2022-07-28 17:49:06","post_modified_gmt":"2022-07-28 15:49:06","post_content_filtered":"","post_parent":0,"guid":"http:\/\/dev.claret.cat\/editorial\/losada\/","menu_order":0,"post_type":"editorial","post_mime_type":"","comment_count":"0","filter":"raw"}],"autores-libros":[{"ID":167775,"post_author":"3","post_date":"2022-10-14 18:13:55","post_date_gmt":"2022-10-14 16:13:55","post_content":"","post_title":"RANDALL MUNROE","post_excerpt":"","post_status":"publish","comment_status":"closed","ping_status":"closed","post_password":"","post_name":"randall-munroe","to_ping":"","pinged":"","post_modified":"2022-10-14 18:13:55","post_modified_gmt":"2022-10-14 16:13:55","post_content_filtered":"","post_parent":0,"guid":"http:\/\/dev.claret.cat\/autor\/randall-munroe\/","menu_order":0,"post_type":"autor","post_mime_type":"","comment_count":"0","filter":"raw"}]},"aioseo_notices":[],"_links":{"self":[{"href":"https:\/\/www.claret.cat\/es\/wp-json\/wp\/v2\/product\/219288","targetHints":{"allow":["GET"]}}],"collection":[{"href":"https:\/\/www.claret.cat\/es\/wp-json\/wp\/v2\/product"}],"about":[{"href":"https:\/\/www.claret.cat\/es\/wp-json\/wp\/v2\/types\/product"}],"wp:featuredmedia":[{"embeddable":true,"href":"https:\/\/www.claret.cat\/es\/wp-json\/wp\/v2\/media\/219289"}],"wp:attachment":[{"href":"https:\/\/www.claret.cat\/es\/wp-json\/wp\/v2\/media?parent=219288"}],"wp:term":[{"taxonomy":"product_brand","embeddable":true,"href":"https:\/\/www.claret.cat\/es\/wp-json\/wp\/v2\/product_brand?post=219288"},{"taxonomy":"product_cat","embeddable":true,"href":"https:\/\/www.claret.cat\/es\/wp-json\/wp\/v2\/product_cat?post=219288"},{"taxonomy":"product_tag","embeddable":true,"href":"https:\/\/www.claret.cat\/es\/wp-json\/wp\/v2\/product_tag?post=219288"}],"curies":[{"name":"wp","href":"https:\/\/api.w.org\/{rel}","templated":true}]}}