{"id":219366,"date":"2022-10-20T15:10:20","date_gmt":"2022-10-20T13:10:20","guid":{"rendered":"http:\/\/dev.claret.cat\/producte\/agua-del-limonero\/"},"modified":"2023-01-28T16:36:02","modified_gmt":"2023-01-28T15:36:02","slug":"agua-del-limonero-9788467049244","status":"publish","type":"product","link":"https:\/\/www.claret.cat\/es\/libro\/agua-del-limonero-9788467049244\/","title":{"rendered":"AGUA DEL LIMONERO"},"content":{"rendered":"<p>?Una novela emocionante, una historia inolvidable. Mamen S\u00e1nchez se consagra como una de nuestras mejores escritoras?.Javier MoroCuando la periodista Clara Cobi\u00e1n recibe el encargo de viajar a Nueva York para redactar las memorias de la gran dama de sociedad Greta Bouvier, no sabe que para cumplir su sue\u00f1o de escritora tendr\u00e1 que volver a enfrentarse a la fascinaci\u00f3n que le provoca su profesor, Gabriel Hinestrosa, y a los motivos que se esconden tras el repentino regreso a su vida de quien fuera su amante. La historia de Greta Bouvier, desde su misteriosa aparici\u00f3n en el Acapulco de 1951 hasta su lujosa existencia en el Manhattan moderno, se ir\u00e1 tejiendo gracias a los recuerdos, las intrigas, los rencores y las alabanzas de quienes la acompa\u00f1aron en su ascenso a la gloria. Pero, de todos ellos, s\u00f3lo Clara Cobi\u00e1n ser\u00e1 capaz de resolver el enigma de Greta y su terrible secreto. Agua del limonero es un tapiz de vidas que se entrecruzan en torno al aparente \u00e9xito de una arist\u00f3crata todopoderosa, el tes\u00f3n de una ambiciosa periodista y la nostalgia de una vieja historia de amor rota en pedazos. Es el retrato de una \u00e9poca reconstruida a partir de los a\u00f1icos que quedaron de sus protagonistas y que conforman, a pesar de todo, una pieza de colecci\u00f3n llena de belleza.<\/p>\n","protected":false},"excerpt":{"rendered":"<p>S\u00c1NCHEZ, MAMEN<\/p>\n","protected":false},"featured_media":219367,"template":"","meta":{"_acf_changed":false,"om_disable_all_campaigns":false,"rs_blank_template":"","rs_page_bg_color":"","slide_template_v7":"","inline_featured_image":false,"_monsterinsights_skip_tracking":false,"_monsterinsights_sitenote_active":false,"_monsterinsights_sitenote_note":"","_monsterinsights_sitenote_category":0},"product_brand":[],"product_cat":[87],"product_tag":[],"class_list":{"0":"post-219366","1":"product","2":"type-product","3":"status-publish","4":"has-post-thumbnail","6":"product_cat-literatura","8":"first","9":"instock","10":"taxable","11":"shipping-taxable","12":"purchasable","13":"product-type-simple"},"acf":{"autor":"S\u00c1NCHEZ, MAMEN","codart":"846704924","libros-coleccion":"SUSHI BOOKS","ediciones":"1","encuadernacion":"R\u00fastica","fecha_de_publicacion":"01\/01\/2017","novedad":"1","paginas":"303","subtitulo":"","orden":"0","portada":"0","idioma":"spa","editorial":[{"ID":6149,"post_author":"3","post_date":"2022-07-28 17:45:56","post_date_gmt":"2022-07-28 15:45:56","post_content":"","post_title":"BOOKET","post_excerpt":"","post_status":"publish","comment_status":"closed","ping_status":"closed","post_password":"","post_name":"booket","to_ping":"","pinged":"","post_modified":"2022-07-28 17:45:56","post_modified_gmt":"2022-07-28 15:45:56","post_content_filtered":"","post_parent":0,"guid":"http:\/\/dev.claret.cat\/editorial\/booket\/","menu_order":0,"post_type":"editorial","post_mime_type":"","comment_count":"0","filter":"raw"}],"autores-libros":[{"ID":163064,"post_author":"3","post_date":"2022-10-14 17:36:02","post_date_gmt":"2022-10-14 15:36:02","post_content":"","post_title":"MAMEN SANCHEZ","post_excerpt":"","post_status":"publish","comment_status":"closed","ping_status":"closed","post_password":"","post_name":"mamen-sanchez","to_ping":"","pinged":"","post_modified":"2022-10-14 17:36:02","post_modified_gmt":"2022-10-14 15:36:02","post_content_filtered":"","post_parent":0,"guid":"http:\/\/dev.claret.cat\/autor\/mamen-sanchez\/","menu_order":0,"post_type":"autor","post_mime_type":"","comment_count":"0","filter":"raw"}]},"aioseo_notices":[],"_links":{"self":[{"href":"https:\/\/www.claret.cat\/es\/wp-json\/wp\/v2\/product\/219366","targetHints":{"allow":["GET"]}}],"collection":[{"href":"https:\/\/www.claret.cat\/es\/wp-json\/wp\/v2\/product"}],"about":[{"href":"https:\/\/www.claret.cat\/es\/wp-json\/wp\/v2\/types\/product"}],"wp:featuredmedia":[{"embeddable":true,"href":"https:\/\/www.claret.cat\/es\/wp-json\/wp\/v2\/media\/219367"}],"wp:attachment":[{"href":"https:\/\/www.claret.cat\/es\/wp-json\/wp\/v2\/media?parent=219366"}],"wp:term":[{"taxonomy":"product_brand","embeddable":true,"href":"https:\/\/www.claret.cat\/es\/wp-json\/wp\/v2\/product_brand?post=219366"},{"taxonomy":"product_cat","embeddable":true,"href":"https:\/\/www.claret.cat\/es\/wp-json\/wp\/v2\/product_cat?post=219366"},{"taxonomy":"product_tag","embeddable":true,"href":"https:\/\/www.claret.cat\/es\/wp-json\/wp\/v2\/product_tag?post=219366"}],"curies":[{"name":"wp","href":"https:\/\/api.w.org\/{rel}","templated":true}]}}