{"id":219375,"date":"2022-10-20T15:10:32","date_gmt":"2022-10-20T13:10:32","guid":{"rendered":"http:\/\/dev.claret.cat\/producte\/los-47-ronin\/"},"modified":"2023-01-28T14:45:08","modified_gmt":"2023-01-28T13:45:08","slug":"los-47-ronin-9788494616037","status":"publish","type":"product","link":"https:\/\/www.claret.cat\/es\/libro\/los-47-ronin-9788494616037\/","title":{"rendered":"LOS 47 RONIN"},"content":{"rendered":"<p>Cuenta la leyenda que en el Jap\u00f3n del siglo XVIII, un grupo de samurai se vio obligado a convertirse en ronin tras el suicidio de su se\u00f1or.<br \/> Esta es su historia&#8230;<\/p>\n<p> Tras ofender a Katsuk\u00e9 no Suk\u00e9, maestro de protocolo del sgun, Takumi no Kami, se\u00f1or del clan Asano, es condenado a morir por medio de seppuku (suicidio ritual). Sus fieles samurai, convertidos en onin (samurai sin se\u00f1or), juraron vengar su muerte.<\/p>\n<p> Esta es la historia de esos 47 valientes, un relato que ilustra de forma inmejorable las virtudes del Bushid: la justicia, el coraje, la benevolencia, el respeto, la honestidad, el honor y la lealtad.<\/p>\n<p> El libro incluye 51 l\u00e1minas a todo color de los protagonistas de la historia, dibujadas por el gran maestro del ukiyo-e Utagawa Kuniyoshi.<\/p>\n","protected":false},"excerpt":{"rendered":"<p>KUNIYOSHI, UTAGAWA<\/p>\n","protected":false},"featured_media":219376,"template":"","meta":{"_acf_changed":false,"om_disable_all_campaigns":false,"rs_blank_template":"","rs_page_bg_color":"","slide_template_v7":"","inline_featured_image":false,"_monsterinsights_skip_tracking":false,"_monsterinsights_sitenote_active":false,"_monsterinsights_sitenote_note":"","_monsterinsights_sitenote_category":0},"product_brand":[],"product_cat":[87],"product_tag":[],"class_list":{"0":"post-219375","1":"product","2":"type-product","3":"status-publish","4":"has-post-thumbnail","6":"product_cat-literatura","8":"first","9":"instock","10":"taxable","11":"shipping-taxable","12":"purchasable","13":"product-type-simple"},"acf":{"autor":"KUNIYOSHI, UTAGAWA","codart":"849461603","libros-coleccion":"SUSHI BOOKS","ediciones":"1","encuadernacion":"Carpeta","fecha_de_publicacion":"01\/01\/2017","novedad":"1","paginas":"139","subtitulo":"GU\u00cdA ILUSTRADA DE SAMUR\u00c1IS ","orden":"0","portada":"0","idioma":"spa","editorial":[{"ID":148720,"post_author":"3","post_date":"2022-10-14 12:00:27","post_date_gmt":"2022-10-14 10:00:27","post_content":"","post_title":"QUATERNI","post_excerpt":"","post_status":"publish","comment_status":"closed","ping_status":"closed","post_password":"","post_name":"quaterni","to_ping":"","pinged":"","post_modified":"2022-10-14 12:00:27","post_modified_gmt":"2022-10-14 10:00:27","post_content_filtered":"","post_parent":0,"guid":"http:\/\/dev.claret.cat\/editorial\/quaterni\/","menu_order":0,"post_type":"editorial","post_mime_type":"","comment_count":"0","filter":"raw"}],"autores-libros":[{"ID":170724,"post_author":"3","post_date":"2022-10-14 22:37:39","post_date_gmt":"2022-10-14 20:37:39","post_content":"","post_title":"UTAGAWA KUNIYOSHI","post_excerpt":"","post_status":"publish","comment_status":"closed","ping_status":"closed","post_password":"","post_name":"utagawa-kuniyoshi","to_ping":"","pinged":"","post_modified":"2022-10-14 22:37:39","post_modified_gmt":"2022-10-14 20:37:39","post_content_filtered":"","post_parent":0,"guid":"http:\/\/dev.claret.cat\/autor\/utagawa-kuniyoshi\/","menu_order":0,"post_type":"autor","post_mime_type":"","comment_count":"0","filter":"raw"}]},"aioseo_notices":[],"_links":{"self":[{"href":"https:\/\/www.claret.cat\/es\/wp-json\/wp\/v2\/product\/219375","targetHints":{"allow":["GET"]}}],"collection":[{"href":"https:\/\/www.claret.cat\/es\/wp-json\/wp\/v2\/product"}],"about":[{"href":"https:\/\/www.claret.cat\/es\/wp-json\/wp\/v2\/types\/product"}],"wp:featuredmedia":[{"embeddable":true,"href":"https:\/\/www.claret.cat\/es\/wp-json\/wp\/v2\/media\/219376"}],"wp:attachment":[{"href":"https:\/\/www.claret.cat\/es\/wp-json\/wp\/v2\/media?parent=219375"}],"wp:term":[{"taxonomy":"product_brand","embeddable":true,"href":"https:\/\/www.claret.cat\/es\/wp-json\/wp\/v2\/product_brand?post=219375"},{"taxonomy":"product_cat","embeddable":true,"href":"https:\/\/www.claret.cat\/es\/wp-json\/wp\/v2\/product_cat?post=219375"},{"taxonomy":"product_tag","embeddable":true,"href":"https:\/\/www.claret.cat\/es\/wp-json\/wp\/v2\/product_tag?post=219375"}],"curies":[{"name":"wp","href":"https:\/\/api.w.org\/{rel}","templated":true}]}}