{"id":219384,"date":"2022-10-20T15:10:44","date_gmt":"2022-10-20T13:10:44","guid":{"rendered":"http:\/\/dev.claret.cat\/producte\/en-defensa-del-decrecimiento\/"},"modified":"2023-01-28T10:23:36","modified_gmt":"2023-01-28T09:23:36","slug":"en-defensa-del-decrecimiento-9788490972649","status":"publish","type":"product","link":"https:\/\/www.claret.cat\/es\/libro\/en-defensa-del-decrecimiento-9788490972649\/","title":{"rendered":"EN DEFENSA DEL DECRECIMIENTO"},"content":{"rendered":"<p>Taibo afirma su firme convicci\u00f3n de que el discurso pol\u00edtico y medi\u00e1tico al uso margina expresamente la crisis ecol\u00f3gica y sus inquietantes secuelas. El texto alerta, por otra parte, ante el riesgo de que, en un escenario tan delicado como el del presente, gane terreno un darwinismo social militarizado que recuerde poderosamente a lo que los nazis alemanes hicieron ochenta a\u00f1os atr\u00e1s&#8230;.<\/p>\n","protected":false},"excerpt":{"rendered":"<p>TAIBO ARIAS, CARLOS<\/p>\n","protected":false},"featured_media":219385,"template":"","meta":{"_acf_changed":false,"om_disable_all_campaigns":false,"rs_blank_template":"","rs_page_bg_color":"","slide_template_v7":"","inline_featured_image":false,"_monsterinsights_skip_tracking":false,"_monsterinsights_sitenote_active":false,"_monsterinsights_sitenote_note":"","_monsterinsights_sitenote_category":0},"product_brand":[],"product_cat":[84],"product_tag":[],"class_list":{"0":"post-219384","1":"product","2":"type-product","3":"status-publish","4":"has-post-thumbnail","6":"product_cat-sociologia","8":"first","9":"instock","10":"taxable","11":"shipping-taxable","12":"purchasable","13":"product-type-simple"},"acf":{"autor":"TAIBO ARIAS, CARLOS","codart":"849097264","libros-coleccion":"SUSHI BOOKS","ediciones":"1","encuadernacion":"R\u00fastica","fecha_de_publicacion":"01\/01\/2017","novedad":"1","paginas":"189","subtitulo":"SOBRE CAPITALISMO, CRISIS Y BARBARIE","orden":"0","portada":"0","idioma":"spa","editorial":[{"ID":6293,"post_author":"3","post_date":"2022-07-28 17:49:04","post_date_gmt":"2022-07-28 15:49:04","post_content":"","post_title":"LOS LIBROS DE LA CATARATA","post_excerpt":"","post_status":"publish","comment_status":"closed","ping_status":"closed","post_password":"","post_name":"los-libros-de-la-catarata","to_ping":"","pinged":"","post_modified":"2022-07-28 17:49:04","post_modified_gmt":"2022-07-28 15:49:04","post_content_filtered":"","post_parent":0,"guid":"http:\/\/dev.claret.cat\/editorial\/los-libros-de-la-catarata\/","menu_order":0,"post_type":"editorial","post_mime_type":"","comment_count":"0","filter":"raw"}],"autores-libros":[{"ID":152334,"post_author":"3","post_date":"2022-10-14 14:47:56","post_date_gmt":"2022-10-14 12:47:56","post_content":"","post_title":"CARLOS TAIBO ARIAS","post_excerpt":"","post_status":"publish","comment_status":"closed","ping_status":"closed","post_password":"","post_name":"carlos-taibo-arias","to_ping":"","pinged":"","post_modified":"2022-10-14 14:47:56","post_modified_gmt":"2022-10-14 12:47:56","post_content_filtered":"","post_parent":0,"guid":"http:\/\/dev.claret.cat\/autor\/carlos-taibo-arias\/","menu_order":0,"post_type":"autor","post_mime_type":"","comment_count":"0","filter":"raw"}]},"aioseo_notices":[],"_links":{"self":[{"href":"https:\/\/www.claret.cat\/es\/wp-json\/wp\/v2\/product\/219384","targetHints":{"allow":["GET"]}}],"collection":[{"href":"https:\/\/www.claret.cat\/es\/wp-json\/wp\/v2\/product"}],"about":[{"href":"https:\/\/www.claret.cat\/es\/wp-json\/wp\/v2\/types\/product"}],"wp:featuredmedia":[{"embeddable":true,"href":"https:\/\/www.claret.cat\/es\/wp-json\/wp\/v2\/media\/219385"}],"wp:attachment":[{"href":"https:\/\/www.claret.cat\/es\/wp-json\/wp\/v2\/media?parent=219384"}],"wp:term":[{"taxonomy":"product_brand","embeddable":true,"href":"https:\/\/www.claret.cat\/es\/wp-json\/wp\/v2\/product_brand?post=219384"},{"taxonomy":"product_cat","embeddable":true,"href":"https:\/\/www.claret.cat\/es\/wp-json\/wp\/v2\/product_cat?post=219384"},{"taxonomy":"product_tag","embeddable":true,"href":"https:\/\/www.claret.cat\/es\/wp-json\/wp\/v2\/product_tag?post=219384"}],"curies":[{"name":"wp","href":"https:\/\/api.w.org\/{rel}","templated":true}]}}