{"id":219402,"date":"2022-10-20T15:11:07","date_gmt":"2022-10-20T13:11:07","guid":{"rendered":"http:\/\/dev.claret.cat\/producte\/cumbres-borrascosas-6\/"},"modified":"2026-02-20T13:00:12","modified_gmt":"2026-02-20T12:00:12","slug":"cumbres-borrascosas-9788437636085","status":"publish","type":"product","link":"https:\/\/www.claret.cat\/es\/libro\/cumbres-borrascosas-9788437636085\/","title":{"rendered":"CUMBRES BORRASCOSAS"},"content":{"rendered":"<p>El ambiente cultural que se respir\u00f3 en la casa de los Bront\u00eb desde \u00e9poca temprana condujo a la precocidad literaria de las tres hermanas. Emily Bront\u00eb, a pesar de su corta existencia, est\u00e1 considerada como una artista consumada y muy por encima de su \u00e9poca.<br \/> Hoy en d\u00eda se considera  &quot; Cumbres Borrascosas &quot;  como una de las grandes novelas inglesas entre los cl\u00e1sicos de la literatura. En su \u00e9poca produjo un profundo asombro ante el espect\u00e1culo de una historia de amor tan apasionada, que al parecer rebasaba los l\u00edmites impuestos por la moral ortodoxa reinante. Sus protagonistas, unos seres implacables con esp\u00edritus depravados, reflejan el temperamento de su autora, una muchacha audaz y apasionada.<\/p>\n","protected":false},"excerpt":{"rendered":"<p>BRONT\u00cb, EMILY<\/p>\n","protected":false},"featured_media":1082433,"template":"","meta":{"_acf_changed":false,"om_disable_all_campaigns":false,"rs_blank_template":"","rs_page_bg_color":"","slide_template_v7":"","inline_featured_image":false,"_monsterinsights_skip_tracking":false,"_monsterinsights_sitenote_active":false,"_monsterinsights_sitenote_note":"","_monsterinsights_sitenote_category":0},"product_brand":[],"product_cat":[87,353],"product_tag":[],"class_list":{"0":"post-219402","1":"product","2":"type-product","3":"status-publish","4":"has-post-thumbnail","6":"product_cat-literatura","7":"product_cat-literatura-2_humanidades","9":"first","10":"instock","11":"taxable","12":"shipping-taxable","13":"purchasable","14":"product-type-simple"},"acf":{"autor":"BRONT\u00cb, EMILY","codart":"843763608","libros-coleccion":"Letras Universales","ediciones":"1","encuadernacion":"R\u00fastica","fecha_de_publicacion":"01\/01\/2017","novedad":"1","paginas":"458","subtitulo":"","orden":"0","portada":"0","idioma":"spa","editorial":[{"ID":147789,"post_author":"3","post_date":"2022-10-14 11:53:14","post_date_gmt":"2022-10-14 09:53:14","post_content":"","post_title":"EDICIONES CATEDRA","post_excerpt":"","post_status":"publish","comment_status":"closed","ping_status":"closed","post_password":"","post_name":"ediciones-catedra","to_ping":"","pinged":"","post_modified":"2022-10-14 11:53:14","post_modified_gmt":"2022-10-14 09:53:14","post_content_filtered":"","post_parent":0,"guid":"http:\/\/dev.claret.cat\/editorial\/ediciones-catedra\/","menu_order":0,"post_type":"editorial","post_mime_type":"","comment_count":"0","filter":"raw"}],"autores-libros":[{"ID":155005,"post_author":"3","post_date":"2022-10-14 15:09:24","post_date_gmt":"2022-10-14 13:09:24","post_content":"","post_title":"EMILY BRONTE","post_excerpt":"","post_status":"publish","comment_status":"closed","ping_status":"closed","post_password":"","post_name":"emily-bronte","to_ping":"","pinged":"","post_modified":"2022-10-14 15:09:24","post_modified_gmt":"2022-10-14 13:09:24","post_content_filtered":"","post_parent":0,"guid":"http:\/\/dev.claret.cat\/autor\/emily-bronte\/","menu_order":0,"post_type":"autor","post_mime_type":"","comment_count":"0","filter":"raw"}],"booktrailer":"","resenas":""},"aioseo_notices":[],"_links":{"self":[{"href":"https:\/\/www.claret.cat\/es\/wp-json\/wp\/v2\/product\/219402","targetHints":{"allow":["GET"]}}],"collection":[{"href":"https:\/\/www.claret.cat\/es\/wp-json\/wp\/v2\/product"}],"about":[{"href":"https:\/\/www.claret.cat\/es\/wp-json\/wp\/v2\/types\/product"}],"wp:featuredmedia":[{"embeddable":true,"href":"https:\/\/www.claret.cat\/es\/wp-json\/wp\/v2\/media\/1082433"}],"wp:attachment":[{"href":"https:\/\/www.claret.cat\/es\/wp-json\/wp\/v2\/media?parent=219402"}],"wp:term":[{"taxonomy":"product_brand","embeddable":true,"href":"https:\/\/www.claret.cat\/es\/wp-json\/wp\/v2\/product_brand?post=219402"},{"taxonomy":"product_cat","embeddable":true,"href":"https:\/\/www.claret.cat\/es\/wp-json\/wp\/v2\/product_cat?post=219402"},{"taxonomy":"product_tag","embeddable":true,"href":"https:\/\/www.claret.cat\/es\/wp-json\/wp\/v2\/product_tag?post=219402"}],"curies":[{"name":"wp","href":"https:\/\/api.w.org\/{rel}","templated":true}]}}