{"id":219435,"date":"2022-10-20T15:11:50","date_gmt":"2022-10-20T13:11:50","guid":{"rendered":"http:\/\/dev.claret.cat\/producte\/comarques-gironines\/"},"modified":"2024-02-05T13:57:21","modified_gmt":"2024-02-05T12:57:21","slug":"comarques-gironines-9788498093858","status":"publish","type":"product","link":"https:\/\/www.claret.cat\/es\/libro\/comarques-gironines-9788498093858\/","title":{"rendered":"COMARQUES GIRONINES"},"content":{"rendered":"<p>El volum recull poemes, narracions, cartes, notes de dietari, escenes teatrals, can\u00e7ons i cr\u00f2niques<br \/>period\u00edstiques o de g\u00e8nere assag\u00edstic. La fesomia del pa\u00eds, la hist\u00f2ria, les tradicions i els monuments\u00a0hi apareixen interpretats pels nostres grans escriptors amb el contrapunt atent de l&#8217;ull fotogr\u00e0fic. Els\u00a0textos ajuden a copsar el pa\u00eds, per\u00f2 tamb\u00e9 el territori pot ajudar a entendre l&#8217;obra d&#8217;alguns escriptors.<br \/>Amb els volums de la Geografi a liter\u00e0ria descobrirem, per tant, literatura i paisatge, trenats en una\u00a0vasta antologia a c\u00e0rrec de Lloren\u00e7 Soldevila.<\/p>\n","protected":false},"excerpt":{"rendered":"<p>SOLDEVILA BALART, LLOREN\u00c7<\/p>\n","protected":false},"featured_media":219436,"template":"","meta":{"_acf_changed":false,"om_disable_all_campaigns":false,"rs_blank_template":"","rs_page_bg_color":"","slide_template_v7":"","inline_featured_image":false,"_monsterinsights_skip_tracking":false,"_monsterinsights_sitenote_active":false,"_monsterinsights_sitenote_note":"","_monsterinsights_sitenote_category":0},"product_brand":[],"product_cat":[557,107,353,87],"product_tag":[],"class_list":{"0":"post-219435","1":"product","2":"type-product","3":"status-publish","4":"has-post-thumbnail","6":"product_cat-guias-de-viaje","7":"product_cat-guies-de-viatge","8":"product_cat-literatura-2_humanidades","9":"product_cat-literatura","11":"first","12":"instock","13":"taxable","14":"shipping-taxable","15":"purchasable","16":"product-type-simple"},"acf":{"autor":"SOLDEVILA BALART, LLOREN\u00c7","codart":"849809385","libros-coleccion":"SUSHI BOOKS","ediciones":"1","encuadernacion":"R\u00fastica","fecha_de_publicacion":"01\/01\/2017","novedad":"1","paginas":"519","subtitulo":"","orden":"0","portada":"0","idioma":"cat","editorial":[{"ID":148023,"post_author":"3","post_date":"2022-10-14 11:55:02","post_date_gmt":"2022-10-14 09:55:02","post_content":"","post_title":"Editorial P\u00f2rtic","post_excerpt":"","post_status":"publish","comment_status":"closed","ping_status":"closed","post_password":"","post_name":"editorial-portic","to_ping":"","pinged":"","post_modified":"2022-10-14 11:55:02","post_modified_gmt":"2022-10-14 09:55:02","post_content_filtered":"","post_parent":0,"guid":"http:\/\/dev.claret.cat\/editorial\/editorial-portic\/","menu_order":0,"post_type":"editorial","post_mime_type":"","comment_count":"0","filter":"raw"}],"autores-libros":[{"ID":162317,"post_author":"3","post_date":"2022-10-14 17:30:04","post_date_gmt":"2022-10-14 15:30:04","post_content":"","post_title":"LLOREN\u00c7 SOLDEVILA BALART","post_excerpt":"","post_status":"publish","comment_status":"closed","ping_status":"closed","post_password":"","post_name":"llorenc-soldevila-balart","to_ping":"","pinged":"","post_modified":"2022-10-14 17:30:04","post_modified_gmt":"2022-10-14 15:30:04","post_content_filtered":"","post_parent":0,"guid":"http:\/\/dev.claret.cat\/autor\/llorenc-soldevila-balart\/","menu_order":0,"post_type":"autor","post_mime_type":"","comment_count":"0","filter":"raw"}]},"aioseo_notices":[],"_links":{"self":[{"href":"https:\/\/www.claret.cat\/es\/wp-json\/wp\/v2\/product\/219435","targetHints":{"allow":["GET"]}}],"collection":[{"href":"https:\/\/www.claret.cat\/es\/wp-json\/wp\/v2\/product"}],"about":[{"href":"https:\/\/www.claret.cat\/es\/wp-json\/wp\/v2\/types\/product"}],"wp:featuredmedia":[{"embeddable":true,"href":"https:\/\/www.claret.cat\/es\/wp-json\/wp\/v2\/media\/219436"}],"wp:attachment":[{"href":"https:\/\/www.claret.cat\/es\/wp-json\/wp\/v2\/media?parent=219435"}],"wp:term":[{"taxonomy":"product_brand","embeddable":true,"href":"https:\/\/www.claret.cat\/es\/wp-json\/wp\/v2\/product_brand?post=219435"},{"taxonomy":"product_cat","embeddable":true,"href":"https:\/\/www.claret.cat\/es\/wp-json\/wp\/v2\/product_cat?post=219435"},{"taxonomy":"product_tag","embeddable":true,"href":"https:\/\/www.claret.cat\/es\/wp-json\/wp\/v2\/product_tag?post=219435"}],"curies":[{"name":"wp","href":"https:\/\/api.w.org\/{rel}","templated":true}]}}