{"id":219570,"date":"2022-10-20T15:14:49","date_gmt":"2022-10-20T13:14:49","guid":{"rendered":"http:\/\/dev.claret.cat\/producte\/mil-millones-de-anos-hasta-el-fin-del-mundo\/"},"modified":"2025-10-20T10:15:06","modified_gmt":"2025-10-20T08:15:06","slug":"mil-millones-de-anos-hasta-el-fin-del-mundo-9788416677566","status":"publish","type":"product","link":"https:\/\/www.claret.cat\/es\/libro\/mil-millones-de-anos-hasta-el-fin-del-mundo-9788416677566\/","title":{"rendered":"MIL MILLONES DE A\u00d1OS HASTA EL FIN DEL MUNDO"},"content":{"rendered":"<p>Dmitri Mali\u00e1nov, un astrof\u00edsico que est\u00e1 trabajando en un proyecto por el que podr\u00eda recibir el Premio Nobel, ha enviado a su esposa Irina y a su hijo de vacaciones con la idea de concentrarse exclusivamente en su f\u00f3rmula matem\u00e1tica \u00abrevolucionaria\u00bb. Cuando est\u00e1 al borde de la revelaci\u00f3n, comienzan las interrupciones: la llegada de una desconocida mujer hermosa que le pide pasar la noche en su casa; la aparici\u00f3n de un inspector que acusa a Mali\u00e1nov de asesinato. Pronto, nuestro h\u00e9roe recibe la visita de otros investigadores que tambi\u00e9n sospechan que estos fen\u00f3menos no son sino advertencias siniestras y enigm\u00e1ticas. Reunidos en el apartamento de Mali\u00e1nov, los cinco hombres comienzan a intentar dar sentido a los diversos acontecimientos y amenazas que han puesto su trabajo en suspenso.<\/p>\n","protected":false},"excerpt":{"rendered":"<p>STRUGATSKI, ARKADI \/ STRUGATSKI, BOR\u00cdS<\/p>\n","protected":false},"featured_media":219571,"template":"","meta":{"_acf_changed":false,"om_disable_all_campaigns":false,"rs_blank_template":"","rs_page_bg_color":"","slide_template_v7":"","inline_featured_image":false,"_monsterinsights_skip_tracking":false,"_monsterinsights_sitenote_active":false,"_monsterinsights_sitenote_note":"","_monsterinsights_sitenote_category":0},"product_brand":[],"product_cat":[353,87],"product_tag":[],"class_list":{"0":"post-219570","1":"product","2":"type-product","3":"status-publish","4":"has-post-thumbnail","6":"product_cat-literatura-2_humanidades","7":"product_cat-literatura","9":"first","10":"instock","11":"taxable","12":"shipping-taxable","13":"purchasable","14":"product-type-simple"},"acf":{"autor":"STRUGATSKI, ARKADI \/ STRUGATSKI, BOR\u00cdS","codart":"841667756","libros-coleccion":"FORA DE COL.LECCI\u00d3","ediciones":"1","encuadernacion":"R\u00fastica","fecha_de_publicacion":"01\/01\/2017","novedad":"1","paginas":"165","subtitulo":"UN MANUSCRITO HALLADO EN EXTRA\u00d1AS CIRCUNSTANCIAS","orden":"0","portada":"0","idioma":"spa","editorial":[{"ID":148808,"post_author":"3","post_date":"2022-10-14 12:01:09","post_date_gmt":"2022-10-14 10:01:09","post_content":"","post_title":"SEXTO PISO EDITORIAL ( ESPA\u00d1A)","post_excerpt":"","post_status":"publish","comment_status":"closed","ping_status":"closed","post_password":"","post_name":"sexto-piso-editorial-espana","to_ping":"","pinged":"","post_modified":"2022-10-14 12:01:09","post_modified_gmt":"2022-10-14 10:01:09","post_content_filtered":"","post_parent":0,"guid":"http:\/\/dev.claret.cat\/editorial\/sexto-piso-editorial-espana\/","menu_order":0,"post_type":"editorial","post_mime_type":"","comment_count":"0","filter":"raw"}],"autores-libros":[{"ID":151826,"post_author":"3","post_date":"2022-10-14 14:43:56","post_date_gmt":"2022-10-14 12:43:56","post_content":"","post_title":"BOR\u00cdS STRUGATSKI","post_excerpt":"","post_status":"publish","comment_status":"closed","ping_status":"closed","post_password":"","post_name":"boris-strugatski","to_ping":"","pinged":"","post_modified":"2022-10-14 14:43:56","post_modified_gmt":"2022-10-14 12:43:56","post_content_filtered":"","post_parent":0,"guid":"http:\/\/dev.claret.cat\/autor\/boris-strugatski\/","menu_order":0,"post_type":"autor","post_mime_type":"","comment_count":"0","filter":"raw"},{"ID":151086,"post_author":"3","post_date":"2022-10-14 14:38:05","post_date_gmt":"2022-10-14 12:38:05","post_content":"","post_title":"ARKADI STRUGATSKI","post_excerpt":"","post_status":"publish","comment_status":"closed","ping_status":"closed","post_password":"","post_name":"arkadi-strugatski","to_ping":"","pinged":"","post_modified":"2022-10-14 14:38:05","post_modified_gmt":"2022-10-14 12:38:05","post_content_filtered":"","post_parent":0,"guid":"http:\/\/dev.claret.cat\/autor\/arkadi-strugatski\/","menu_order":0,"post_type":"autor","post_mime_type":"","comment_count":"0","filter":"raw"}],"booktrailer":"","resenas":""},"aioseo_notices":[],"_links":{"self":[{"href":"https:\/\/www.claret.cat\/es\/wp-json\/wp\/v2\/product\/219570","targetHints":{"allow":["GET"]}}],"collection":[{"href":"https:\/\/www.claret.cat\/es\/wp-json\/wp\/v2\/product"}],"about":[{"href":"https:\/\/www.claret.cat\/es\/wp-json\/wp\/v2\/types\/product"}],"wp:featuredmedia":[{"embeddable":true,"href":"https:\/\/www.claret.cat\/es\/wp-json\/wp\/v2\/media\/219571"}],"wp:attachment":[{"href":"https:\/\/www.claret.cat\/es\/wp-json\/wp\/v2\/media?parent=219570"}],"wp:term":[{"taxonomy":"product_brand","embeddable":true,"href":"https:\/\/www.claret.cat\/es\/wp-json\/wp\/v2\/product_brand?post=219570"},{"taxonomy":"product_cat","embeddable":true,"href":"https:\/\/www.claret.cat\/es\/wp-json\/wp\/v2\/product_cat?post=219570"},{"taxonomy":"product_tag","embeddable":true,"href":"https:\/\/www.claret.cat\/es\/wp-json\/wp\/v2\/product_tag?post=219570"}],"curies":[{"name":"wp","href":"https:\/\/api.w.org\/{rel}","templated":true}]}}