{"id":219588,"date":"2022-10-20T15:15:15","date_gmt":"2022-10-20T13:15:15","guid":{"rendered":"http:\/\/dev.claret.cat\/producte\/dietas-sanas-para-adelgazar\/"},"modified":"2023-01-28T03:49:14","modified_gmt":"2023-01-28T02:49:14","slug":"dietas-sanas-para-adelgazar-9788466236188","status":"publish","type":"product","link":"https:\/\/www.claret.cat\/es\/libro\/dietas-sanas-para-adelgazar-9788466236188\/","title":{"rendered":"DIETAS SANAS PARA ADELGAZAR"},"content":{"rendered":"<p>Esta gu\u00eda ofrece un estudio completo sobre el funcionamiento del metabolismo humano, los tipos de nutrientes que son necesarios para mantener la salud y las mejores dietas en concreto para lograrlo, adem\u00e1s de un anexo para completar los aspectos nutricionales con otras cuestiones que tambi\u00e9n nos van a ayudar a perder peso, como la actividad f\u00edsica.<\/p>\n","protected":false},"excerpt":{"rendered":"<p>NIETO MART\u00cdNEZ, CARLA<\/p>\n","protected":false},"featured_media":219589,"template":"","meta":{"_acf_changed":false,"om_disable_all_campaigns":false,"rs_blank_template":"","rs_page_bg_color":"","slide_template_v7":"","inline_featured_image":false,"_monsterinsights_skip_tracking":false,"_monsterinsights_sitenote_active":false,"_monsterinsights_sitenote_note":"","_monsterinsights_sitenote_category":0},"product_brand":[],"product_cat":[103],"product_tag":[],"class_list":{"0":"post-219588","1":"product","2":"type-product","3":"status-publish","4":"has-post-thumbnail","6":"product_cat-cuina","8":"first","9":"instock","10":"taxable","11":"shipping-taxable","12":"purchasable","13":"product-type-simple"},"acf":{"autor":"NIETO MART\u00cdNEZ, CARLA","codart":"846623618","libros-coleccion":"FORA DE COL.LECCI\u00d3","ediciones":"1","encuadernacion":"Carton\u00e9","fecha_de_publicacion":"01\/01\/2017","novedad":"1","paginas":"160","subtitulo":"","orden":"0","portada":"0","idioma":"spa","editorial":[{"ID":148442,"post_author":"3","post_date":"2022-10-14 11:58:16","post_date_gmt":"2022-10-14 09:58:16","post_content":"","post_title":"Libsa","post_excerpt":"","post_status":"publish","comment_status":"closed","ping_status":"closed","post_password":"","post_name":"libsa","to_ping":"","pinged":"","post_modified":"2022-10-14 11:58:16","post_modified_gmt":"2022-10-14 09:58:16","post_content_filtered":"","post_parent":0,"guid":"http:\/\/dev.claret.cat\/editorial\/libsa\/","menu_order":0,"post_type":"editorial","post_mime_type":"","comment_count":"0","filter":"raw"}],"autores-libros":[{"ID":152113,"post_author":"3","post_date":"2022-10-14 14:46:12","post_date_gmt":"2022-10-14 12:46:12","post_content":"","post_title":"CARLA NIETO MARTINEZ","post_excerpt":"","post_status":"publish","comment_status":"closed","ping_status":"closed","post_password":"","post_name":"carla-nieto-martinez","to_ping":"","pinged":"","post_modified":"2022-10-14 14:46:12","post_modified_gmt":"2022-10-14 12:46:12","post_content_filtered":"","post_parent":0,"guid":"http:\/\/dev.claret.cat\/autor\/carla-nieto-martinez\/","menu_order":0,"post_type":"autor","post_mime_type":"","comment_count":"0","filter":"raw"}]},"aioseo_notices":[],"_links":{"self":[{"href":"https:\/\/www.claret.cat\/es\/wp-json\/wp\/v2\/product\/219588","targetHints":{"allow":["GET"]}}],"collection":[{"href":"https:\/\/www.claret.cat\/es\/wp-json\/wp\/v2\/product"}],"about":[{"href":"https:\/\/www.claret.cat\/es\/wp-json\/wp\/v2\/types\/product"}],"wp:featuredmedia":[{"embeddable":true,"href":"https:\/\/www.claret.cat\/es\/wp-json\/wp\/v2\/media\/219589"}],"wp:attachment":[{"href":"https:\/\/www.claret.cat\/es\/wp-json\/wp\/v2\/media?parent=219588"}],"wp:term":[{"taxonomy":"product_brand","embeddable":true,"href":"https:\/\/www.claret.cat\/es\/wp-json\/wp\/v2\/product_brand?post=219588"},{"taxonomy":"product_cat","embeddable":true,"href":"https:\/\/www.claret.cat\/es\/wp-json\/wp\/v2\/product_cat?post=219588"},{"taxonomy":"product_tag","embeddable":true,"href":"https:\/\/www.claret.cat\/es\/wp-json\/wp\/v2\/product_tag?post=219588"}],"curies":[{"name":"wp","href":"https:\/\/api.w.org\/{rel}","templated":true}]}}