{"id":219657,"date":"2022-10-20T15:16:51","date_gmt":"2022-10-20T13:16:51","guid":{"rendered":"http:\/\/dev.claret.cat\/producte\/la-guia-michelin-espana-portugal-2017\/"},"modified":"2023-01-28T16:03:43","modified_gmt":"2023-01-28T15:03:43","slug":"la-guia-michelin-espana-portugal-2017-9782067214699","status":"publish","type":"product","link":"https:\/\/www.claret.cat\/es\/libro\/la-guia-michelin-espana-portugal-2017-9782067214699\/","title":{"rendered":"LA GU\u00cdA MICHELIN ESPA\u00d1A &amp; PORTUGAL 2017"},"content":{"rendered":"<p>La gu\u00eda MICHELIN Espa\u00f1a &amp; Portugal 2017 cuenta con una selecci\u00f3n de establecimientos de todas las categor\u00edas de confort y precio, incluyendo restaurantes, hoteles, turismo rural y bares de tapas. Adem\u00e1s, para facilitarnos la elecci\u00f3n, los inspectores de La gu\u00eda MICHELIN nos se\u00f1alan con el pictograma Bib Gourmand los restaurantes que ofrecen una cocina de calidad a menos de 35 euros. <br \/> Y, por supuesto, como es tradicional, La gu\u00eda MICHELIN nos ofrece su selecci\u00f3n de restaurantes con la cocina de mejor calidad de ambos pa\u00edses, que son clasificados mediante las conocidas estrellas de la buena mesa: tres para las cocinas excepcionales, dos para las excelentes y una para las que se consideran muy buenas en su categor\u00eda.<\/p>\n","protected":false},"excerpt":{"rendered":"<p>AA.VV.<\/p>\n","protected":false},"featured_media":219658,"template":"","meta":{"_acf_changed":false,"om_disable_all_campaigns":false,"rs_blank_template":"","rs_page_bg_color":"","slide_template_v7":"","inline_featured_image":false,"_monsterinsights_skip_tracking":false,"_monsterinsights_sitenote_active":false,"_monsterinsights_sitenote_note":"","_monsterinsights_sitenote_category":0},"product_brand":[],"product_cat":[103,107],"product_tag":[],"class_list":{"0":"post-219657","1":"product","2":"type-product","3":"status-publish","4":"has-post-thumbnail","6":"product_cat-cuina","7":"product_cat-guies-de-viatge","9":"first","10":"instock","11":"taxable","12":"shipping-taxable","13":"purchasable","14":"product-type-simple"},"acf":{"autor":"AA.VV.","codart":"206721469","libros-coleccion":"SUSHI BOOKS","ediciones":"1","encuadernacion":"R\u00fastica","fecha_de_publicacion":"01\/01\/2017","novedad":"1","paginas":"893","subtitulo":"","orden":"0","portada":"0","idioma":"spa","editorial":[{"ID":148528,"post_author":"3","post_date":"2022-10-14 11:58:57","post_date_gmt":"2022-10-14 09:58:57","post_content":"","post_title":"MICHELIN ESPA\u00d1A PORTUGAL","post_excerpt":"","post_status":"publish","comment_status":"closed","ping_status":"closed","post_password":"","post_name":"michelin-espana-portugal","to_ping":"","pinged":"","post_modified":"2022-10-14 11:58:57","post_modified_gmt":"2022-10-14 09:58:57","post_content_filtered":"","post_parent":0,"guid":"http:\/\/dev.claret.cat\/editorial\/michelin-espana-portugal\/","menu_order":0,"post_type":"editorial","post_mime_type":"","comment_count":"0","filter":"raw"}],"autores-libros":[{"ID":5199,"post_author":"3","post_date":"2022-07-28 17:16:54","post_date_gmt":"2022-07-28 15:16:54","post_content":"","post_title":"AA.VV.","post_excerpt":"","post_status":"publish","comment_status":"closed","ping_status":"closed","post_password":"","post_name":"aa-vv-3","to_ping":"","pinged":"","post_modified":"2022-07-28 17:16:54","post_modified_gmt":"2022-07-28 15:16:54","post_content_filtered":"","post_parent":0,"guid":"http:\/\/dev.claret.cat\/autor\/aa-vv-3\/","menu_order":0,"post_type":"autor","post_mime_type":"","comment_count":"0","filter":"raw"}]},"aioseo_notices":[],"_links":{"self":[{"href":"https:\/\/www.claret.cat\/es\/wp-json\/wp\/v2\/product\/219657","targetHints":{"allow":["GET"]}}],"collection":[{"href":"https:\/\/www.claret.cat\/es\/wp-json\/wp\/v2\/product"}],"about":[{"href":"https:\/\/www.claret.cat\/es\/wp-json\/wp\/v2\/types\/product"}],"wp:featuredmedia":[{"embeddable":true,"href":"https:\/\/www.claret.cat\/es\/wp-json\/wp\/v2\/media\/219658"}],"wp:attachment":[{"href":"https:\/\/www.claret.cat\/es\/wp-json\/wp\/v2\/media?parent=219657"}],"wp:term":[{"taxonomy":"product_brand","embeddable":true,"href":"https:\/\/www.claret.cat\/es\/wp-json\/wp\/v2\/product_brand?post=219657"},{"taxonomy":"product_cat","embeddable":true,"href":"https:\/\/www.claret.cat\/es\/wp-json\/wp\/v2\/product_cat?post=219657"},{"taxonomy":"product_tag","embeddable":true,"href":"https:\/\/www.claret.cat\/es\/wp-json\/wp\/v2\/product_tag?post=219657"}],"curies":[{"name":"wp","href":"https:\/\/api.w.org\/{rel}","templated":true}]}}