{"id":219729,"date":"2022-10-20T15:18:28","date_gmt":"2022-10-20T13:18:28","guid":{"rendered":"http:\/\/dev.claret.cat\/producte\/la-meva-revolucio-anticancer\/"},"modified":"2024-01-31T17:14:18","modified_gmt":"2024-01-31T16:14:18","slug":"la-meva-revolucio-anticancer-9788466422079","status":"publish","type":"product","link":"https:\/\/www.claret.cat\/es\/libro\/la-meva-revolucio-anticancer-9788466422079\/","title":{"rendered":"LA MEVA REVOLUCI\u00d3 ANTIC\u00c0NCER"},"content":{"rendered":"<p>HOLA! S\u00d3C L&#8217;ODILE, METGESSA, MARE I SUPERVIVENT DE C\u00c0NCER. Vaig superar un c\u00e0ncer d&#8217;ovari amb met\u00e0stasi el 2010. <br \/>El c\u00e0ncer em va transformar, em va ensenyar a VIURE i vaig aprendre a alimentar el meu cos i la meva ment. <br \/>En aquest llibre vull compartir amb tu com va ser la meva revoluci\u00f3 antic\u00e0ncer.<br \/>Un cam\u00ed pr\u00e0ctic i emocional per millorar la teva vida.FEM EL CAM\u00cd PLEGATS? Comparteix la teva revoluci\u00f3 antic\u00e0ncer: #LAMEVAREVOLUCIOANTICANCER<\/p>\n","protected":false},"excerpt":{"rendered":"<p>FERN\u00c1NDEZ, ODILE<\/p>\n","protected":false},"featured_media":219730,"template":"","meta":{"_acf_changed":false,"om_disable_all_campaigns":false,"rs_blank_template":"","rs_page_bg_color":"","slide_template_v7":"","inline_featured_image":false,"_monsterinsights_skip_tracking":false,"_monsterinsights_sitenote_active":false,"_monsterinsights_sitenote_note":"","_monsterinsights_sitenote_category":0},"product_brand":[],"product_cat":[547,97],"product_tag":[],"class_list":{"0":"post-219729","1":"product","2":"type-product","3":"status-publish","4":"has-post-thumbnail","6":"product_cat-salud","7":"product_cat-salut","9":"first","10":"instock","11":"taxable","12":"shipping-taxable","13":"purchasable","14":"product-type-simple"},"acf":{"autor":"FERN\u00c1NDEZ, ODILE","codart":"846642207","libros-coleccion":"NO FICCI\u00d3 COLUMNA","ediciones":"1","encuadernacion":"R\u00fastica","fecha_de_publicacion":"01\/01\/2017","novedad":"1","paginas":"285","subtitulo":"","orden":"0","portada":"0","idioma":"cat","editorial":[{"ID":6166,"post_author":"3","post_date":"2022-07-28 17:46:19","post_date_gmt":"2022-07-28 15:46:19","post_content":"","post_title":"Columna CAT","post_excerpt":"","post_status":"publish","comment_status":"closed","ping_status":"closed","post_password":"","post_name":"columna-cat","to_ping":"","pinged":"","post_modified":"2022-07-28 17:46:19","post_modified_gmt":"2022-07-28 15:46:19","post_content_filtered":"","post_parent":0,"guid":"http:\/\/dev.claret.cat\/editorial\/columna-cat\/","menu_order":0,"post_type":"editorial","post_mime_type":"","comment_count":"0","filter":"raw"}],"autores-libros":[{"ID":166103,"post_author":"3","post_date":"2022-10-14 18:00:27","post_date_gmt":"2022-10-14 16:00:27","post_content":"","post_title":"ODILE FERN\u00c1NDEZ","post_excerpt":"","post_status":"publish","comment_status":"closed","ping_status":"closed","post_password":"","post_name":"odile-fernandez","to_ping":"","pinged":"","post_modified":"2022-10-14 18:00:27","post_modified_gmt":"2022-10-14 16:00:27","post_content_filtered":"","post_parent":0,"guid":"http:\/\/dev.claret.cat\/autor\/odile-fernandez\/","menu_order":0,"post_type":"autor","post_mime_type":"","comment_count":"0","filter":"raw"}]},"aioseo_notices":[],"_links":{"self":[{"href":"https:\/\/www.claret.cat\/es\/wp-json\/wp\/v2\/product\/219729","targetHints":{"allow":["GET"]}}],"collection":[{"href":"https:\/\/www.claret.cat\/es\/wp-json\/wp\/v2\/product"}],"about":[{"href":"https:\/\/www.claret.cat\/es\/wp-json\/wp\/v2\/types\/product"}],"wp:featuredmedia":[{"embeddable":true,"href":"https:\/\/www.claret.cat\/es\/wp-json\/wp\/v2\/media\/219730"}],"wp:attachment":[{"href":"https:\/\/www.claret.cat\/es\/wp-json\/wp\/v2\/media?parent=219729"}],"wp:term":[{"taxonomy":"product_brand","embeddable":true,"href":"https:\/\/www.claret.cat\/es\/wp-json\/wp\/v2\/product_brand?post=219729"},{"taxonomy":"product_cat","embeddable":true,"href":"https:\/\/www.claret.cat\/es\/wp-json\/wp\/v2\/product_cat?post=219729"},{"taxonomy":"product_tag","embeddable":true,"href":"https:\/\/www.claret.cat\/es\/wp-json\/wp\/v2\/product_tag?post=219729"}],"curies":[{"name":"wp","href":"https:\/\/api.w.org\/{rel}","templated":true}]}}