{"id":219765,"date":"2022-10-20T15:19:17","date_gmt":"2022-10-20T13:19:17","guid":{"rendered":"http:\/\/dev.claret.cat\/producte\/un-disparo\/"},"modified":"2025-02-04T18:12:31","modified_gmt":"2025-02-04T17:12:31","slug":"un-disparo-9788490568002","status":"publish","type":"product","link":"https:\/\/www.claret.cat\/es\/libro\/un-disparo-9788490568002\/","title":{"rendered":"UN DISPARO"},"content":{"rendered":"<p>SOLO JACK REACHER PUEDE AVERIGUAR LA VERDAD Parece un d\u00eda m\u00e1s. La multitud va de un lado a otro y nadie se<br \/> fija en los dem\u00e1s&#8230; hasta que alguien saca un rifle, apunta y dispara. Cinco muertos. El rastro que deja el asesino es<br \/> tan evidente que a la polic\u00eda no le cuesta atraparlo. Un caso macabro, pero aparentemente f\u00e1cil de resolver. Lo extra\u00f1o<br \/> es que el detenido solo pide una cosa: que llamen a Jack Reacher, un antiguo militar que vive al margen de las normas<br \/> establecidas. \u00abJack Reacher hace siempre las cosas como nos gustar\u00eda hacerlas a los dem\u00e1s de vez en cuando\u00bb. TOM CRUISE<\/p>\n","protected":false},"excerpt":{"rendered":"<p>CHILD , LEE<\/p>\n","protected":false},"featured_media":219766,"template":"","meta":{"_acf_changed":false,"om_disable_all_campaigns":false,"rs_blank_template":"","rs_page_bg_color":"","slide_template_v7":"","inline_featured_image":false,"_monsterinsights_skip_tracking":false,"_monsterinsights_sitenote_active":false,"_monsterinsights_sitenote_note":"","_monsterinsights_sitenote_category":0},"product_brand":[],"product_cat":[87,353],"product_tag":[],"class_list":{"0":"post-219765","1":"product","2":"type-product","3":"status-publish","4":"has-post-thumbnail","6":"product_cat-literatura","7":"product_cat-literatura-2_humanidades","9":"first","10":"instock","11":"taxable","12":"shipping-taxable","13":"purchasable","14":"product-type-simple"},"acf":{"autor":"CHILD , LEE","codart":"849056800","libros-coleccion":"SUSHI BOOKS","ediciones":"1","encuadernacion":"Carton\u00e9","fecha_de_publicacion":"01\/01\/2017","novedad":"1","paginas":"429","subtitulo":"","orden":"0","portada":"0","idioma":"spa","editorial":[{"ID":148737,"post_author":"3","post_date":"2022-10-14 12:00:35","post_date_gmt":"2022-10-14 10:00:35","post_content":"","post_title":"RBA Libros","post_excerpt":"","post_status":"publish","comment_status":"closed","ping_status":"closed","post_password":"","post_name":"rba-libros","to_ping":"","pinged":"","post_modified":"2022-10-14 12:00:35","post_modified_gmt":"2022-10-14 10:00:35","post_content_filtered":"","post_parent":0,"guid":"http:\/\/dev.claret.cat\/editorial\/rba-libros\/","menu_order":0,"post_type":"editorial","post_mime_type":"","comment_count":"0","filter":"raw"}],"autores-libros":[{"ID":162076,"post_author":"3","post_date":"2022-10-14 17:28:10","post_date_gmt":"2022-10-14 15:28:10","post_content":"","post_title":"LEE CHILD","post_excerpt":"","post_status":"publish","comment_status":"closed","ping_status":"closed","post_password":"","post_name":"lee-child","to_ping":"","pinged":"","post_modified":"2022-10-14 17:28:10","post_modified_gmt":"2022-10-14 15:28:10","post_content_filtered":"","post_parent":0,"guid":"http:\/\/dev.claret.cat\/autor\/lee-child\/","menu_order":0,"post_type":"autor","post_mime_type":"","comment_count":"0","filter":"raw"}]},"aioseo_notices":[],"_links":{"self":[{"href":"https:\/\/www.claret.cat\/es\/wp-json\/wp\/v2\/product\/219765","targetHints":{"allow":["GET"]}}],"collection":[{"href":"https:\/\/www.claret.cat\/es\/wp-json\/wp\/v2\/product"}],"about":[{"href":"https:\/\/www.claret.cat\/es\/wp-json\/wp\/v2\/types\/product"}],"wp:featuredmedia":[{"embeddable":true,"href":"https:\/\/www.claret.cat\/es\/wp-json\/wp\/v2\/media\/219766"}],"wp:attachment":[{"href":"https:\/\/www.claret.cat\/es\/wp-json\/wp\/v2\/media?parent=219765"}],"wp:term":[{"taxonomy":"product_brand","embeddable":true,"href":"https:\/\/www.claret.cat\/es\/wp-json\/wp\/v2\/product_brand?post=219765"},{"taxonomy":"product_cat","embeddable":true,"href":"https:\/\/www.claret.cat\/es\/wp-json\/wp\/v2\/product_cat?post=219765"},{"taxonomy":"product_tag","embeddable":true,"href":"https:\/\/www.claret.cat\/es\/wp-json\/wp\/v2\/product_tag?post=219765"}],"curies":[{"name":"wp","href":"https:\/\/api.w.org\/{rel}","templated":true}]}}