{"id":219978,"date":"2022-10-20T15:24:23","date_gmt":"2022-10-20T13:24:23","guid":{"rendered":"http:\/\/dev.claret.cat\/producte\/mi-primer-libro-de-poesia\/"},"modified":"2023-01-28T14:47:25","modified_gmt":"2023-01-28T13:47:25","slug":"mi-primer-libro-de-poesia-9788469833384","status":"publish","type":"product","link":"https:\/\/www.claret.cat\/es\/libro\/mi-primer-libro-de-poesia-9788469833384\/","title":{"rendered":"MI PRIMER LIBRO DE POES\u00cdA"},"content":{"rendered":"<p>Me gusta jugar con mi gata Renata, con mi drag\u00f3n de trapo o con mi bicicleta. Pero hay veces que no s\u00e9 c\u00f3mo expresar lo que siento, si es mucha alegr\u00eda, o tristeza, o miedo. <br \/> Un d\u00eda, mi padre me dijo que los poetas nos ayudan porque son magos que convierten los sentimientos en versos fant\u00e1sticos. Lo hacen tan bien que, al leer sus poes\u00edas, las emociones se pueden tocar con los dedos del alma.<br \/> Disfruta de esta antolog\u00eda de poetas espa\u00f1oles y latinoamericanos con poes\u00edas de ayer y de hoy seleccionadas por Jos\u00e9 Luis Ferris.<\/p>\n","protected":false},"excerpt":{"rendered":"<p>FERRIS, JOS\u00c9 LUIS<\/p>\n","protected":false},"featured_media":219979,"template":"","meta":{"_acf_changed":false,"om_disable_all_campaigns":false,"rs_blank_template":"","rs_page_bg_color":"","slide_template_v7":"","inline_featured_image":false,"_monsterinsights_skip_tracking":false,"_monsterinsights_sitenote_active":false,"_monsterinsights_sitenote_note":"","_monsterinsights_sitenote_category":0},"product_brand":[],"product_cat":[86],"product_tag":[],"class_list":{"0":"post-219978","1":"product","2":"type-product","3":"status-publish","4":"has-post-thumbnail","6":"product_cat-infantil","8":"first","9":"instock","10":"taxable","11":"shipping-taxable","12":"purchasable","13":"product-type-simple"},"acf":{"autor":"FERRIS, JOS\u00c9 LUIS","codart":"846983338","libros-coleccion":"SUSHI BOOKS","ediciones":"1","encuadernacion":"Carton\u00e9","fecha_de_publicacion":"01\/01\/2017","novedad":"1","paginas":"35","subtitulo":"SELECCI\u00d3N DE JOS\u00c9 LUIS FERRIS","orden":"0","portada":"0","idioma":"spa","editorial":[{"ID":147433,"post_author":"3","post_date":"2022-10-14 11:50:32","post_date_gmt":"2022-10-14 09:50:32","post_content":"","post_title":"ANAYA INFANTIL Y JUVENIL","post_excerpt":"","post_status":"publish","comment_status":"closed","ping_status":"closed","post_password":"","post_name":"anaya-infantil-y-juvenil","to_ping":"","pinged":"","post_modified":"2022-10-14 11:50:32","post_modified_gmt":"2022-10-14 09:50:32","post_content_filtered":"","post_parent":0,"guid":"http:\/\/dev.claret.cat\/editorial\/anaya-infantil-y-juvenil\/","menu_order":0,"post_type":"editorial","post_mime_type":"","comment_count":"0","filter":"raw"}]},"aioseo_notices":[],"_links":{"self":[{"href":"https:\/\/www.claret.cat\/es\/wp-json\/wp\/v2\/product\/219978","targetHints":{"allow":["GET"]}}],"collection":[{"href":"https:\/\/www.claret.cat\/es\/wp-json\/wp\/v2\/product"}],"about":[{"href":"https:\/\/www.claret.cat\/es\/wp-json\/wp\/v2\/types\/product"}],"wp:featuredmedia":[{"embeddable":true,"href":"https:\/\/www.claret.cat\/es\/wp-json\/wp\/v2\/media\/219979"}],"wp:attachment":[{"href":"https:\/\/www.claret.cat\/es\/wp-json\/wp\/v2\/media?parent=219978"}],"wp:term":[{"taxonomy":"product_brand","embeddable":true,"href":"https:\/\/www.claret.cat\/es\/wp-json\/wp\/v2\/product_brand?post=219978"},{"taxonomy":"product_cat","embeddable":true,"href":"https:\/\/www.claret.cat\/es\/wp-json\/wp\/v2\/product_cat?post=219978"},{"taxonomy":"product_tag","embeddable":true,"href":"https:\/\/www.claret.cat\/es\/wp-json\/wp\/v2\/product_tag?post=219978"}],"curies":[{"name":"wp","href":"https:\/\/api.w.org\/{rel}","templated":true}]}}