{"id":219993,"date":"2022-10-20T15:24:45","date_gmt":"2022-10-20T13:24:45","guid":{"rendered":"http:\/\/dev.claret.cat\/producte\/legado-mortal\/"},"modified":"2023-01-28T12:19:11","modified_gmt":"2023-01-28T11:19:11","slug":"legado-mortal-9788401018213","status":"publish","type":"product","link":"https:\/\/www.claret.cat\/es\/libro\/legado-mortal-9788401018213\/","title":{"rendered":"LEGADO MORTAL"},"content":{"rendered":"<p>La reina indiscutible del suspense ha escrito un nuevo cl\u00e1sico para  su biblioteca: una periodista va en busca de su madre biol\u00f3gica mientras  debe cubrir el juicio de una mujer acusada de matar a su rico marido.La reportera de televisi\u00f3n Delaney Wright est\u00e1 a punto de saltar a  la fama por dar la noticia en el informativo de las seis del juicio por  asesinato del que todo el mundo habla. Deber\u00eda estar entusiasmada por el  acontecimiento, pero en realidad solo tiene una cosa en la cabeza: encontrar a su madre biol\u00f3gica.La acusada es Betsy Grant, la viuda de un rico doctor que enferm\u00f3  de alzh\u00e9imer ocho a\u00f1os atr\u00e1s. A pesar de que su  famoso abogado, ahora  en horas bajas, la insta a aceptar la negociaci\u00f3n de la pena, Betsy quiere ir a juicio para demostrar su inocencia.Alan Grant, el hijastro de Betsy, espera con impaciencia la  sentencia, pues su sustanciosa herencia est\u00e1 en el aire y es el \u00fanico  medio que le queda para garantizar el pago a su ex, a sus hijos y a sus agresivos acreedores.A medida que avanza el juicio y se acumulan las pruebas incriminatorias  en contra de Betsy, Delaney est\u00e1 cada vez m\u00e1s convencida de  que no es culpable y est\u00e1 dispuesta a probarlo.Rese\u00f1as:<br \/>\u00abLa reina de la alta tensi\u00f3n.\u00bb<br \/>The New Yorker\u00abUna narradora sin defectos.\u00bb<br \/>The Washington Post Book World\u00abLa gran dama del thriller americano.\u00bb<br \/>Los Angeles Times Book Review<\/p>\n","protected":false},"excerpt":{"rendered":"<p>HIGGINS CLARK,MARY<\/p>\n","protected":false},"featured_media":219994,"template":"","meta":{"_acf_changed":false,"om_disable_all_campaigns":false,"rs_blank_template":"","rs_page_bg_color":"","slide_template_v7":"","inline_featured_image":false,"_monsterinsights_skip_tracking":false,"_monsterinsights_sitenote_active":false,"_monsterinsights_sitenote_note":"","_monsterinsights_sitenote_category":0},"product_brand":[],"product_cat":[87],"product_tag":[],"class_list":{"0":"post-219993","1":"product","2":"type-product","3":"status-publish","4":"has-post-thumbnail","6":"product_cat-literatura","8":"first","9":"instock","10":"taxable","11":"shipping-taxable","12":"purchasable","13":"product-type-simple"},"acf":{"autor":"HIGGINS CLARK,MARY","codart":"840101821","libros-coleccion":"\u00c9XITOS","ediciones":"1","encuadernacion":"Carton\u00e9","fecha_de_publicacion":"01\/01\/2017","novedad":"1","paginas":"298","subtitulo":"","orden":"0","portada":"0","idioma":"spa","editorial":[{"ID":148683,"post_author":"3","post_date":"2022-10-14 12:00:10","post_date_gmt":"2022-10-14 10:00:10","post_content":"","post_title":"PLAZA & JANES","post_excerpt":"","post_status":"publish","comment_status":"closed","ping_status":"closed","post_password":"","post_name":"plaza-janes","to_ping":"","pinged":"","post_modified":"2022-10-14 12:00:10","post_modified_gmt":"2022-10-14 10:00:10","post_content_filtered":"","post_parent":0,"guid":"http:\/\/dev.claret.cat\/editorial\/plaza-janes\/","menu_order":0,"post_type":"editorial","post_mime_type":"","comment_count":"0","filter":"raw"}],"autores-libros":[{"ID":164361,"post_author":"3","post_date":"2022-10-14 17:46:27","post_date_gmt":"2022-10-14 15:46:27","post_content":"","post_title":"MARY HIGGINS CLARK","post_excerpt":"","post_status":"publish","comment_status":"closed","ping_status":"closed","post_password":"","post_name":"mary-higgins-clark","to_ping":"","pinged":"","post_modified":"2022-10-14 17:46:27","post_modified_gmt":"2022-10-14 15:46:27","post_content_filtered":"","post_parent":0,"guid":"http:\/\/dev.claret.cat\/autor\/mary-higgins-clark\/","menu_order":0,"post_type":"autor","post_mime_type":"","comment_count":"0","filter":"raw"}]},"aioseo_notices":[],"_links":{"self":[{"href":"https:\/\/www.claret.cat\/es\/wp-json\/wp\/v2\/product\/219993","targetHints":{"allow":["GET"]}}],"collection":[{"href":"https:\/\/www.claret.cat\/es\/wp-json\/wp\/v2\/product"}],"about":[{"href":"https:\/\/www.claret.cat\/es\/wp-json\/wp\/v2\/types\/product"}],"wp:featuredmedia":[{"embeddable":true,"href":"https:\/\/www.claret.cat\/es\/wp-json\/wp\/v2\/media\/219994"}],"wp:attachment":[{"href":"https:\/\/www.claret.cat\/es\/wp-json\/wp\/v2\/media?parent=219993"}],"wp:term":[{"taxonomy":"product_brand","embeddable":true,"href":"https:\/\/www.claret.cat\/es\/wp-json\/wp\/v2\/product_brand?post=219993"},{"taxonomy":"product_cat","embeddable":true,"href":"https:\/\/www.claret.cat\/es\/wp-json\/wp\/v2\/product_cat?post=219993"},{"taxonomy":"product_tag","embeddable":true,"href":"https:\/\/www.claret.cat\/es\/wp-json\/wp\/v2\/product_tag?post=219993"}],"curies":[{"name":"wp","href":"https:\/\/api.w.org\/{rel}","templated":true}]}}