{"id":220008,"date":"2022-10-20T15:25:06","date_gmt":"2022-10-20T13:25:06","guid":{"rendered":"http:\/\/dev.claret.cat\/producte\/el-cardenal-jose-maria-bueno-monreal\/"},"modified":"2023-01-28T06:52:17","modified_gmt":"2023-01-28T05:52:17","slug":"el-cardenal-jose-maria-bueno-monreal-9788422019350","status":"publish","type":"product","link":"https:\/\/www.claret.cat\/es\/libro\/el-cardenal-jose-maria-bueno-monreal-9788422019350\/","title":{"rendered":"EL CARDENAL JOS\u00c9 MAR\u00cdA BUENO MONREAL"},"content":{"rendered":"<p>La Iglesia no necesita apologetas de sus causas, ni abanderados de sus guerras&#8230; sino obipos-pastores pr\u00f3ximos a la gente&#8230; que sean d\u00f3ciles, tranquilos y misericordiosos (Papa Francisco). Esto lo realiz\u00f3 perfectamente el Cardenal Arzobispo de Sevilla, D. Jos\u00e9 Mar\u00eda Bueno Monreal<\/p>\n<p>Fue nombrao cardenal por Juan XXIII, en el Concilio Vaticano II y se mostr\u00f3 en cabeza del conjunto minoritario reformista en episcopado espa\u00f1ol. En el tiempo del Postconcilio, dedic\u00f3  sus mayores esfuerzos (S\u00ednodo Hispalense, Asamblea Conjunta, Centro de Estudios Teol\u00f3gicos&#8230;) a sembrar en Sevilla, y en el resto del estado espa\u00f1ol, el contenido de los documentos del Concilio. Su influencia fue primordial en las relaciones Iglesia-Estado, que guiaron hacia una transformaci\u00f3n del r\u00e9gimen del caudillo, m\u00e1s en la l\u00ednea con los sistemas de libertad y dem\u00f3cratas que imperaban en los pa\u00edses de Europa de nuestro alrededor. En los tiempos de crisis del clero y secularizaciones, se demostr\u00f3, con la forma de tratar a sus sacerdotes, el intenso humanismo cristiano del cardenal, el mismo al que Jacques Maritain hab\u00eda declarado como humanismo integral, y del que Juan Pablo II dijo que \u00abestaba fundado en el reconocimiento de la verdadera dignidad y de los derechos del hombre\u00bb.<\/p>\n","protected":false},"excerpt":{"rendered":"<p>JIM\u00c9NEZ BLASCO, JULIO<\/p>\n","protected":false},"featured_media":220009,"template":"","meta":{"_acf_changed":false,"om_disable_all_campaigns":false,"rs_blank_template":"","rs_page_bg_color":"","slide_template_v7":"","inline_featured_image":false,"_monsterinsights_skip_tracking":false,"_monsterinsights_sitenote_active":false,"_monsterinsights_sitenote_note":"","_monsterinsights_sitenote_category":0},"product_brand":[],"product_cat":[99,93],"product_tag":[],"class_list":{"0":"post-220008","1":"product","2":"type-product","3":"status-publish","4":"has-post-thumbnail","6":"product_cat-biografies","7":"product_cat-eclesiologia","9":"first","10":"instock","11":"taxable","12":"shipping-taxable","13":"purchasable","14":"product-type-simple"},"acf":{"autor":"JIM\u00c9NEZ BLASCO, JULIO","codart":"842201935","libros-coleccion":"FUERA DE COLECCI\u00d3N","ediciones":"1","encuadernacion":"Carpeta","fecha_de_publicacion":"01\/01\/2017","novedad":"1","paginas":"767","subtitulo":"","orden":"0","portada":"0","idioma":"spa","editorial":[{"ID":147543,"post_author":"3","post_date":"2022-10-14 11:51:22","post_date_gmt":"2022-10-14 09:51:22","post_content":"","post_title":"BIBLIOTECA DE AUTORES CRISTIANOS. BAC","post_excerpt":"","post_status":"publish","comment_status":"closed","ping_status":"closed","post_password":"","post_name":"biblioteca-de-autores-cristianos-bac","to_ping":"","pinged":"","post_modified":"2022-10-14 11:51:22","post_modified_gmt":"2022-10-14 09:51:22","post_content_filtered":"","post_parent":0,"guid":"http:\/\/dev.claret.cat\/editorial\/biblioteca-de-autores-cristianos-bac\/","menu_order":0,"post_type":"editorial","post_mime_type":"","comment_count":"0","filter":"raw"}],"autores-libros":[{"ID":161335,"post_author":"3","post_date":"2022-10-14 17:17:23","post_date_gmt":"2022-10-14 15:17:23","post_content":"","post_title":"JULIO JIM\u00c9NEZ BLASCO","post_excerpt":"","post_status":"publish","comment_status":"closed","ping_status":"closed","post_password":"","post_name":"julio-jimenez-blasco","to_ping":"","pinged":"","post_modified":"2022-10-14 17:17:23","post_modified_gmt":"2022-10-14 15:17:23","post_content_filtered":"","post_parent":0,"guid":"http:\/\/dev.claret.cat\/autor\/julio-jimenez-blasco\/","menu_order":0,"post_type":"autor","post_mime_type":"","comment_count":"0","filter":"raw"}]},"aioseo_notices":[],"_links":{"self":[{"href":"https:\/\/www.claret.cat\/es\/wp-json\/wp\/v2\/product\/220008","targetHints":{"allow":["GET"]}}],"collection":[{"href":"https:\/\/www.claret.cat\/es\/wp-json\/wp\/v2\/product"}],"about":[{"href":"https:\/\/www.claret.cat\/es\/wp-json\/wp\/v2\/types\/product"}],"wp:featuredmedia":[{"embeddable":true,"href":"https:\/\/www.claret.cat\/es\/wp-json\/wp\/v2\/media\/220009"}],"wp:attachment":[{"href":"https:\/\/www.claret.cat\/es\/wp-json\/wp\/v2\/media?parent=220008"}],"wp:term":[{"taxonomy":"product_brand","embeddable":true,"href":"https:\/\/www.claret.cat\/es\/wp-json\/wp\/v2\/product_brand?post=220008"},{"taxonomy":"product_cat","embeddable":true,"href":"https:\/\/www.claret.cat\/es\/wp-json\/wp\/v2\/product_cat?post=220008"},{"taxonomy":"product_tag","embeddable":true,"href":"https:\/\/www.claret.cat\/es\/wp-json\/wp\/v2\/product_tag?post=220008"}],"curies":[{"name":"wp","href":"https:\/\/api.w.org\/{rel}","templated":true}]}}