{"id":220326,"date":"2022-10-20T15:32:41","date_gmt":"2022-10-20T13:32:41","guid":{"rendered":"http:\/\/dev.claret.cat\/producte\/el-poder-de-la-atraccion-n-e\/"},"modified":"2023-01-28T01:48:34","modified_gmt":"2023-01-28T00:48:34","slug":"el-poder-de-la-atraccion-ne-9788491111825","status":"publish","type":"product","link":"https:\/\/www.claret.cat\/es\/libro\/el-poder-de-la-atraccion-ne-9788491111825\/","title":{"rendered":"EL PODER DE LA ATRACCI\u00d3N (N.E.)"},"content":{"rendered":"<p>\u00bfAcostumbras a trabajar duramente, a hacer todo de forma correcta y, aun as\u00ed, pocas veces  consigues los resultados que esperas? Mientras luchas para llegar a fin de mes, \u00bfdeseas ser una de esas personas afortunadas a las que parece que la vida les sonr\u00ede siempre y que tienen el \u00e9xito al alcance de la mano? En realidad, t\u00fa podr\u00edas ser una de ellas.<\/p>\n<p> Con una visi\u00f3n clara que nace en el coraz\u00f3n, El poder de la atracci\u00f3n presenta an\u00e9cdotas de la extraordinaria saga de Joe Vitale en su b\u00fasqueda de la riqueza, as\u00ed como conmovedoras historias de muchas de las personas a las que ha guiado hacia su paz interior y opulencia exterior. El autor te conducir\u00e1 sutilmente a trav\u00e9s de cinco sencillos pasos que har\u00e1n posible que todos tus sue\u00f1os se hagan realidad. <\/p>\n<p> Con bastante humor y un cari\u00f1oso est\u00edmulo, Joe Vitale te demuestra lo f\u00e1cil que te resultar\u00e1 conseguir amor, salud, prosperidad y crecimiento.<\/p>\n","protected":false},"excerpt":{"rendered":"<p>VITALE, JOE<\/p>\n","protected":false},"featured_media":220327,"template":"","meta":{"_acf_changed":false,"om_disable_all_campaigns":false,"rs_blank_template":"","rs_page_bg_color":"","slide_template_v7":"","inline_featured_image":false,"_monsterinsights_skip_tracking":false,"_monsterinsights_sitenote_active":false,"_monsterinsights_sitenote_note":"","_monsterinsights_sitenote_category":0},"product_brand":[],"product_cat":[81],"product_tag":[],"class_list":{"0":"post-220326","1":"product","2":"type-product","3":"status-publish","4":"has-post-thumbnail","6":"product_cat-psicologia","8":"first","9":"instock","10":"taxable","11":"shipping-taxable","12":"purchasable","13":"product-type-simple"},"acf":{"autor":"VITALE, JOE","codart":"849111182","libros-coleccion":"SUSHI BOOKS","ediciones":"1","encuadernacion":"R\u00fastica","fecha_de_publicacion":"01\/01\/2017","novedad":"1","paginas":"297","subtitulo":"","orden":"0","portada":"0","idioma":"spa","editorial":[{"ID":147839,"post_author":"3","post_date":"2022-10-14 11:53:36","post_date_gmt":"2022-10-14 09:53:36","post_content":"","post_title":"EDICIONES OBELISCO","post_excerpt":"","post_status":"publish","comment_status":"closed","ping_status":"closed","post_password":"","post_name":"ediciones-obelisco","to_ping":"","pinged":"","post_modified":"2022-10-14 11:53:36","post_modified_gmt":"2022-10-14 09:53:36","post_content_filtered":"","post_parent":0,"guid":"http:\/\/dev.claret.cat\/editorial\/ediciones-obelisco\/","menu_order":0,"post_type":"editorial","post_mime_type":"","comment_count":"0","filter":"raw"}],"autores-libros":[{"ID":159568,"post_author":"3","post_date":"2022-10-14 15:45:55","post_date_gmt":"2022-10-14 13:45:55","post_content":"","post_title":"JOE VITALE","post_excerpt":"","post_status":"publish","comment_status":"closed","ping_status":"closed","post_password":"","post_name":"joe-vitale","to_ping":"","pinged":"","post_modified":"2022-10-14 15:45:55","post_modified_gmt":"2022-10-14 13:45:55","post_content_filtered":"","post_parent":0,"guid":"http:\/\/dev.claret.cat\/autor\/joe-vitale\/","menu_order":0,"post_type":"autor","post_mime_type":"","comment_count":"0","filter":"raw"}]},"aioseo_notices":[],"_links":{"self":[{"href":"https:\/\/www.claret.cat\/es\/wp-json\/wp\/v2\/product\/220326","targetHints":{"allow":["GET"]}}],"collection":[{"href":"https:\/\/www.claret.cat\/es\/wp-json\/wp\/v2\/product"}],"about":[{"href":"https:\/\/www.claret.cat\/es\/wp-json\/wp\/v2\/types\/product"}],"wp:featuredmedia":[{"embeddable":true,"href":"https:\/\/www.claret.cat\/es\/wp-json\/wp\/v2\/media\/220327"}],"wp:attachment":[{"href":"https:\/\/www.claret.cat\/es\/wp-json\/wp\/v2\/media?parent=220326"}],"wp:term":[{"taxonomy":"product_brand","embeddable":true,"href":"https:\/\/www.claret.cat\/es\/wp-json\/wp\/v2\/product_brand?post=220326"},{"taxonomy":"product_cat","embeddable":true,"href":"https:\/\/www.claret.cat\/es\/wp-json\/wp\/v2\/product_cat?post=220326"},{"taxonomy":"product_tag","embeddable":true,"href":"https:\/\/www.claret.cat\/es\/wp-json\/wp\/v2\/product_tag?post=220326"}],"curies":[{"name":"wp","href":"https:\/\/api.w.org\/{rel}","templated":true}]}}