{"id":220353,"date":"2022-10-20T15:33:20","date_gmt":"2022-10-20T13:33:20","guid":{"rendered":"http:\/\/dev.claret.cat\/producte\/un-misterio-en-toledo\/"},"modified":"2023-01-28T17:22:00","modified_gmt":"2023-01-28T16:22:00","slug":"un-misterio-en-toledo-9788466660488","status":"publish","type":"product","link":"https:\/\/www.claret.cat\/es\/libro\/un-misterio-en-toledo-9788466660488\/","title":{"rendered":"UN MISTERIO EN TOLEDO"},"content":{"rendered":"<p>La fascinante nueva novela de Perry protagonizada por Charlotte y Thomas Pitt nos invita a volver al Londres victoriano, donde la abaricia y la ambici\u00f3n nunca descansan y las pasiones a veces se desbordan.<br \/> El siglo XIX alcanza su fin y la mayor parte Europa est\u00e1 sumida en una intensa crisis pol\u00edtica. Las amenazas de los terroristas proliferan y asuelan el viejo continente. En este contexto, Sof\u00eda Delacruz llega a Londres procedente de Espa\u00f1a para predicar un evangelio revolucionario de amor y saber perdonar que muchos consideran una blasfem\u00eda. Thomas Pitt es encargado de proteger a Sof\u00eda&hellip; y tambi\u00e9n al gobierno de Su Majestad de cualquier acontecimiento bochornoso que esa mujer &ndash;tan hermosa como carism\u00e1tica&ndash; pudiera causar.<br \/> De pronto Sof\u00eda desaparece y dos de sus seguidoras son salvajemente asesinadas, Pitt se enfrenta a su m\u00e1s importante desaf\u00edo. \u00bfAcaso Barton Hall, el acaudalado primo banquero de Sof\u00eda, est\u00e1 involucrado de alguna forma? Y \u00bfpor qu\u00e9 Dalton Trague, la estrella del cr\u00edquet, se ha deslizado dentro de la investigaci\u00f3n de Pitt? Temeroso de que estos hechos pudieran desencadenar un incidente diplom\u00e1tico, Pitt acepta la colaboraci\u00f3n de tres aliados: su inteligente mujer Charlotte, su t\u00eda abuela lady Vespasia y su amigo Victor Narraway.<br \/> Desde las laber\u00ednticas calles de Toledo y un solitario monasterio en Espa\u00f1a, hasta los muelles londinenses, Pitt y sus amigos libran una carrera contra el reloj en un intento desesperado de descubrr a un asesino.<br \/> \u00abUna novela brillante y emocionante.\u00bbRT Book Reviews<br \/> \u00abPerry conjuga los debates intelectuales de la \u00e9poca con una trama plena de suspense.\u00bbPublishers Weekly<br \/> \u00abAnne Perry jam\u00e1s decepciona.\u00bbBookreporter<br \/> \u00abRetrata la \u00e9poca a la perfecci\u00f3n, creando personajes realistas y una tensi\u00f3n sin fisuras.\u00bbHistorical Novels Review<br \/> \u00abUna mirada contempor\u00e1nea sobre la sociedad de preguerra.\u00bbSt. Louis Post-Dispatch<br \/> \u00abPerry ha perfeccionado su exquisito toque personal.\u00bbThe New York Times Book Review<br \/> \u00abDilucida con maestr\u00eda los males de la \u00e9poca victoriana.\u00bbBooklist<\/p>\n","protected":false},"excerpt":{"rendered":"<p>PERRY, ANNE<\/p>\n","protected":false},"featured_media":220354,"template":"","meta":{"_acf_changed":false,"om_disable_all_campaigns":false,"rs_blank_template":"","rs_page_bg_color":"","slide_template_v7":"","inline_featured_image":false,"_monsterinsights_skip_tracking":false,"_monsterinsights_sitenote_active":false,"_monsterinsights_sitenote_note":"","_monsterinsights_sitenote_category":0},"product_brand":[],"product_cat":[87],"product_tag":[],"class_list":{"0":"post-220353","1":"product","2":"type-product","3":"status-publish","4":"has-post-thumbnail","6":"product_cat-literatura","8":"first","9":"instock","10":"taxable","11":"shipping-taxable","12":"purchasable","13":"product-type-simple"},"acf":{"autor":"PERRY, ANNE","codart":"846666048","libros-coleccion":"SUSHI BOOKS","ediciones":"1","encuadernacion":"R\u00fastica","fecha_de_publicacion":"01\/01\/2017","novedad":"1","paginas":"351","subtitulo":"SERIE CHARLOTTE & THOMAS PITT","orden":"0","portada":"0","idioma":"spa","autores-libros":[{"ID":150707,"post_author":"3","post_date":"2022-10-14 14:35:06","post_date_gmt":"2022-10-14 12:35:06","post_content":"","post_title":"ANNE PERRY","post_excerpt":"","post_status":"publish","comment_status":"closed","ping_status":"closed","post_password":"","post_name":"anne-perry","to_ping":"","pinged":"","post_modified":"2022-10-14 14:35:06","post_modified_gmt":"2022-10-14 12:35:06","post_content_filtered":"","post_parent":0,"guid":"http:\/\/dev.claret.cat\/autor\/anne-perry\/","menu_order":0,"post_type":"autor","post_mime_type":"","comment_count":"0","filter":"raw"}]},"aioseo_notices":[],"_links":{"self":[{"href":"https:\/\/www.claret.cat\/es\/wp-json\/wp\/v2\/product\/220353","targetHints":{"allow":["GET"]}}],"collection":[{"href":"https:\/\/www.claret.cat\/es\/wp-json\/wp\/v2\/product"}],"about":[{"href":"https:\/\/www.claret.cat\/es\/wp-json\/wp\/v2\/types\/product"}],"wp:featuredmedia":[{"embeddable":true,"href":"https:\/\/www.claret.cat\/es\/wp-json\/wp\/v2\/media\/220354"}],"wp:attachment":[{"href":"https:\/\/www.claret.cat\/es\/wp-json\/wp\/v2\/media?parent=220353"}],"wp:term":[{"taxonomy":"product_brand","embeddable":true,"href":"https:\/\/www.claret.cat\/es\/wp-json\/wp\/v2\/product_brand?post=220353"},{"taxonomy":"product_cat","embeddable":true,"href":"https:\/\/www.claret.cat\/es\/wp-json\/wp\/v2\/product_cat?post=220353"},{"taxonomy":"product_tag","embeddable":true,"href":"https:\/\/www.claret.cat\/es\/wp-json\/wp\/v2\/product_tag?post=220353"}],"curies":[{"name":"wp","href":"https:\/\/api.w.org\/{rel}","templated":true}]}}