{"id":220368,"date":"2022-10-20T15:33:39","date_gmt":"2022-10-20T13:33:39","guid":{"rendered":"http:\/\/dev.claret.cat\/producte\/no-quiero-ir-a-dormir-2\/"},"modified":"2023-01-28T08:53:25","modified_gmt":"2023-01-28T07:53:25","slug":"no-quiero-ir-a-dormir-9788491450290","status":"publish","type":"product","link":"https:\/\/www.claret.cat\/es\/libro\/no-quiero-ir-a-dormir-9788491450290\/","title":{"rendered":"NO QUIERO&#8230; IR A DORMIR"},"content":{"rendered":"<p>Con la serie de cuentos: \u00abNo quiero&#8230;\u00bb, las rabietas de los ni\u00f1os a la hora de tomar la sopa, darse un ba\u00f1o, ir a la escuela o ponerse a dormir desaparecer\u00e1n por completo.<br \/> Gracias a la ayuda de unos amigos muy, muy especiales, los berrinches se olvidar\u00e1n \u00a1y s\u00f3lo habr\u00e1 momentos llenos de diversi\u00f3n y entusiasmo!<\/p>\n<p> Irse a la cama puede ser un verdadero conflicto y  desencadenar  adem\u00e1s terribles pataletas. De la mano de Mar\u00eda, los ni\u00f1os comprender\u00e1n la importancia que tiene dormir bien, e irse a la cama ya no les supondr\u00e1 un esfuerzo.<\/p>\n","protected":false},"excerpt":{"rendered":"<p>OOM, ANA<\/p>\n","protected":false},"featured_media":220369,"template":"","meta":{"_acf_changed":false,"om_disable_all_campaigns":false,"rs_blank_template":"","rs_page_bg_color":"","slide_template_v7":"","inline_featured_image":false,"_monsterinsights_skip_tracking":false,"_monsterinsights_sitenote_active":false,"_monsterinsights_sitenote_note":"","_monsterinsights_sitenote_category":0},"product_brand":[],"product_cat":[86],"product_tag":[],"class_list":{"0":"post-220368","1":"product","2":"type-product","3":"status-publish","4":"has-post-thumbnail","6":"product_cat-infantil","8":"first","9":"instock","10":"taxable","11":"shipping-taxable","12":"purchasable","13":"product-type-simple"},"acf":{"autor":"OOM, ANA","codart":"849145029","libros-coleccion":"PICARONA","ediciones":"1","encuadernacion":"Carton\u00e9","fecha_de_publicacion":"01\/01\/2017","novedad":"1","paginas":"29","subtitulo":"","orden":"0","portada":"0","idioma":"spa","editorial":[{"ID":6329,"post_author":"3","post_date":"2022-07-28 17:49:51","post_date_gmt":"2022-07-28 15:49:51","post_content":"","post_title":"PICARONA","post_excerpt":"","post_status":"publish","comment_status":"closed","ping_status":"closed","post_password":"","post_name":"picarona","to_ping":"","pinged":"","post_modified":"2022-07-28 17:49:51","post_modified_gmt":"2022-07-28 15:49:51","post_content_filtered":"","post_parent":0,"guid":"http:\/\/dev.claret.cat\/editorial\/picarona\/","menu_order":0,"post_type":"editorial","post_mime_type":"","comment_count":"0","filter":"raw"}]},"aioseo_notices":[],"_links":{"self":[{"href":"https:\/\/www.claret.cat\/es\/wp-json\/wp\/v2\/product\/220368","targetHints":{"allow":["GET"]}}],"collection":[{"href":"https:\/\/www.claret.cat\/es\/wp-json\/wp\/v2\/product"}],"about":[{"href":"https:\/\/www.claret.cat\/es\/wp-json\/wp\/v2\/types\/product"}],"wp:featuredmedia":[{"embeddable":true,"href":"https:\/\/www.claret.cat\/es\/wp-json\/wp\/v2\/media\/220369"}],"wp:attachment":[{"href":"https:\/\/www.claret.cat\/es\/wp-json\/wp\/v2\/media?parent=220368"}],"wp:term":[{"taxonomy":"product_brand","embeddable":true,"href":"https:\/\/www.claret.cat\/es\/wp-json\/wp\/v2\/product_brand?post=220368"},{"taxonomy":"product_cat","embeddable":true,"href":"https:\/\/www.claret.cat\/es\/wp-json\/wp\/v2\/product_cat?post=220368"},{"taxonomy":"product_tag","embeddable":true,"href":"https:\/\/www.claret.cat\/es\/wp-json\/wp\/v2\/product_tag?post=220368"}],"curies":[{"name":"wp","href":"https:\/\/api.w.org\/{rel}","templated":true}]}}