{"id":220617,"date":"2022-10-20T15:39:16","date_gmt":"2022-10-20T13:39:16","guid":{"rendered":"http:\/\/dev.claret.cat\/producte\/soldados-de-salamina-2\/"},"modified":"2023-01-28T20:49:26","modified_gmt":"2023-01-28T19:49:26","slug":"soldados-de-salamina-9788439730309","status":"publish","type":"product","link":"https:\/\/www.claret.cat\/es\/libro\/soldados-de-salamina-9788439730309\/","title":{"rendered":"SOLDADOS DE SALAMINA"},"content":{"rendered":"<p>Nueva edici\u00f3n de Soldados de Salamina, novela imprescindible  del siglo XXI, revisada a fondo por el autor y rematada por un esclarecedor ep\u00edlogo escrito por \u00e9l mismo. A finales de enero de 1939, apenas dos meses antes del final de la  guerra civil, un grupo de prisioneros franquistas es fusilado cerca la  frontera francesa por soldados republicanos que huyen hacia el exilio. Entre esos prisioneros se halla Rafael S\u00e1nchez Mazas, fundador e ide\u00f3logo de la Falange, poeta y futuro ministro de Franco, quien  consigue milagrosamente escapar y ocultarse en el bosque mientras los  republicanos lo persiguen; hasta que un soldado lo descubre, lo enca\u00f1ona y, mir\u00e1ndolo a los ojos, le perdona la vida. Sesenta a\u00f1os m\u00e1s tarde, un novelista fracasado descubre por azar este  enterrado episodio b\u00e9lico y, fascinado por \u00e9l, emprende una investigaci\u00f3n para aclarar sus circunstancias y desentra\u00f1ar su significado. \u00bfQui\u00e9n era de verdad Rafael S\u00e1nchez Mazas? \u00bfCu\u00e1l fue su verdadera peripecia de guerra? \u00bfQui\u00e9n fue el soldado que le dej\u00f3 escapar? \u00bfY por qu\u00e9 lo hizo? \u00bfQu\u00e9 secreto escond\u00eda su mirada? Novela revolucionaria y deslumbrante, Soldados de Salamina cosech\u00f3 un extraordinario \u00e9xito de cr\u00edtica y p\u00fablico y catapult\u00f3 la carrera de uno de los novelistas m\u00e1s prestigiosos de la actual narrativa espa\u00f1ola. Desde entonces no ha dejado de leerse en todo el mundo con creciente  admiraci\u00f3n y catorce a\u00f1os m\u00e1s tarde sigue siendo, como afirm\u00f3 Mario Vargas Llosa, \u00abuna de las grandes novelas de nuestro tiempo\u00bb.Grandes autores opinan&#8230;<br \/>\u00abUna obra maestra.\u00bb<br \/>Kenzaburo O\u00e9\u00abUn libro maravilloso.\u00bb<br \/>Susan Sontag\u00abUna de las novelas fundamentales de nuestro tiempo.\u00bb<br \/>Mario Vargas Llosa\u00abDeber\u00eda convertirse en un cl\u00e1sico.\u00bb<br \/>George Steiner<\/p>\n","protected":false},"excerpt":{"rendered":"<p>CERCAS, JAVIER<\/p>\n","protected":false},"featured_media":220618,"template":"","meta":{"_acf_changed":false,"om_disable_all_campaigns":false,"rs_blank_template":"","rs_page_bg_color":"","slide_template_v7":"","inline_featured_image":false,"_monsterinsights_skip_tracking":false,"_monsterinsights_sitenote_active":false,"_monsterinsights_sitenote_note":"","_monsterinsights_sitenote_category":0},"product_brand":[],"product_cat":[87],"product_tag":[],"class_list":{"0":"post-220617","1":"product","2":"type-product","3":"status-publish","4":"has-post-thumbnail","6":"product_cat-literatura","8":"first","9":"instock","10":"taxable","11":"shipping-taxable","12":"purchasable","13":"product-type-simple"},"acf":{"autor":"CERCAS, JAVIER","codart":"843973030","libros-coleccion":"Literatura Random House","ediciones":"1","encuadernacion":"Carton\u00e9","fecha_de_publicacion":"01\/01\/2017","novedad":"1","paginas":"206","subtitulo":"","orden":"0","portada":"0","idioma":"spa","editorial":[{"ID":6290,"post_author":"3","post_date":"2022-07-28 17:49:01","post_date_gmt":"2022-07-28 15:49:01","post_content":"","post_title":"LITERATURA RANDOM HOUSE","post_excerpt":"","post_status":"publish","comment_status":"closed","ping_status":"closed","post_password":"","post_name":"literatura-random-house","to_ping":"","pinged":"","post_modified":"2022-07-28 17:49:01","post_modified_gmt":"2022-07-28 15:49:01","post_content_filtered":"","post_parent":0,"guid":"http:\/\/dev.claret.cat\/editorial\/literatura-random-house\/","menu_order":0,"post_type":"editorial","post_mime_type":"","comment_count":"0","filter":"raw"}],"autores-libros":[{"ID":158686,"post_author":"3","post_date":"2022-10-14 15:38:49","post_date_gmt":"2022-10-14 13:38:49","post_content":"","post_title":"JAVIER CERCAS","post_excerpt":"","post_status":"publish","comment_status":"closed","ping_status":"closed","post_password":"","post_name":"javier-cercas","to_ping":"","pinged":"","post_modified":"2022-10-14 15:38:49","post_modified_gmt":"2022-10-14 13:38:49","post_content_filtered":"","post_parent":0,"guid":"http:\/\/dev.claret.cat\/autor\/javier-cercas\/","menu_order":0,"post_type":"autor","post_mime_type":"","comment_count":"0","filter":"raw"}]},"aioseo_notices":[],"_links":{"self":[{"href":"https:\/\/www.claret.cat\/es\/wp-json\/wp\/v2\/product\/220617","targetHints":{"allow":["GET"]}}],"collection":[{"href":"https:\/\/www.claret.cat\/es\/wp-json\/wp\/v2\/product"}],"about":[{"href":"https:\/\/www.claret.cat\/es\/wp-json\/wp\/v2\/types\/product"}],"wp:featuredmedia":[{"embeddable":true,"href":"https:\/\/www.claret.cat\/es\/wp-json\/wp\/v2\/media\/220618"}],"wp:attachment":[{"href":"https:\/\/www.claret.cat\/es\/wp-json\/wp\/v2\/media?parent=220617"}],"wp:term":[{"taxonomy":"product_brand","embeddable":true,"href":"https:\/\/www.claret.cat\/es\/wp-json\/wp\/v2\/product_brand?post=220617"},{"taxonomy":"product_cat","embeddable":true,"href":"https:\/\/www.claret.cat\/es\/wp-json\/wp\/v2\/product_cat?post=220617"},{"taxonomy":"product_tag","embeddable":true,"href":"https:\/\/www.claret.cat\/es\/wp-json\/wp\/v2\/product_tag?post=220617"}],"curies":[{"name":"wp","href":"https:\/\/api.w.org\/{rel}","templated":true}]}}