{"id":220689,"date":"2022-10-20T15:40:55","date_gmt":"2022-10-20T13:40:55","guid":{"rendered":"http:\/\/dev.claret.cat\/producte\/requiem-por-el-sueno-americano\/"},"modified":"2023-01-28T13:43:09","modified_gmt":"2023-01-28T12:43:09","slug":"requiem-por-el-sueno-americano-9788416677504","status":"publish","type":"product","link":"https:\/\/www.claret.cat\/es\/libro\/requiem-por-el-sueno-americano-9788416677504\/","title":{"rendered":"R\u00c9QUIEM POR EL SUE\u00d1O AMERICANO"},"content":{"rendered":"<p>Chomsky disecciona los diez principios fundamentales de la concentraci\u00f3n de la riqueza y el poder en Estados Unidos, que a efectos pr\u00e1cticos han secuestrado la democracia en favor de los intereses de una \u00e9lite pol\u00edticofinanciera, sumiendo a un gran porcentaje de la poblaci\u00f3n en la miseria y desesperanza m\u00e1s absolutas. Con su habitual agudeza, Chomsky muestra c\u00f3mo los principales excesos y rasgos espeluznantes de la realidad estadounidense forman parte de una estrategia integral por parte de la casta dominante para aferrarse al poder y a los privilegios que \u00e9ste conlleva.<\/p>\n","protected":false},"excerpt":{"rendered":"<p>CHOMSKY, NOAM<\/p>\n","protected":false},"featured_media":220690,"template":"","meta":{"_acf_changed":false,"om_disable_all_campaigns":false,"rs_blank_template":"","rs_page_bg_color":"","slide_template_v7":"","inline_featured_image":false,"_monsterinsights_skip_tracking":false,"_monsterinsights_sitenote_active":false,"_monsterinsights_sitenote_note":"","_monsterinsights_sitenote_category":0},"product_brand":[],"product_cat":[85],"product_tag":[],"class_list":{"0":"post-220689","1":"product","2":"type-product","3":"status-publish","4":"has-post-thumbnail","6":"product_cat-historia","8":"first","9":"instock","10":"taxable","11":"shipping-taxable","12":"purchasable","13":"product-type-simple"},"acf":{"autor":"CHOMSKY, NOAM","codart":"841667750","libros-coleccion":"Ensayo","ediciones":"1","encuadernacion":"R\u00fastica","fecha_de_publicacion":"01\/01\/2017","novedad":"1","paginas":"160","subtitulo":"LOS DIEZ PRINCIPIOS DE LA CONCENTRACI\u00d3N DE LA RIQUEZA Y EL PODER","orden":"0","portada":"0","idioma":"spa","editorial":[{"ID":148808,"post_author":"3","post_date":"2022-10-14 12:01:09","post_date_gmt":"2022-10-14 10:01:09","post_content":"","post_title":"SEXTO PISO EDITORIAL ( ESPA\u00d1A)","post_excerpt":"","post_status":"publish","comment_status":"closed","ping_status":"closed","post_password":"","post_name":"sexto-piso-editorial-espana","to_ping":"","pinged":"","post_modified":"2022-10-14 12:01:09","post_modified_gmt":"2022-10-14 10:01:09","post_content_filtered":"","post_parent":0,"guid":"http:\/\/dev.claret.cat\/editorial\/sexto-piso-editorial-espana\/","menu_order":0,"post_type":"editorial","post_mime_type":"","comment_count":"0","filter":"raw"}],"autores-libros":[{"ID":165919,"post_author":"3","post_date":"2022-10-14 17:58:59","post_date_gmt":"2022-10-14 15:58:59","post_content":"","post_title":"NOAM CHOMSKY","post_excerpt":"","post_status":"publish","comment_status":"closed","ping_status":"closed","post_password":"","post_name":"noam-chomsky","to_ping":"","pinged":"","post_modified":"2022-10-14 17:58:59","post_modified_gmt":"2022-10-14 15:58:59","post_content_filtered":"","post_parent":0,"guid":"http:\/\/dev.claret.cat\/autor\/noam-chomsky\/","menu_order":0,"post_type":"autor","post_mime_type":"","comment_count":"0","filter":"raw"}]},"aioseo_notices":[],"_links":{"self":[{"href":"https:\/\/www.claret.cat\/es\/wp-json\/wp\/v2\/product\/220689","targetHints":{"allow":["GET"]}}],"collection":[{"href":"https:\/\/www.claret.cat\/es\/wp-json\/wp\/v2\/product"}],"about":[{"href":"https:\/\/www.claret.cat\/es\/wp-json\/wp\/v2\/types\/product"}],"wp:featuredmedia":[{"embeddable":true,"href":"https:\/\/www.claret.cat\/es\/wp-json\/wp\/v2\/media\/220690"}],"wp:attachment":[{"href":"https:\/\/www.claret.cat\/es\/wp-json\/wp\/v2\/media?parent=220689"}],"wp:term":[{"taxonomy":"product_brand","embeddable":true,"href":"https:\/\/www.claret.cat\/es\/wp-json\/wp\/v2\/product_brand?post=220689"},{"taxonomy":"product_cat","embeddable":true,"href":"https:\/\/www.claret.cat\/es\/wp-json\/wp\/v2\/product_cat?post=220689"},{"taxonomy":"product_tag","embeddable":true,"href":"https:\/\/www.claret.cat\/es\/wp-json\/wp\/v2\/product_tag?post=220689"}],"curies":[{"name":"wp","href":"https:\/\/api.w.org\/{rel}","templated":true}]}}