{"id":220749,"date":"2022-10-20T15:42:17","date_gmt":"2022-10-20T13:42:17","guid":{"rendered":"http:\/\/dev.claret.cat\/producte\/mi-revolucion-anticancer\/"},"modified":"2023-01-28T20:48:25","modified_gmt":"2023-01-28T19:48:25","slug":"mi-revolucion-anticancer-9788408165194","status":"publish","type":"product","link":"https:\/\/www.claret.cat\/es\/libro\/mi-revolucion-anticancer-9788408165194\/","title":{"rendered":"MI REVOLUCI\u00d3N ANTIC\u00c1NCER"},"content":{"rendered":"<p>Esta obra pretende desprender el estigma negativo al t\u00e9rmino c\u00e1ncer: c\u00e1ncer no\u00a0es igual a muerte, dolor o padecimiento. Este libro quiere dar esperanza: por\u00a0eso tiene una cara amable y positiva que va a hacer que a quienes lo lean les aparezca una sonrisa desde el primer instante. Las personas\u00a0que est\u00e9n deprimidas o inquietas por la quimio van a descubrir p\u00e1ginas\u00a0donde recuperar la sonrisa. Hay p\u00e1ginas que solo servir\u00e1n para arrancarlas y soltar la rabia, otras para garabatear intensamente y as\u00ed eliminar\u00a0la ira, mientras que otras se dedicar\u00e1n \u00fanicamente a colorear para\u00a0relajarse y encontrar la inspiraci\u00f3n que todos precisamos en nuestras\u00a0vidas.<br \/> Mi revoluci\u00f3n antic\u00e1ncer es un libro \u00fatil y novedoso. Una mezcla\u00a0de libro de autoayuda con actividades, pero con todo el rigor cient\u00edfico <br \/>detr\u00e1s:<br \/> Alimentaci\u00f3n natural: incorpora pautas alimenticias para generar\u00a0h\u00e1bitos saludables en tu vida, con recetas sencillas de cocinar.<br \/> Estilo de vida saludable: di no al tabaco, prot\u00e9gete convenientemente\u00a0del sol, escoge cosm\u00e9tica segura. Ejercicio f\u00edsico moderado: practica el ejercicio moderado y el yoga\u00a0para todos, con enlaces a v\u00eddeos donde se exponen las posturas y con<br \/>audios de meditaci\u00f3n grabados por la propia autora.<br \/> Mente antic\u00e1ncer: cultiva tu paz interior para lograr ser un poquito\u00a0m\u00e1s feliz y para sobrellevar mejor los malos instantes.<\/p>\n","protected":false},"excerpt":{"rendered":"<p>FERN\u00c1NDEZ, ODILE<\/p>\n","protected":false},"featured_media":220750,"template":"","meta":{"_acf_changed":false,"om_disable_all_campaigns":false,"rs_blank_template":"","rs_page_bg_color":"","slide_template_v7":"","inline_featured_image":false,"_monsterinsights_skip_tracking":false,"_monsterinsights_sitenote_active":false,"_monsterinsights_sitenote_note":"","_monsterinsights_sitenote_category":0},"product_brand":[],"product_cat":[90,101],"product_tag":[],"class_list":{"0":"post-220749","1":"product","2":"type-product","3":"status-publish","4":"has-post-thumbnail","6":"product_cat-altres","7":"product_cat-manualitats","9":"first","10":"instock","11":"taxable","12":"shipping-taxable","13":"purchasable","14":"product-type-simple"},"acf":{"autor":"FERN\u00c1NDEZ, ODILE","codart":"840816519","libros-coleccion":"Pr\u00e1cticos","ediciones":"1","encuadernacion":"R\u00fastica","fecha_de_publicacion":"01\/01\/2017","novedad":"1","paginas":"287","subtitulo":"","orden":"0","portada":"0","idioma":"spa","editorial":[{"ID":6233,"post_author":"3","post_date":"2022-07-28 17:47:48","post_date_gmt":"2022-07-28 15:47:48","post_content":"","post_title":"EDITORIAL PLANETA","post_excerpt":"","post_status":"publish","comment_status":"closed","ping_status":"closed","post_password":"","post_name":"editorial-planeta","to_ping":"","pinged":"","post_modified":"2022-07-28 17:47:48","post_modified_gmt":"2022-07-28 15:47:48","post_content_filtered":"","post_parent":0,"guid":"http:\/\/dev.claret.cat\/editorial\/editorial-planeta\/","menu_order":0,"post_type":"editorial","post_mime_type":"","comment_count":"0","filter":"raw"}],"autores-libros":[{"ID":166103,"post_author":"3","post_date":"2022-10-14 18:00:27","post_date_gmt":"2022-10-14 16:00:27","post_content":"","post_title":"ODILE FERN\u00c1NDEZ","post_excerpt":"","post_status":"publish","comment_status":"closed","ping_status":"closed","post_password":"","post_name":"odile-fernandez","to_ping":"","pinged":"","post_modified":"2022-10-14 18:00:27","post_modified_gmt":"2022-10-14 16:00:27","post_content_filtered":"","post_parent":0,"guid":"http:\/\/dev.claret.cat\/autor\/odile-fernandez\/","menu_order":0,"post_type":"autor","post_mime_type":"","comment_count":"0","filter":"raw"}]},"aioseo_notices":[],"_links":{"self":[{"href":"https:\/\/www.claret.cat\/es\/wp-json\/wp\/v2\/product\/220749","targetHints":{"allow":["GET"]}}],"collection":[{"href":"https:\/\/www.claret.cat\/es\/wp-json\/wp\/v2\/product"}],"about":[{"href":"https:\/\/www.claret.cat\/es\/wp-json\/wp\/v2\/types\/product"}],"wp:featuredmedia":[{"embeddable":true,"href":"https:\/\/www.claret.cat\/es\/wp-json\/wp\/v2\/media\/220750"}],"wp:attachment":[{"href":"https:\/\/www.claret.cat\/es\/wp-json\/wp\/v2\/media?parent=220749"}],"wp:term":[{"taxonomy":"product_brand","embeddable":true,"href":"https:\/\/www.claret.cat\/es\/wp-json\/wp\/v2\/product_brand?post=220749"},{"taxonomy":"product_cat","embeddable":true,"href":"https:\/\/www.claret.cat\/es\/wp-json\/wp\/v2\/product_cat?post=220749"},{"taxonomy":"product_tag","embeddable":true,"href":"https:\/\/www.claret.cat\/es\/wp-json\/wp\/v2\/product_tag?post=220749"}],"curies":[{"name":"wp","href":"https:\/\/api.w.org\/{rel}","templated":true}]}}