{"id":220755,"date":"2022-10-20T15:42:25","date_gmt":"2022-10-20T13:42:25","guid":{"rendered":"http:\/\/dev.claret.cat\/producte\/si-duele-no-es-amor-2\/"},"modified":"2023-01-28T07:59:33","modified_gmt":"2023-01-28T06:59:33","slug":"si-duele-no-es-amor-9788408165583","status":"publish","type":"product","link":"https:\/\/www.claret.cat\/es\/libro\/si-duele-no-es-amor-9788408165583\/","title":{"rendered":"SI DUELE, NO ES AMOR"},"content":{"rendered":"<p>Silvia Congost, una de las mayores expertas de nuestro pa\u00eds en dependencia emocional, \u00a0te muestra en su nuevo libro c\u00f3mo reconocer y deshacerte de las relaciones que te hacen sufrir.El amor no deber\u00eda ser fuente de dolor, y quien te quiere no deber\u00eda hacerte llorar. Sufrir no depende del amor, sino de la obsesi\u00f3n, del desgaste o del apego insano que se le tiene a una pareja. A partir de sus miles de horas de experiencia con multitud de pacientes incapaces de ver que se encontraban en una relaci\u00f3n t\u00f3xica, Silvia nos ense\u00f1a a identificar estas situaciones y a liberarnos de ellas. Ciertas ideas sobre el amor nos son inculcadas desde la infancia y nos llevan a tomar malas decisiones de adultos. Para que eso no ocurra, debemos deshacernos de los esquemas mentales que perpet\u00faan las relaciones nocivas y establecer una nueva forma de interactuar con nosotros mismos para lograr as\u00ed relaciones sanas y duraderas con nuestras parejas.<\/p>\n","protected":false},"excerpt":{"rendered":"<p>CONGOST PROVENSAL, SILVIA<\/p>\n","protected":false},"featured_media":220756,"template":"","meta":{"_acf_changed":false,"om_disable_all_campaigns":false,"rs_blank_template":"","rs_page_bg_color":"","slide_template_v7":"","inline_featured_image":false,"_monsterinsights_skip_tracking":false,"_monsterinsights_sitenote_active":false,"_monsterinsights_sitenote_note":"","_monsterinsights_sitenote_category":0},"product_brand":[],"product_cat":[100],"product_tag":[],"class_list":{"0":"post-220755","1":"product","2":"type-product","3":"status-publish","4":"has-post-thumbnail","6":"product_cat-escola-de-pares","8":"first","9":"instock","10":"taxable","11":"shipping-taxable","12":"purchasable","13":"product-type-simple"},"acf":{"autor":"CONGOST PROVENSAL, SILVIA","codart":"840816558","libros-coleccion":"SUSHI BOOKS","ediciones":"1","encuadernacion":"R\u00fastica","fecha_de_publicacion":"01\/01\/2017","novedad":"1","paginas":"230","subtitulo":"APRENDE A IDENTIFICAR Y A LIBERARTE DE LOS AMORES T\u00d3XICOS","orden":"0","portada":"0","idioma":"spa","editorial":[{"ID":6397,"post_author":"3","post_date":"2022-07-28 17:51:17","post_date_gmt":"2022-07-28 15:51:17","post_content":"","post_title":"ZENITH","post_excerpt":"","post_status":"publish","comment_status":"closed","ping_status":"closed","post_password":"","post_name":"zenith","to_ping":"","pinged":"","post_modified":"2022-07-28 17:51:17","post_modified_gmt":"2022-07-28 15:51:17","post_content_filtered":"","post_parent":0,"guid":"http:\/\/dev.claret.cat\/editorial\/zenith\/","menu_order":0,"post_type":"editorial","post_mime_type":"","comment_count":"0","filter":"raw"}],"autores-libros":[{"ID":169495,"post_author":"3","post_date":"2022-10-14 22:27:41","post_date_gmt":"2022-10-14 20:27:41","post_content":"","post_title":"SILVIA CONGOST PROVENSAL","post_excerpt":"","post_status":"publish","comment_status":"closed","ping_status":"closed","post_password":"","post_name":"silvia-congost-provensal","to_ping":"","pinged":"","post_modified":"2022-10-14 22:27:41","post_modified_gmt":"2022-10-14 20:27:41","post_content_filtered":"","post_parent":0,"guid":"http:\/\/dev.claret.cat\/autor\/silvia-congost-provensal\/","menu_order":0,"post_type":"autor","post_mime_type":"","comment_count":"0","filter":"raw"}]},"aioseo_notices":[],"_links":{"self":[{"href":"https:\/\/www.claret.cat\/es\/wp-json\/wp\/v2\/product\/220755","targetHints":{"allow":["GET"]}}],"collection":[{"href":"https:\/\/www.claret.cat\/es\/wp-json\/wp\/v2\/product"}],"about":[{"href":"https:\/\/www.claret.cat\/es\/wp-json\/wp\/v2\/types\/product"}],"wp:featuredmedia":[{"embeddable":true,"href":"https:\/\/www.claret.cat\/es\/wp-json\/wp\/v2\/media\/220756"}],"wp:attachment":[{"href":"https:\/\/www.claret.cat\/es\/wp-json\/wp\/v2\/media?parent=220755"}],"wp:term":[{"taxonomy":"product_brand","embeddable":true,"href":"https:\/\/www.claret.cat\/es\/wp-json\/wp\/v2\/product_brand?post=220755"},{"taxonomy":"product_cat","embeddable":true,"href":"https:\/\/www.claret.cat\/es\/wp-json\/wp\/v2\/product_cat?post=220755"},{"taxonomy":"product_tag","embeddable":true,"href":"https:\/\/www.claret.cat\/es\/wp-json\/wp\/v2\/product_tag?post=220755"}],"curies":[{"name":"wp","href":"https:\/\/api.w.org\/{rel}","templated":true}]}}