{"id":220794,"date":"2022-10-20T15:43:16","date_gmt":"2022-10-20T13:43:16","guid":{"rendered":"http:\/\/dev.claret.cat\/producte\/asesinato-en-directo\/"},"modified":"2023-01-28T23:52:44","modified_gmt":"2023-01-28T22:52:44","slug":"asesinato-en-directo-9788466338363","status":"publish","type":"product","link":"https:\/\/www.claret.cat\/es\/libro\/asesinato-en-directo-9788466338363\/","title":{"rendered":"ASESINATO EN DIRECTO"},"content":{"rendered":"<p>Cuatro testigos de un asesinato sin resolver aceptan participar en un reality dedicado a recrearlo. Un revelador ejemplo del poder de la  televisi\u00f3n de la mano de la inimitable reina del suspense. A los tres a\u00f1os, Timmy fue el \u00fanico testigo del asesinato de su padre. Solo \u00e9l le vio la cara al culpable. Pasados cinco a\u00f1os todav\u00eda tiene  pesadillas y recuerda con ansiedad los ojos azules y penetrantes del  asesino; pero a su madre, Laurie, lo que m\u00e1s le atormenta es la amenaza  que le hizo a su hijo: \u00abDile a tu madre que ella ser\u00e1 la siguiente y despu\u00e9s ir\u00e1s t\u00fa\u00bb. Ahora otro crimen ocupa la vida de Laurie, esta vez como productora de  un programa de televisi\u00f3n sobre casos sin resolver. El primer episodio  gira en torno al asesinato de Betsy Powell. Hace veinte a\u00f1os, Betsy fue  asfixiada en su cama despu\u00e9s de una gran fiesta en su casa para celebrar la graduaci\u00f3n de su hija. Los que estuvieron presentes esa noche han aceptado participar en el programa y en  la reconstrucci\u00f3n del crimen, pero desde el inicio de la grabaci\u00f3n resulta evidente que cada uno esconde m\u00e1s de un secreto. Adem\u00e1s, aunque Laurie a\u00fan no lo sepa, una persona de afilados ojos azules est\u00e1 observ\u00e1ndolo todo muy de cerca&#8230; La cr\u00edtica ha dicho&#8230;<br \/>\u00abMary Higgins Clark nos ha demostrado con este libro que a sus m\u00e1s de 86  a\u00f1os sigue estando en plena forma. Asesinato en directo es una novela de suspense que nada tiene que envidiar a las primeras que escribi\u00f3 la autora. Una obra de obligada lectura para las fans y recomendable al m\u00e1ximo para aquellos enamorados del g\u00e9nero negro.\u00bb<br \/>Revista Kritica\u00abLos seguidores de Clark van a encontrar el suspense y la acci\u00f3n que buscan en este thriller contempor\u00e1neo.\u00bb<br \/> Publishers Weekly<\/p>\n","protected":false},"excerpt":{"rendered":"<p>HIGGINS CLARK,MARY<\/p>\n","protected":false},"featured_media":220795,"template":"","meta":{"_acf_changed":false,"om_disable_all_campaigns":false,"rs_blank_template":"","rs_page_bg_color":"","slide_template_v7":"","inline_featured_image":false,"_monsterinsights_skip_tracking":false,"_monsterinsights_sitenote_active":false,"_monsterinsights_sitenote_note":"","_monsterinsights_sitenote_category":0},"product_brand":[],"product_cat":[87],"product_tag":[],"class_list":{"0":"post-220794","1":"product","2":"type-product","3":"status-publish","4":"has-post-thumbnail","6":"product_cat-literatura","8":"first","9":"instock","10":"taxable","11":"shipping-taxable","12":"purchasable","13":"product-type-simple"},"acf":{"autor":"HIGGINS CLARK,MARY","codart":"846633836","libros-coleccion":"SUSHI BOOKS","ediciones":"1","encuadernacion":"R\u00fastica","fecha_de_publicacion":"01\/01\/2017","novedad":"1","paginas":"334","subtitulo":"","orden":"0","portada":"0","idioma":"spa","editorial":[{"ID":6178,"post_author":"3","post_date":"2022-07-28 17:46:34","post_date_gmt":"2022-07-28 15:46:34","post_content":"","post_title":"DEBOLSILLO","post_excerpt":"","post_status":"publish","comment_status":"closed","ping_status":"closed","post_password":"","post_name":"debolsillo","to_ping":"","pinged":"","post_modified":"2022-07-28 17:46:34","post_modified_gmt":"2022-07-28 15:46:34","post_content_filtered":"","post_parent":0,"guid":"http:\/\/dev.claret.cat\/editorial\/debolsillo\/","menu_order":0,"post_type":"editorial","post_mime_type":"","comment_count":"0","filter":"raw"}],"autores-libros":[{"ID":164361,"post_author":"3","post_date":"2022-10-14 17:46:27","post_date_gmt":"2022-10-14 15:46:27","post_content":"","post_title":"MARY HIGGINS CLARK","post_excerpt":"","post_status":"publish","comment_status":"closed","ping_status":"closed","post_password":"","post_name":"mary-higgins-clark","to_ping":"","pinged":"","post_modified":"2022-10-14 17:46:27","post_modified_gmt":"2022-10-14 15:46:27","post_content_filtered":"","post_parent":0,"guid":"http:\/\/dev.claret.cat\/autor\/mary-higgins-clark\/","menu_order":0,"post_type":"autor","post_mime_type":"","comment_count":"0","filter":"raw"}]},"aioseo_notices":[],"_links":{"self":[{"href":"https:\/\/www.claret.cat\/es\/wp-json\/wp\/v2\/product\/220794","targetHints":{"allow":["GET"]}}],"collection":[{"href":"https:\/\/www.claret.cat\/es\/wp-json\/wp\/v2\/product"}],"about":[{"href":"https:\/\/www.claret.cat\/es\/wp-json\/wp\/v2\/types\/product"}],"wp:featuredmedia":[{"embeddable":true,"href":"https:\/\/www.claret.cat\/es\/wp-json\/wp\/v2\/media\/220795"}],"wp:attachment":[{"href":"https:\/\/www.claret.cat\/es\/wp-json\/wp\/v2\/media?parent=220794"}],"wp:term":[{"taxonomy":"product_brand","embeddable":true,"href":"https:\/\/www.claret.cat\/es\/wp-json\/wp\/v2\/product_brand?post=220794"},{"taxonomy":"product_cat","embeddable":true,"href":"https:\/\/www.claret.cat\/es\/wp-json\/wp\/v2\/product_cat?post=220794"},{"taxonomy":"product_tag","embeddable":true,"href":"https:\/\/www.claret.cat\/es\/wp-json\/wp\/v2\/product_tag?post=220794"}],"curies":[{"name":"wp","href":"https:\/\/api.w.org\/{rel}","templated":true}]}}