{"id":220815,"date":"2022-10-20T15:43:44","date_gmt":"2022-10-20T13:43:44","guid":{"rendered":"http:\/\/dev.claret.cat\/producte\/mondrago-dragones-de-agua\/"},"modified":"2023-01-28T18:49:16","modified_gmt":"2023-01-28T17:49:16","slug":"mondrago-dragones-de-agua-9788408167471","status":"publish","type":"product","link":"https:\/\/www.claret.cat\/es\/libro\/mondrago-dragones-de-agua-9788408167471\/","title":{"rendered":"MONDRAG\u00d3. DRAGONES DE AGUA"},"content":{"rendered":"<p>En esta ocasi\u00f3n, con la ayuda de sus amigos y sus dragones, deben encontrar una cr\u00eda de drag\u00f3n de agua, pero antes tendr\u00e1n que enfrentarse a nuevos desaf\u00edos: \u00e1rboles parlantes, libros con mensajes extra\u00f1os y unos ladrones disfrazados de plantas con muy malas intenciones. \u00bfConseguir\u00e1n salvar a la cr\u00eda antes de que sea demasiado tarde? \u00a1Acompa\u00f1a a Cale y a Mondrag\u00f3 en su nueva misi\u00f3n!<\/p>\n","protected":false},"excerpt":{"rendered":"<p>ALVAREZ-SALAS MIER, MACARENA<\/p>\n","protected":false},"featured_media":220816,"template":"","meta":{"_acf_changed":false,"om_disable_all_campaigns":false,"rs_blank_template":"","rs_page_bg_color":"","slide_template_v7":"","inline_featured_image":false,"_monsterinsights_skip_tracking":false,"_monsterinsights_sitenote_active":false,"_monsterinsights_sitenote_note":"","_monsterinsights_sitenote_category":0},"product_brand":[],"product_cat":[86],"product_tag":[],"class_list":{"0":"post-220815","1":"product","2":"type-product","3":"status-publish","4":"has-post-thumbnail","6":"product_cat-infantil","8":"first","9":"instock","10":"taxable","11":"shipping-taxable","12":"purchasable","13":"product-type-simple"},"acf":{"autor":"ALVAREZ-SALAS MIER, MACARENA","codart":"840816747","libros-coleccion":"FORA DE COL.LECCI\u00d3","ediciones":"1","encuadernacion":"R\u00fastica","fecha_de_publicacion":"01\/01\/2017","novedad":"1","paginas":"216","subtitulo":"MONDRAG\u00d3 3","orden":"0","portada":"0","idioma":"spa","editorial":[{"ID":147710,"post_author":"3","post_date":"2022-10-14 11:52:39","post_date_gmt":"2022-10-14 09:52:39","post_content":"","post_title":"Destino Infantil & Juvenil","post_excerpt":"","post_status":"publish","comment_status":"closed","ping_status":"closed","post_password":"","post_name":"destino-infantil-juvenil","to_ping":"","pinged":"","post_modified":"2022-10-14 11:52:39","post_modified_gmt":"2022-10-14 09:52:39","post_content_filtered":"","post_parent":0,"guid":"http:\/\/dev.claret.cat\/editorial\/destino-infantil-juvenil\/","menu_order":0,"post_type":"editorial","post_mime_type":"","comment_count":"0","filter":"raw"}]},"aioseo_notices":[],"_links":{"self":[{"href":"https:\/\/www.claret.cat\/es\/wp-json\/wp\/v2\/product\/220815","targetHints":{"allow":["GET"]}}],"collection":[{"href":"https:\/\/www.claret.cat\/es\/wp-json\/wp\/v2\/product"}],"about":[{"href":"https:\/\/www.claret.cat\/es\/wp-json\/wp\/v2\/types\/product"}],"wp:featuredmedia":[{"embeddable":true,"href":"https:\/\/www.claret.cat\/es\/wp-json\/wp\/v2\/media\/220816"}],"wp:attachment":[{"href":"https:\/\/www.claret.cat\/es\/wp-json\/wp\/v2\/media?parent=220815"}],"wp:term":[{"taxonomy":"product_brand","embeddable":true,"href":"https:\/\/www.claret.cat\/es\/wp-json\/wp\/v2\/product_brand?post=220815"},{"taxonomy":"product_cat","embeddable":true,"href":"https:\/\/www.claret.cat\/es\/wp-json\/wp\/v2\/product_cat?post=220815"},{"taxonomy":"product_tag","embeddable":true,"href":"https:\/\/www.claret.cat\/es\/wp-json\/wp\/v2\/product_tag?post=220815"}],"curies":[{"name":"wp","href":"https:\/\/api.w.org\/{rel}","templated":true}]}}