{"id":220821,"date":"2022-10-20T15:43:52","date_gmt":"2022-10-20T13:43:52","guid":{"rendered":"http:\/\/dev.claret.cat\/producte\/montessori-pequenas-historias-la-naturaleza\/"},"modified":"2023-01-28T20:43:19","modified_gmt":"2023-01-28T19:43:19","slug":"montessori-pequenas-historias-la-naturaleza-9788408167440","status":"publish","type":"product","link":"https:\/\/www.claret.cat\/es\/libro\/montessori-pequenas-historias-la-naturaleza-9788408167440\/","title":{"rendered":"MONTESSORI. PEQUE\u00d1AS HISTORIAS. LA NATURALEZA"},"content":{"rendered":"<p>Cada volumen incluye tres cuentos relacionados con actividades que se pueden hacer en casa para profundizar en el m\u00e9todo Montessori de una manera l\u00fadica y divertida. Adem\u00e1s, cada cuento propone una actividad para desarrollar los conceptos trabajados.<\/p>\n","protected":false},"excerpt":{"rendered":"<p>HERRMANN, \u00c8VE \/ ROCCHI, ROBERTA<\/p>\n","protected":false},"featured_media":274329,"template":"","meta":{"_acf_changed":false,"om_disable_all_campaigns":false,"rs_blank_template":"","rs_page_bg_color":"","slide_template_v7":"","inline_featured_image":false,"_monsterinsights_skip_tracking":false,"_monsterinsights_sitenote_active":false,"_monsterinsights_sitenote_note":"","_monsterinsights_sitenote_category":0},"product_brand":[],"product_cat":[90,540],"product_tag":[],"class_list":{"0":"post-220821","1":"product","2":"type-product","3":"status-publish","4":"has-post-thumbnail","6":"product_cat-altres","7":"product_cat-otros","9":"first","10":"instock","11":"taxable","12":"shipping-taxable","13":"purchasable","14":"product-type-simple"},"acf":{"autor":"HERRMANN, \u00c8VE \/ ROCCHI, ROBERTA","codart":"840816744","libros-coleccion":"FORA DE COL.LECCI\u00d3","ediciones":"1","encuadernacion":"Carton\u00e9","fecha_de_publicacion":"01\/01\/2017","novedad":"1","paginas":"80","subtitulo":"LOS PRIMEROS CUENTOS INSPIRADOS EN LA PEDAGOG\u00cdA MONTESSORI","orden":"0","portada":"0","idioma":"spa","editorial":[{"ID":262521,"post_author":"3","post_date":"2022-10-24 11:25:27","post_date_gmt":"2022-10-24 09:25:27","post_content":"","post_title":"Timun Mas Infantil","post_excerpt":"","post_status":"publish","comment_status":"closed","ping_status":"closed","post_password":"","post_name":"timun-mas-infantil","to_ping":"","pinged":"","post_modified":"2022-10-24 11:25:27","post_modified_gmt":"2022-10-24 09:25:27","post_content_filtered":"","post_parent":0,"guid":"http:\/\/dev.claret.cat\/editorial\/timun-mas-infantil\/","menu_order":0,"post_type":"editorial","post_mime_type":"","comment_count":"0","filter":"raw"}],"autores-libros":[{"ID":274327,"post_author":"3","post_date":"2022-12-09 05:52:21","post_date_gmt":"2022-12-09 04:52:21","post_content":"","post_title":"\u00c9VE HERRMANN","post_excerpt":"","post_status":"publish","comment_status":"closed","ping_status":"closed","post_password":"","post_name":"eve-herrmann","to_ping":"","pinged":"","post_modified":"2022-12-09 05:52:21","post_modified_gmt":"2022-12-09 04:52:21","post_content_filtered":"","post_parent":0,"guid":"http:\/\/dev.claret.cat\/autor\/eve-herrmann\/","menu_order":0,"post_type":"autor","post_mime_type":"","comment_count":"0","filter":"raw"},{"ID":274328,"post_author":"3","post_date":"2022-12-09 05:52:22","post_date_gmt":"2022-12-09 04:52:22","post_content":"","post_title":"ROBERTA ROCCHI","post_excerpt":"","post_status":"publish","comment_status":"closed","ping_status":"closed","post_password":"","post_name":"roberta-rocchi","to_ping":"","pinged":"","post_modified":"2022-12-09 05:52:22","post_modified_gmt":"2022-12-09 04:52:22","post_content_filtered":"","post_parent":0,"guid":"http:\/\/dev.claret.cat\/autor\/roberta-rocchi\/","menu_order":0,"post_type":"autor","post_mime_type":"","comment_count":"0","filter":"raw"}]},"aioseo_notices":[],"_links":{"self":[{"href":"https:\/\/www.claret.cat\/es\/wp-json\/wp\/v2\/product\/220821","targetHints":{"allow":["GET"]}}],"collection":[{"href":"https:\/\/www.claret.cat\/es\/wp-json\/wp\/v2\/product"}],"about":[{"href":"https:\/\/www.claret.cat\/es\/wp-json\/wp\/v2\/types\/product"}],"wp:featuredmedia":[{"embeddable":true,"href":"https:\/\/www.claret.cat\/es\/wp-json\/wp\/v2\/media\/274329"}],"wp:attachment":[{"href":"https:\/\/www.claret.cat\/es\/wp-json\/wp\/v2\/media?parent=220821"}],"wp:term":[{"taxonomy":"product_brand","embeddable":true,"href":"https:\/\/www.claret.cat\/es\/wp-json\/wp\/v2\/product_brand?post=220821"},{"taxonomy":"product_cat","embeddable":true,"href":"https:\/\/www.claret.cat\/es\/wp-json\/wp\/v2\/product_cat?post=220821"},{"taxonomy":"product_tag","embeddable":true,"href":"https:\/\/www.claret.cat\/es\/wp-json\/wp\/v2\/product_tag?post=220821"}],"curies":[{"name":"wp","href":"https:\/\/api.w.org\/{rel}","templated":true}]}}