{"id":220824,"date":"2022-10-20T15:43:56","date_gmt":"2022-10-20T13:43:56","guid":{"rendered":"http:\/\/dev.claret.cat\/producte\/tambien-puedes-decir-no\/"},"modified":"2025-08-27T13:15:22","modified_gmt":"2025-08-27T11:15:22","slug":"tambien-puedes-decir-no-9788415132189","status":"publish","type":"product","link":"https:\/\/www.claret.cat\/es\/libro\/tambien-puedes-decir-no-9788415132189\/","title":{"rendered":"TAMBI\u00c9N PUEDES DECIR NO"},"content":{"rendered":"<p>Gu\u00eda pr\u00e1ctica para saber expresar lo que pensamos en situaciones como: relaci\u00f3n padres-hijos, el perd\u00f3n o c\u00f3mo ligar. Pautas de Aserividad para tu vida cotidiana<\/p>\n<p>Un comportamiento es asertivo cuando expresamos lo que pensamos, sentimos o deseamos de una manera clara y directa, pero, al mismo tiempo, calmada y amable. Actuar asertivamente no es ser brusco,s\u00ed sincero y por encima de todo, es ser honesto. Esta obra pone al d\u00eda un tema cl\u00e1sico de la Psicolog\u00eda: la asertividad. Los autores, Carmen Pastor y Juan Sevill\u00e1 reconocidos psic\u00f3logos cl\u00ednicos, abordan las manifestaciones m\u00e1s comunes: como aprender a decir \u201cno\u201d, saber pedir ayuda, formular una cr\u00edtica, etc., pero actualizan el concepto de asertividad y lo ampl\u00edan a otras \u00e1reas como el perd\u00f3n, la comunicaci\u00f3n sexual, la relaci\u00f3n padres-adolescentes o c\u00f3mo ligar. Esta es un gu\u00eda repleta de ejemplos y situaciones de la vida cotidiana en los que el lector puede verse reflejado.<\/p>\n","protected":false},"excerpt":{"rendered":"<p>CARMEN PASTOR Y JUAN SEVILL\u00c1<\/p>\n","protected":false},"featured_media":1048859,"template":"","meta":{"_acf_changed":false,"om_disable_all_campaigns":false,"rs_blank_template":"","rs_page_bg_color":"","slide_template_v7":"","inline_featured_image":false,"_monsterinsights_skip_tracking":false,"_monsterinsights_sitenote_active":false,"_monsterinsights_sitenote_note":"","_monsterinsights_sitenote_category":0},"product_brand":[],"product_cat":[81,347],"product_tag":[],"class_list":{"0":"post-220824","1":"product","2":"type-product","3":"status-publish","4":"has-post-thumbnail","6":"product_cat-psicologia","7":"product_cat-psicologia-2_humanidades","9":"first","10":"outofstock","11":"taxable","12":"shipping-taxable","13":"purchasable","14":"product-type-simple"},"acf":{"autor":"CARMEN PASTOR Y JUAN SEVILL\u00c1","codart":"841513218","libros-coleccion":"","ediciones":"1","encuadernacion":"R\u00fastica","fecha_de_publicacion":"01\/01\/2017","novedad":"0","paginas":"176","subtitulo":"APRENDE A SER ASERTIVO Y DI LO QUE PIENSAS","orden":"0","portada":"0","idioma":"spa","editorial":[{"ID":262478,"post_author":"3","post_date":"2022-10-24 11:24:53","post_date_gmt":"2022-10-24 09:24:53","post_content":"","post_title":"Sello Editorial","post_excerpt":"","post_status":"publish","comment_status":"closed","ping_status":"closed","post_password":"","post_name":"sello-editorial","to_ping":"","pinged":"","post_modified":"2022-10-24 11:24:53","post_modified_gmt":"2022-10-24 09:24:53","post_content_filtered":"","post_parent":0,"guid":"http:\/\/dev.claret.cat\/editorial\/sello-editorial\/","menu_order":0,"post_type":"editorial","post_mime_type":"","comment_count":"0","filter":"raw"}],"autores-libros":[{"ID":421128,"post_author":"3","post_date":"2023-05-16 06:51:44","post_date_gmt":"2023-05-16 04:51:44","post_content":"","post_title":"CARMEN PASTOR Y JUAN SEVILL\u00c1","post_excerpt":"","post_status":"publish","comment_status":"closed","ping_status":"closed","post_password":"","post_name":"carmen-pastor-y-juan-sevilla","to_ping":"","pinged":"","post_modified":"2023-05-16 06:51:44","post_modified_gmt":"2023-05-16 04:51:44","post_content_filtered":"","post_parent":0,"guid":"https:\/\/www.claret.cat\/autor\/carmen-pastor-y-juan-sevilla\/","menu_order":0,"post_type":"autor","post_mime_type":"","comment_count":"0","filter":"raw"}],"booktrailer":"","resenas":""},"aioseo_notices":[],"_links":{"self":[{"href":"https:\/\/www.claret.cat\/es\/wp-json\/wp\/v2\/product\/220824","targetHints":{"allow":["GET"]}}],"collection":[{"href":"https:\/\/www.claret.cat\/es\/wp-json\/wp\/v2\/product"}],"about":[{"href":"https:\/\/www.claret.cat\/es\/wp-json\/wp\/v2\/types\/product"}],"wp:featuredmedia":[{"embeddable":true,"href":"https:\/\/www.claret.cat\/es\/wp-json\/wp\/v2\/media\/1048859"}],"wp:attachment":[{"href":"https:\/\/www.claret.cat\/es\/wp-json\/wp\/v2\/media?parent=220824"}],"wp:term":[{"taxonomy":"product_brand","embeddable":true,"href":"https:\/\/www.claret.cat\/es\/wp-json\/wp\/v2\/product_brand?post=220824"},{"taxonomy":"product_cat","embeddable":true,"href":"https:\/\/www.claret.cat\/es\/wp-json\/wp\/v2\/product_cat?post=220824"},{"taxonomy":"product_tag","embeddable":true,"href":"https:\/\/www.claret.cat\/es\/wp-json\/wp\/v2\/product_tag?post=220824"}],"curies":[{"name":"wp","href":"https:\/\/api.w.org\/{rel}","templated":true}]}}