{"id":220836,"date":"2022-10-20T15:44:11","date_gmt":"2022-10-20T13:44:11","guid":{"rendered":"http:\/\/dev.claret.cat\/producte\/la-vida-de-calabacin\/"},"modified":"2026-02-23T11:26:06","modified_gmt":"2026-02-23T10:26:06","slug":"la-vida-de-calabacin-9788415140436","status":"publish","type":"product","link":"https:\/\/www.claret.cat\/es\/libro\/la-vida-de-calabacin-9788415140436\/","title":{"rendered":"LA VIDA DE CALABAC\u00cdN"},"content":{"rendered":"<p>Una emocionante historia de amistad y tolerancia que muestra la capacidad de superaci\u00f3n de los ni\u00f1os.<\/p>\n","protected":false},"excerpt":{"rendered":"<p>PARIS, GILLES<\/p>\n","protected":false},"featured_media":1085483,"template":"","meta":{"_acf_changed":false,"om_disable_all_campaigns":false,"rs_blank_template":"","rs_page_bg_color":"","slide_template_v7":"","inline_featured_image":false,"_monsterinsights_skip_tracking":false,"_monsterinsights_sitenote_active":false,"_monsterinsights_sitenote_note":"","_monsterinsights_sitenote_category":0},"product_brand":[],"product_cat":[87,353],"product_tag":[],"class_list":{"0":"post-220836","1":"product","2":"type-product","3":"status-publish","4":"has-post-thumbnail","6":"product_cat-literatura","7":"product_cat-literatura-2_humanidades","9":"first","10":"outofstock","11":"taxable","12":"shipping-taxable","13":"purchasable","14":"product-type-simple"},"acf":{"autor":"PARIS, GILLES","codart":"841514043","libros-coleccion":"EMBOLSILLO","ediciones":"1","encuadernacion":"R\u00fastica","fecha_de_publicacion":"01\/01\/2017","novedad":"0","paginas":"255","subtitulo":"EL LIBRO EN EL QUE EST\u00c1 BASADA LA PEL\u00cdCULA","orden":"0","portada":"0","idioma":"spa","editorial":[{"ID":148087,"post_author":"3","post_date":"2022-10-14 11:55:32","post_date_gmt":"2022-10-14 09:55:32","post_content":"","post_title":"EMBOLSILLO","post_excerpt":"","post_status":"publish","comment_status":"closed","ping_status":"closed","post_password":"","post_name":"embolsillo","to_ping":"","pinged":"","post_modified":"2022-10-14 11:55:32","post_modified_gmt":"2022-10-14 09:55:32","post_content_filtered":"","post_parent":0,"guid":"http:\/\/dev.claret.cat\/editorial\/embolsillo\/","menu_order":0,"post_type":"editorial","post_mime_type":"","comment_count":"0","filter":"raw"}],"booktrailer":"","resenas":"","autores-libros":[{"ID":423035,"post_author":"3","post_date":"2023-05-16 07:31:38","post_date_gmt":"2023-05-16 05:31:38","post_content":"","post_title":"GILLES PARIS","post_excerpt":"","post_status":"publish","comment_status":"closed","ping_status":"closed","post_password":"","post_name":"gilles-paris","to_ping":"","pinged":"","post_modified":"2023-05-16 07:31:38","post_modified_gmt":"2023-05-16 05:31:38","post_content_filtered":"","post_parent":0,"guid":"https:\/\/www.claret.cat\/autor\/gilles-paris\/","menu_order":0,"post_type":"autor","post_mime_type":"","comment_count":"0","filter":"raw"}]},"aioseo_notices":[],"_links":{"self":[{"href":"https:\/\/www.claret.cat\/es\/wp-json\/wp\/v2\/product\/220836","targetHints":{"allow":["GET"]}}],"collection":[{"href":"https:\/\/www.claret.cat\/es\/wp-json\/wp\/v2\/product"}],"about":[{"href":"https:\/\/www.claret.cat\/es\/wp-json\/wp\/v2\/types\/product"}],"wp:featuredmedia":[{"embeddable":true,"href":"https:\/\/www.claret.cat\/es\/wp-json\/wp\/v2\/media\/1085483"}],"wp:attachment":[{"href":"https:\/\/www.claret.cat\/es\/wp-json\/wp\/v2\/media?parent=220836"}],"wp:term":[{"taxonomy":"product_brand","embeddable":true,"href":"https:\/\/www.claret.cat\/es\/wp-json\/wp\/v2\/product_brand?post=220836"},{"taxonomy":"product_cat","embeddable":true,"href":"https:\/\/www.claret.cat\/es\/wp-json\/wp\/v2\/product_cat?post=220836"},{"taxonomy":"product_tag","embeddable":true,"href":"https:\/\/www.claret.cat\/es\/wp-json\/wp\/v2\/product_tag?post=220836"}],"curies":[{"name":"wp","href":"https:\/\/api.w.org\/{rel}","templated":true}]}}