{"id":220893,"date":"2022-10-20T15:45:28","date_gmt":"2022-10-20T13:45:28","guid":{"rendered":"http:\/\/dev.claret.cat\/producte\/aunque-caminen-por-el-valle-de-la-muerte\/"},"modified":"2023-01-28T20:21:46","modified_gmt":"2023-01-28T19:21:46","slug":"aunque-caminen-por-el-valle-de-la-muerte-9788439732150","status":"publish","type":"product","link":"https:\/\/www.claret.cat\/es\/libro\/aunque-caminen-por-el-valle-de-la-muerte-9788439732150\/","title":{"rendered":"AUNQUE CAMINEN POR EL VALLE DE LA MUERTE"},"content":{"rendered":"<p>En esta novela basada en hechos reales \u00c1lvaro Colomer reconstruye en  clave de ficci\u00f3n uno de los episodios m\u00e1s controvertidos de  la guerra  de Irak: el papel de las tropas espa\u00f1olas en la batalla de Najaf.Un convoy militar atraviesa el desierto. Ni\u00f1os iraqu\u00edes saludan desde el  arc\u00e9n; a sus espaldas, pozos de petr\u00f3leo en llamas, carros  de combate  calcinados y un paisaje cuarteado como el vientre de un reptil  moribundo. La brigada espa\u00f1ola Plus Ultra II se dirige a  la ciudad  santa de Najaf, donde compartir\u00e1 acuartelamiento con unidades de otros  pa\u00edses. Todo transcurre con normalidad en la base  Al-Andalus, hasta que  un d\u00eda el autoproclamado ej\u00e9rcito del Mahdi asalta el cuartel espa\u00f1ol,  dando inicio a la batalla de Najaf. Es el 4 de abril de 2004 y ha pasado  un a\u00f1o desde la invasi\u00f3n de Irak. Espa\u00f1a se encuentra en pleno proceso  de transferencia de poderes: tras los atentados del 11-M, el Partido  Popular ha perdido las elecciones y el PSOE a\u00fan no ha tomado posesi\u00f3n de la cartera de Defensa.\u00bfSe cruz\u00f3 de manos el alto mando de la Brigada Plus Ultra II mientras  las otras unidades luchaban para defender el cuartel? \u00bfSe neg\u00f3 el  gobierno en funciones a tomar decisiones durante el enfrentamiento? \u00bfPor  qu\u00e9 se ha silenciado una de las batallas recientes m\u00e1s  importantes del ej\u00e9rcito espa\u00f1ol?Esta novela construye una ficci\u00f3n con los acontecimientos y el autor  advierte: en la guerra, como en la literatura, hay tantas verdades como puntos de vista.De la obra anterior del autor se ha dicho:\u00abEs un libro extraordinario. Tocamos el mal en cada p\u00e1gina, la angustia,  el ego\u00edsmo. Ya no se escriben libros como estos, es decir,  libros [&#8230;]. Magistral.\u00bb<br \/>Lector Mal-herido\u00abUn texto soberbio, de una intensidad inusual que no decae nunca.\u00bb<br \/>Fernando Aramburu\u00abHe aqu\u00ed un libro que nos recuerda lo que, en otro tiempo, se llamaba el oficio de periodista.\u00bb<br \/>Cultura\/s (La Vanguardia).\u00abLa obra de Colomer emana sensibilidad y sarcasmo a partes iguales.\u00bb<br \/>Qu\u00e9 Leer\u00abUna obra maestra [&#8230;] que resuena con verdades universales.\u00bb<br \/>The Irish Times\u00abLas novelas de Colomer siempre son enga\u00f1osamente pesimistas y dolorosamente ancladas en hechos reales.\u00bb<br \/>La Raz\u00f3n<\/p>\n","protected":false},"excerpt":{"rendered":"<p>COLOMER, ALVARO<\/p>\n","protected":false},"featured_media":220894,"template":"","meta":{"_acf_changed":false,"om_disable_all_campaigns":false,"rs_blank_template":"","rs_page_bg_color":"","slide_template_v7":"","inline_featured_image":false,"_monsterinsights_skip_tracking":false,"_monsterinsights_sitenote_active":false,"_monsterinsights_sitenote_note":"","_monsterinsights_sitenote_category":0},"product_brand":[],"product_cat":[87],"product_tag":[],"class_list":{"0":"post-220893","1":"product","2":"type-product","3":"status-publish","4":"has-post-thumbnail","6":"product_cat-literatura","8":"first","9":"instock","10":"taxable","11":"shipping-taxable","12":"purchasable","13":"product-type-simple"},"acf":{"autor":"COLOMER, ALVARO","codart":"843973215","libros-coleccion":"Literatura Random House","ediciones":"1","encuadernacion":"R\u00fastica","fecha_de_publicacion":"01\/01\/2017","novedad":"1","paginas":"248","subtitulo":"","orden":"0","portada":"0","idioma":"spa","editorial":[{"ID":6290,"post_author":"3","post_date":"2022-07-28 17:49:01","post_date_gmt":"2022-07-28 15:49:01","post_content":"","post_title":"LITERATURA RANDOM HOUSE","post_excerpt":"","post_status":"publish","comment_status":"closed","ping_status":"closed","post_password":"","post_name":"literatura-random-house","to_ping":"","pinged":"","post_modified":"2022-07-28 17:49:01","post_modified_gmt":"2022-07-28 15:49:01","post_content_filtered":"","post_parent":0,"guid":"http:\/\/dev.claret.cat\/editorial\/literatura-random-house\/","menu_order":0,"post_type":"editorial","post_mime_type":"","comment_count":"0","filter":"raw"}],"autores-libros":[{"ID":149927,"post_author":"3","post_date":"2022-10-14 14:28:50","post_date_gmt":"2022-10-14 12:28:50","post_content":"","post_title":"\u00c1LVARO COLOMER","post_excerpt":"","post_status":"publish","comment_status":"closed","ping_status":"closed","post_password":"","post_name":"alvaro-colomer","to_ping":"","pinged":"","post_modified":"2022-10-14 14:28:50","post_modified_gmt":"2022-10-14 12:28:50","post_content_filtered":"","post_parent":0,"guid":"http:\/\/dev.claret.cat\/autor\/alvaro-colomer\/","menu_order":0,"post_type":"autor","post_mime_type":"","comment_count":"0","filter":"raw"}]},"aioseo_notices":[],"_links":{"self":[{"href":"https:\/\/www.claret.cat\/es\/wp-json\/wp\/v2\/product\/220893","targetHints":{"allow":["GET"]}}],"collection":[{"href":"https:\/\/www.claret.cat\/es\/wp-json\/wp\/v2\/product"}],"about":[{"href":"https:\/\/www.claret.cat\/es\/wp-json\/wp\/v2\/types\/product"}],"wp:featuredmedia":[{"embeddable":true,"href":"https:\/\/www.claret.cat\/es\/wp-json\/wp\/v2\/media\/220894"}],"wp:attachment":[{"href":"https:\/\/www.claret.cat\/es\/wp-json\/wp\/v2\/media?parent=220893"}],"wp:term":[{"taxonomy":"product_brand","embeddable":true,"href":"https:\/\/www.claret.cat\/es\/wp-json\/wp\/v2\/product_brand?post=220893"},{"taxonomy":"product_cat","embeddable":true,"href":"https:\/\/www.claret.cat\/es\/wp-json\/wp\/v2\/product_cat?post=220893"},{"taxonomy":"product_tag","embeddable":true,"href":"https:\/\/www.claret.cat\/es\/wp-json\/wp\/v2\/product_tag?post=220893"}],"curies":[{"name":"wp","href":"https:\/\/api.w.org\/{rel}","templated":true}]}}