{"id":220932,"date":"2022-10-20T15:46:23","date_gmt":"2022-10-20T13:46:23","guid":{"rendered":"http:\/\/dev.claret.cat\/producte\/cama-familiar-noches-felices\/"},"modified":"2023-01-28T16:26:18","modified_gmt":"2023-01-28T15:26:18","slug":"cama-familiar-noches-felices-9788471485731","status":"publish","type":"product","link":"https:\/\/www.claret.cat\/es\/libro\/cama-familiar-noches-felices-9788471485731\/","title":{"rendered":"CAMA FAMILIAR. NOCHES FELICES"},"content":{"rendered":"<p>El hospital es el mejor lugar y el m\u00e1s seguro para parir, para nacer; los beb\u00e9s deben dormir en su cunita y, lo antes posible, en su propia habitaci\u00f3n; no hay que abusar de la teta; los ni\u00f1os son caprichosos y ego\u00edstas; los brazos los malcr\u00edan, los hacen d\u00e9biles y dependientes&#8230; Estos son algunos de los ingredientes del paquete mental, cultural, con el que de un tiempo a esta parte (y especialmente por esta zona del mundo que creemos el no va m\u00e1s de la civilizaci\u00f3n y del progreso) afrontamos la maternidad y la crianza; presuntas verdades incuestionables que, sin embargo, la naturaleza (encarnada en esa unidad simbi\u00f3tica que, si se les deja,<br \/> forman una madre y su criatura), insobornable, se empe\u00f1a en cuestionar. Con un lenguaje directo y ameno y un estilo entre el reportaje y el ensayo, Cama familiar, noches felices cuenta la experiencia de una pareja que al llegar su primer hijo se dej\u00f3 llevar por el instinto (esa otra inteligencia adiestrada por millones de a\u00f1os de evoluci\u00f3n para elegir lo adecuado seg\u00fan las circunstancias) y descubri\u00f3, con<br \/> sorpresa, con alivio y con indisimulable alegr\u00eda, que otras noches son posibles, que dormir con los hijos es tan seguro como agradable.<br \/> Jos\u00e9 Luis Segura, periodista, entrelaza su historia particular con la de otros padres y madres contracorriente y con numerosos art\u00edculos, citas y fragmentos de libros y de estudios cient\u00edficos que desmontan muchos de los falsos e interesados mitos acerca de los ni\u00f1os y, a la postre, de la naturaleza humana.<\/p>\n","protected":false},"excerpt":{"rendered":"<p>SEGURA GARCIA, JOSE LUIS<\/p>\n","protected":false},"featured_media":220933,"template":"","meta":{"_acf_changed":false,"om_disable_all_campaigns":false,"rs_blank_template":"","rs_page_bg_color":"","slide_template_v7":"","inline_featured_image":false,"_monsterinsights_skip_tracking":false,"_monsterinsights_sitenote_active":false,"_monsterinsights_sitenote_note":"","_monsterinsights_sitenote_category":0},"product_brand":[],"product_cat":[100],"product_tag":[],"class_list":{"0":"post-220932","1":"product","2":"type-product","3":"status-publish","4":"has-post-thumbnail","6":"product_cat-escola-de-pares","8":"first","9":"instock","10":"taxable","11":"shipping-taxable","12":"purchasable","13":"product-type-simple"},"acf":{"autor":"SEGURA GARCIA, JOSE LUIS","codart":"847148573","libros-coleccion":"SUSHI BOOKS","ediciones":"1","encuadernacion":"R\u00fastica","fecha_de_publicacion":"01\/01\/2017","novedad":"1","paginas":"181","subtitulo":"","orden":"0","portada":"0","idioma":"spa"},"aioseo_notices":[],"_links":{"self":[{"href":"https:\/\/www.claret.cat\/es\/wp-json\/wp\/v2\/product\/220932","targetHints":{"allow":["GET"]}}],"collection":[{"href":"https:\/\/www.claret.cat\/es\/wp-json\/wp\/v2\/product"}],"about":[{"href":"https:\/\/www.claret.cat\/es\/wp-json\/wp\/v2\/types\/product"}],"wp:featuredmedia":[{"embeddable":true,"href":"https:\/\/www.claret.cat\/es\/wp-json\/wp\/v2\/media\/220933"}],"wp:attachment":[{"href":"https:\/\/www.claret.cat\/es\/wp-json\/wp\/v2\/media?parent=220932"}],"wp:term":[{"taxonomy":"product_brand","embeddable":true,"href":"https:\/\/www.claret.cat\/es\/wp-json\/wp\/v2\/product_brand?post=220932"},{"taxonomy":"product_cat","embeddable":true,"href":"https:\/\/www.claret.cat\/es\/wp-json\/wp\/v2\/product_cat?post=220932"},{"taxonomy":"product_tag","embeddable":true,"href":"https:\/\/www.claret.cat\/es\/wp-json\/wp\/v2\/product_tag?post=220932"}],"curies":[{"name":"wp","href":"https:\/\/api.w.org\/{rel}","templated":true}]}}