{"id":220986,"date":"2022-10-20T15:47:36","date_gmt":"2022-10-20T13:47:36","guid":{"rendered":"http:\/\/dev.claret.cat\/producte\/divina-humanidad\/"},"modified":"2026-03-24T11:02:04","modified_gmt":"2026-03-24T10:02:04","slug":"divina-humanidad-9788494496288","status":"publish","type":"product","link":"https:\/\/www.claret.cat\/es\/libro\/divina-humanidad-9788494496288\/","title":{"rendered":"DIVINA HUMANIDAD"},"content":{"rendered":"<p>Esta peque\u00f1a obra pretende concentrar mi pensamiento a cerca del hombre, el mundo y Dios. O contestar a esas cuestiones que todos nos planteamos en alg\u00fan momento, si vivimos despiertos en este mundo tan impactante. \u00bfQu\u00e9 pintamos aqu\u00ed? \u00bfcu\u00e1l es el verdadero sentido de nuestras vidas? No soy especialista de nada en concreto, pero con lo poco que s\u00e9 de todo y apoy\u00e1ndome en la comunidad y en aut\u00e9nticos y casi siempre, an\u00f3nimos fil\u00f3sofos, he llegado a algunas conclusiones que parecen sorprendentes, aunque muchos hombres de diferentes sitios y en instantes muy diversos, han apuntado ya en esa direcci\u00f3n desde tiempos inmemoriables.<\/p>\n","protected":false},"excerpt":{"rendered":"<p>RODR\u00cdGUEZ ROBLES, FRAY MARCOS, O.P.<\/p>\n","protected":false},"featured_media":1092039,"template":"","meta":{"_acf_changed":false,"om_disable_all_campaigns":false,"rs_blank_template":"","rs_page_bg_color":"","slide_template_v7":"","inline_featured_image":false,"_monsterinsights_skip_tracking":false,"_monsterinsights_sitenote_active":false,"_monsterinsights_sitenote_note":"","_monsterinsights_sitenote_category":0},"product_brand":[],"product_cat":[345,79],"product_tag":[],"class_list":{"0":"post-220986","1":"product","2":"type-product","3":"status-publish","4":"has-post-thumbnail","6":"product_cat-espiritualidad","7":"product_cat-espiritualitat","9":"first","10":"instock","11":"taxable","12":"shipping-taxable","13":"purchasable","14":"product-type-simple"},"acf":{"autor":"RODR\u00cdGUEZ ROBLES, FRAY MARCOS, O.P.","codart":"849449628","libros-coleccion":"","ediciones":"1","encuadernacion":"R\u00fastica","fecha_de_publicacion":"22\/12\/2016","novedad":"1","paginas":"228","subtitulo":"EL ABSOLUTO YA EST\u00c1 EN TI","orden":"0","portada":"0","idioma":"spa","editorial":[{"ID":148139,"post_author":"3","post_date":"2022-10-14 11:55:56","post_date_gmt":"2022-10-14 09:55:56","post_content":"","post_title":"FE ADULTA, EDICIONES","post_excerpt":"","post_status":"publish","comment_status":"closed","ping_status":"closed","post_password":"","post_name":"fe-adulta-ediciones","to_ping":"","pinged":"","post_modified":"2022-10-14 11:55:56","post_modified_gmt":"2022-10-14 09:55:56","post_content_filtered":"","post_parent":0,"guid":"http:\/\/dev.claret.cat\/editorial\/fe-adulta-ediciones\/","menu_order":0,"post_type":"editorial","post_mime_type":"","comment_count":"0","filter":"raw"}],"autores-libros":[{"ID":294743,"post_author":"3","post_date":"2022-12-12 16:40:01","post_date_gmt":"2022-12-12 15:40:01","post_content":"","post_title":"FRAY MARCOS RODR\u00cdGUEZ ROBLES","post_excerpt":"","post_status":"publish","comment_status":"closed","ping_status":"closed","post_password":"","post_name":"fray-marcos-rodriguez-robles","to_ping":"","pinged":"","post_modified":"2022-12-12 16:40:01","post_modified_gmt":"2022-12-12 15:40:01","post_content_filtered":"","post_parent":0,"guid":"http:\/\/dev.claret.cat\/autor\/fray-marcos-rodriguez-robles\/","menu_order":0,"post_type":"autor","post_mime_type":"","comment_count":"0","filter":"raw"}],"booktrailer":"","resenas":""},"aioseo_notices":[],"_links":{"self":[{"href":"https:\/\/www.claret.cat\/es\/wp-json\/wp\/v2\/product\/220986","targetHints":{"allow":["GET"]}}],"collection":[{"href":"https:\/\/www.claret.cat\/es\/wp-json\/wp\/v2\/product"}],"about":[{"href":"https:\/\/www.claret.cat\/es\/wp-json\/wp\/v2\/types\/product"}],"wp:featuredmedia":[{"embeddable":true,"href":"https:\/\/www.claret.cat\/es\/wp-json\/wp\/v2\/media\/1092039"}],"wp:attachment":[{"href":"https:\/\/www.claret.cat\/es\/wp-json\/wp\/v2\/media?parent=220986"}],"wp:term":[{"taxonomy":"product_brand","embeddable":true,"href":"https:\/\/www.claret.cat\/es\/wp-json\/wp\/v2\/product_brand?post=220986"},{"taxonomy":"product_cat","embeddable":true,"href":"https:\/\/www.claret.cat\/es\/wp-json\/wp\/v2\/product_cat?post=220986"},{"taxonomy":"product_tag","embeddable":true,"href":"https:\/\/www.claret.cat\/es\/wp-json\/wp\/v2\/product_tag?post=220986"}],"curies":[{"name":"wp","href":"https:\/\/api.w.org\/{rel}","templated":true}]}}