{"id":221058,"date":"2022-10-20T15:49:14","date_gmt":"2022-10-20T13:49:14","guid":{"rendered":"http:\/\/dev.claret.cat\/producte\/martyr-jacques-hamel-vida-y-muerte\/"},"modified":"2024-05-23T14:26:04","modified_gmt":"2024-05-23T12:26:04","slug":"martyr-jacques-hamel-vida-y-muerte-9788479665739","status":"publish","type":"product","link":"https:\/\/www.claret.cat\/es\/libro\/martyr-jacques-hamel-vida-y-muerte-9788479665739\/","title":{"rendered":"MARTYR. JACQUES HAMEL VIDA Y MUERTE"},"content":{"rendered":"<p>&#8216;Que el P. Jacques Hamel, desde el cielo, nos gu\u00ede. Debemos rezarle -\u00a1es m\u00e1rtir!, y los m\u00e1rtires son Beatos-. Debemos rezarle, para que nos mande la mansedumbre, la fraternidad, la paz&#8230; y tambi\u00e9n la valent\u00eda de ser sincero: asesinar en nombre de Dios es Sat\u00e1nico&#8217; (Papa Francisco).<\/p>\n","protected":false},"excerpt":{"rendered":"<p>DE VOLDER, JAN<\/p>\n","protected":false},"featured_media":353182,"template":"","meta":{"_acf_changed":false,"om_disable_all_campaigns":false,"rs_blank_template":"","rs_page_bg_color":"","slide_template_v7":"","inline_featured_image":false,"_monsterinsights_skip_tracking":false,"_monsterinsights_sitenote_active":false,"_monsterinsights_sitenote_note":"","_monsterinsights_sitenote_category":0},"product_brand":[],"product_cat":[93,543,345,79,544,94],"product_tag":[],"class_list":{"0":"post-221058","1":"product","2":"type-product","3":"status-publish","4":"has-post-thumbnail","6":"product_cat-eclesiologia","7":"product_cat-eclesiologia-es","8":"product_cat-espiritualidad","9":"product_cat-espiritualitat","10":"product_cat-religiones","11":"product_cat-religions","13":"first","14":"instock","15":"taxable","16":"shipping-taxable","17":"purchasable","18":"product-type-simple"},"acf":{"autor":"DE VOLDER, JAN","codart":"847966573","libros-coleccion":"FUERA DE COLECCI\u00d3N","ediciones":"1","encuadernacion":"Carpeta","fecha_de_publicacion":"15\/12\/2016","novedad":"1","paginas":"141","subtitulo":"","orden":"0","portada":"0","idioma":"spa","editorial":[{"ID":262488,"post_author":"3","post_date":"2022-10-24 11:25:01","post_date_gmt":"2022-10-24 09:25:01","post_content":"","post_title":"SIGLO XXI EDITORES","post_excerpt":"","post_status":"publish","comment_status":"closed","ping_status":"closed","post_password":"","post_name":"siglo-xxi-editores","to_ping":"","pinged":"","post_modified":"2022-10-24 11:25:01","post_modified_gmt":"2022-10-24 09:25:01","post_content_filtered":"","post_parent":0,"guid":"http:\/\/dev.claret.cat\/editorial\/siglo-xxi-editores\/","menu_order":0,"post_type":"editorial","post_mime_type":"","comment_count":"0","filter":"raw"}],"autores-libros":[{"ID":353181,"post_author":"3","post_date":"2023-01-14 14:07:19","post_date_gmt":"2023-01-14 13:07:19","post_content":"","post_title":"JAN DE VOLDER","post_excerpt":"","post_status":"publish","comment_status":"closed","ping_status":"closed","post_password":"","post_name":"jan-de-volder-2","to_ping":"","pinged":"","post_modified":"2023-01-14 14:07:19","post_modified_gmt":"2023-01-14 13:07:19","post_content_filtered":"","post_parent":0,"guid":"https:\/\/www.claret.cat\/autor\/jan-de-volder-2\/","menu_order":0,"post_type":"autor","post_mime_type":"","comment_count":"0","filter":"raw"}]},"aioseo_notices":[],"_links":{"self":[{"href":"https:\/\/www.claret.cat\/es\/wp-json\/wp\/v2\/product\/221058","targetHints":{"allow":["GET"]}}],"collection":[{"href":"https:\/\/www.claret.cat\/es\/wp-json\/wp\/v2\/product"}],"about":[{"href":"https:\/\/www.claret.cat\/es\/wp-json\/wp\/v2\/types\/product"}],"wp:featuredmedia":[{"embeddable":true,"href":"https:\/\/www.claret.cat\/es\/wp-json\/wp\/v2\/media\/353182"}],"wp:attachment":[{"href":"https:\/\/www.claret.cat\/es\/wp-json\/wp\/v2\/media?parent=221058"}],"wp:term":[{"taxonomy":"product_brand","embeddable":true,"href":"https:\/\/www.claret.cat\/es\/wp-json\/wp\/v2\/product_brand?post=221058"},{"taxonomy":"product_cat","embeddable":true,"href":"https:\/\/www.claret.cat\/es\/wp-json\/wp\/v2\/product_cat?post=221058"},{"taxonomy":"product_tag","embeddable":true,"href":"https:\/\/www.claret.cat\/es\/wp-json\/wp\/v2\/product_tag?post=221058"}],"curies":[{"name":"wp","href":"https:\/\/api.w.org\/{rel}","templated":true}]}}