{"id":221064,"date":"2022-10-20T15:49:22","date_gmt":"2022-10-20T13:49:22","guid":{"rendered":"http:\/\/dev.claret.cat\/producte\/interioritat-memoria-alteritat\/"},"modified":"2024-05-22T18:25:40","modified_gmt":"2024-05-22T16:25:40","slug":"interioritat-memoria-alteritat-9788498465181","status":"publish","type":"product","link":"https:\/\/www.claret.cat\/es\/libro\/interioritat-memoria-alteritat-9788498465181\/","title":{"rendered":"INTERIORITAT, MEM\u00d2RIA, ALTERITAT"},"content":{"rendered":"<p>Es pret\u00e9n oferir unes reflexions sobre unes dimensions de l&#8217;exist\u00e8ncia cristiana, pensada com una forma de vida. S\u00f3n unes reflexions que basculen entre la filosofia i l&#8217;espiritualitat, entre el pensament i l&#8217;experi\u00e8ncia cristiana, la ra\u00f3 i la revelaci\u00f3. Si en el pensament cl\u00e0ssic la contraposici\u00f3 fonamental era entre interioritat i exterioritat, en el<br \/>cristianisme la tensi\u00f3 es juga entre interioritat i alteritat, una tensi\u00f3 cridada a mantenir-se i a equilibrar-se, de manera que una sigui mitjan\u00e7ant l&#8217;altra. Pont entre els dos extrems \u00e9s la mem\u00f2ria que remet a una exterioritat com objecte de record, i alhora remet a la interioritat del cor, on hi t\u00e9 lloc.<br \/>En el fons els tres temes seleccionats fan refer\u00e8ncia a tres dimensions essencials de l&#8217;\u00e9sser hum\u00e0, com s\u00f3n la subjectivitat, la temporalitat-historicitat i la sociabilitat; per\u00f2 no es tractaran amb aquest plantejament tan ampli, sin\u00f3 pensades m\u00e9s aviat des de l&#8217;experi\u00e8ncia cristiana.<\/p>\n","protected":false},"excerpt":{"rendered":"<p>AMENGUAL, GABRIEL<\/p>\n","protected":false},"featured_media":367957,"template":"","meta":{"_acf_changed":false,"om_disable_all_campaigns":false,"rs_blank_template":"","rs_page_bg_color":"","slide_template_v7":"","inline_featured_image":false,"_monsterinsights_skip_tracking":false,"_monsterinsights_sitenote_active":false,"_monsterinsights_sitenote_note":"","_monsterinsights_sitenote_category":0},"product_brand":[],"product_cat":[581,345,79,78,344],"product_tag":[],"class_list":{"0":"post-221064","1":"product","2":"type-product","3":"status-publish","4":"has-post-thumbnail","6":"product_cat-editorial-claret","7":"product_cat-espiritualidad","8":"product_cat-espiritualitat","9":"product_cat-pastoral","10":"product_cat-pastoral-1_espiritualidad","12":"first","13":"instock","14":"taxable","15":"shipping-taxable","16":"purchasable","17":"product-type-simple"},"acf":{"autor":"AMENGUAL, GABRIEL","codart":"849846518","libros-coleccion":"","ediciones":"1","encuadernacion":"R\u00fastica","fecha_de_publicacion":"15\/12\/2016","novedad":"0","paginas":"104","subtitulo":"PER UNA FENOMENOLOGIA DE L'EXIST\u00c8NCIA CRISTIANA","orden":"0","portada":"0","idioma":"cat","editorial":[{"ID":6158,"post_author":"3","post_date":"2022-07-28 17:46:08","post_date_gmt":"2022-07-28 15:46:08","post_content":"","post_title":"CLARET","post_excerpt":"","post_status":"publish","comment_status":"closed","ping_status":"closed","post_password":"","post_name":"claret","to_ping":"","pinged":"","post_modified":"2022-07-28 17:46:08","post_modified_gmt":"2022-07-28 15:46:08","post_content_filtered":"","post_parent":0,"guid":"http:\/\/dev.claret.cat\/editorial\/claret\/","menu_order":0,"post_type":"editorial","post_mime_type":"","comment_count":"0","filter":"raw"}],"autores-libros":[{"ID":271527,"post_author":"3","post_date":"2022-12-09 03:33:12","post_date_gmt":"2022-12-09 02:33:12","post_content":"","post_title":"GABRIEL AMENGUAL","post_excerpt":"","post_status":"publish","comment_status":"closed","ping_status":"closed","post_password":"","post_name":"gabriel-amengual","to_ping":"","pinged":"","post_modified":"2022-12-09 03:33:12","post_modified_gmt":"2022-12-09 02:33:12","post_content_filtered":"","post_parent":0,"guid":"http:\/\/dev.claret.cat\/autor\/gabriel-amengual\/","menu_order":0,"post_type":"autor","post_mime_type":"","comment_count":"0","filter":"raw"}]},"aioseo_notices":[],"_links":{"self":[{"href":"https:\/\/www.claret.cat\/es\/wp-json\/wp\/v2\/product\/221064","targetHints":{"allow":["GET"]}}],"collection":[{"href":"https:\/\/www.claret.cat\/es\/wp-json\/wp\/v2\/product"}],"about":[{"href":"https:\/\/www.claret.cat\/es\/wp-json\/wp\/v2\/types\/product"}],"wp:featuredmedia":[{"embeddable":true,"href":"https:\/\/www.claret.cat\/es\/wp-json\/wp\/v2\/media\/367957"}],"wp:attachment":[{"href":"https:\/\/www.claret.cat\/es\/wp-json\/wp\/v2\/media?parent=221064"}],"wp:term":[{"taxonomy":"product_brand","embeddable":true,"href":"https:\/\/www.claret.cat\/es\/wp-json\/wp\/v2\/product_brand?post=221064"},{"taxonomy":"product_cat","embeddable":true,"href":"https:\/\/www.claret.cat\/es\/wp-json\/wp\/v2\/product_cat?post=221064"},{"taxonomy":"product_tag","embeddable":true,"href":"https:\/\/www.claret.cat\/es\/wp-json\/wp\/v2\/product_tag?post=221064"}],"curies":[{"name":"wp","href":"https:\/\/api.w.org\/{rel}","templated":true}]}}