{"id":221067,"date":"2022-10-20T15:49:27","date_gmt":"2022-10-20T13:49:27","guid":{"rendered":"http:\/\/dev.claret.cat\/producte\/signum-communionis-carisma-de-la-vida-consagrada\/"},"modified":"2024-05-23T14:25:19","modified_gmt":"2024-05-23T12:25:19","slug":"signum-communionis-carisma-de-la-vida-consagrada-9788479665708","status":"publish","type":"product","link":"https:\/\/www.claret.cat\/es\/libro\/signum-communionis-carisma-de-la-vida-consagrada-9788479665708\/","title":{"rendered":"SIGNUM COMMUNIONIS. CARISMA DE LA VIDA CONSAGRADA"},"content":{"rendered":"<p>Los tiempos evolucionan. Con ellos, tambi\u00e9n la manera de ser Iglesia en el mundo. Estos cambios condicionan la forma de comprender la eclesialidad de todas las vocaciones que forman la Iglesia y, una de ellas, la vida consagrada. El replanteamiento de la presencia de los religiosos en la Iglesia obedece al redescubrimiento de un nueva manera de proceder y de ser de esta.<\/p>\n<p>El presente ensayo quiere adentrarse en la intr\u00ednseca dimensi\u00f3n eclesial de la Vida Consagrada, aludiendo a la \u00edndole simb\u00f3lico-carism\u00e1tica de la misma. Un estudio de la irradiaci\u00f3n ad intra de este carisma que es la Vida Consagrada en el interior de la comunidad eclesial.<\/p>\n","protected":false},"excerpt":{"rendered":"<p>TEJERINA, GONZALO<\/p>\n","protected":false},"featured_media":353174,"template":"","meta":{"_acf_changed":false,"om_disable_all_campaigns":false,"rs_blank_template":"","rs_page_bg_color":"","slide_template_v7":"","inline_featured_image":false,"_monsterinsights_skip_tracking":false,"_monsterinsights_sitenote_active":false,"_monsterinsights_sitenote_note":"","_monsterinsights_sitenote_category":0},"product_brand":[],"product_cat":[92,542],"product_tag":[],"class_list":{"0":"post-221067","1":"product","2":"type-product","3":"status-publish","4":"has-post-thumbnail","6":"product_cat-vida-religiosa","7":"product_cat-vida-religiosa-1_espiritualidad-spa","9":"first","10":"instock","11":"taxable","12":"shipping-taxable","13":"purchasable","14":"product-type-simple"},"acf":{"autor":"TEJERINA, GONZALO","codart":"847966570","libros-coleccion":"FUERA DE COLECCI\u00d3N","ediciones":"1","encuadernacion":"Carpeta","fecha_de_publicacion":"15\/12\/2016","novedad":"1","paginas":"288","subtitulo":"","orden":"0","portada":"0","idioma":"spa","autores-libros":[{"ID":157058,"post_author":"3","post_date":"2022-10-14 15:25:47","post_date_gmt":"2022-10-14 13:25:47","post_content":"","post_title":"GONZALO TEJERINA","post_excerpt":"","post_status":"publish","comment_status":"closed","ping_status":"closed","post_password":"","post_name":"gonzalo-tejerina","to_ping":"","pinged":"","post_modified":"2022-10-14 15:25:47","post_modified_gmt":"2022-10-14 13:25:47","post_content_filtered":"","post_parent":0,"guid":"http:\/\/dev.claret.cat\/autor\/gonzalo-tejerina\/","menu_order":0,"post_type":"autor","post_mime_type":"","comment_count":"0","filter":"raw"}],"editorial":[{"ID":262488,"post_author":"3","post_date":"2022-10-24 11:25:01","post_date_gmt":"2022-10-24 09:25:01","post_content":"","post_title":"SIGLO XXI EDITORES","post_excerpt":"","post_status":"publish","comment_status":"closed","ping_status":"closed","post_password":"","post_name":"siglo-xxi-editores","to_ping":"","pinged":"","post_modified":"2022-10-24 11:25:01","post_modified_gmt":"2022-10-24 09:25:01","post_content_filtered":"","post_parent":0,"guid":"http:\/\/dev.claret.cat\/editorial\/siglo-xxi-editores\/","menu_order":0,"post_type":"editorial","post_mime_type":"","comment_count":"0","filter":"raw"}]},"aioseo_notices":[],"_links":{"self":[{"href":"https:\/\/www.claret.cat\/es\/wp-json\/wp\/v2\/product\/221067","targetHints":{"allow":["GET"]}}],"collection":[{"href":"https:\/\/www.claret.cat\/es\/wp-json\/wp\/v2\/product"}],"about":[{"href":"https:\/\/www.claret.cat\/es\/wp-json\/wp\/v2\/types\/product"}],"wp:featuredmedia":[{"embeddable":true,"href":"https:\/\/www.claret.cat\/es\/wp-json\/wp\/v2\/media\/353174"}],"wp:attachment":[{"href":"https:\/\/www.claret.cat\/es\/wp-json\/wp\/v2\/media?parent=221067"}],"wp:term":[{"taxonomy":"product_brand","embeddable":true,"href":"https:\/\/www.claret.cat\/es\/wp-json\/wp\/v2\/product_brand?post=221067"},{"taxonomy":"product_cat","embeddable":true,"href":"https:\/\/www.claret.cat\/es\/wp-json\/wp\/v2\/product_cat?post=221067"},{"taxonomy":"product_tag","embeddable":true,"href":"https:\/\/www.claret.cat\/es\/wp-json\/wp\/v2\/product_tag?post=221067"}],"curies":[{"name":"wp","href":"https:\/\/api.w.org\/{rel}","templated":true}]}}