{"id":221286,"date":"2022-10-20T15:54:23","date_gmt":"2022-10-20T13:54:23","guid":{"rendered":"http:\/\/dev.claret.cat\/producte\/elogio-de-la-lucidez\/"},"modified":"2023-01-28T05:03:58","modified_gmt":"2023-01-28T04:03:58","slug":"elogio-de-la-lucidez-9788499885421","status":"publish","type":"product","link":"https:\/\/www.claret.cat\/es\/libro\/elogio-de-la-lucidez-9788499885421\/","title":{"rendered":"ELOGIO DE LA LUCIDEZ"},"content":{"rendered":"<p>La felicidad parece el nuevo Grial de nuestra \u00e9poca. Cuanto m\u00e1s la buscamos, m\u00e1s dif\u00edcil de alcanzar parece. Y es que la mayor\u00eda de nosotros buscamos una felicidad idealizada, imposible de conseguir, una vida sin sufrimiento, emociones siempre positivas, una autoestima firme y un desarrollo personal constante; espejismos que nos vuelven tristemente egocentrados y nos hacen perder de vista lo esencial: la posibilidad de ser felices a pesar de las vicisitudes de la vida.<br \/> Ilios Kotsou nos invita a compartir la lucidez capaz de desbaratar esas ideas ingenuas y descubrir las condiciones de una verdadera felicidad. Con inteligencia y humor nos explica c\u00f3mo una consciencia clarividente nos abre a la tolerancia, a la dulzura y a una comprensi\u00f3n m\u00e1s profunda de nuestras emociones. Se trata de aceptar nuestra vulnerabilidad como un tesoro, y descubrir en uno mismo una alegr\u00eda perdurable, sostenida por la belleza y el valor real de nuestras vidas.<\/p>\n","protected":false},"excerpt":{"rendered":"<p>KOTSOU, ILIOS<\/p>\n","protected":false},"featured_media":221287,"template":"","meta":{"_acf_changed":false,"om_disable_all_campaigns":false,"rs_blank_template":"","rs_page_bg_color":"","slide_template_v7":"","inline_featured_image":false,"_monsterinsights_skip_tracking":false,"_monsterinsights_sitenote_active":false,"_monsterinsights_sitenote_note":"","_monsterinsights_sitenote_category":0},"product_brand":[],"product_cat":[81],"product_tag":[],"class_list":{"0":"post-221286","1":"product","2":"type-product","3":"status-publish","4":"has-post-thumbnail","6":"product_cat-psicologia","8":"first","9":"instock","10":"taxable","11":"shipping-taxable","12":"purchasable","13":"product-type-simple"},"acf":{"autor":"KOTSOU, ILIOS","codart":"849988542","libros-coleccion":"Psicolog\u00eda","ediciones":"1","encuadernacion":"R\u00fastica","fecha_de_publicacion":"01\/12\/2016","novedad":"1","paginas":"215","subtitulo":"LIBERARSE DE LAS FALSAS ILUSIONES QUE NOS IMPIDEN SER FELICES","orden":"0","portada":"0","idioma":"spa","editorial":[{"ID":147993,"post_author":"3","post_date":"2022-10-14 11:54:48","post_date_gmt":"2022-10-14 09:54:48","post_content":"","post_title":"Editorial Kair\u00f3s SA","post_excerpt":"","post_status":"publish","comment_status":"closed","ping_status":"closed","post_password":"","post_name":"editorial-kairos-sa","to_ping":"","pinged":"","post_modified":"2022-10-14 11:54:48","post_modified_gmt":"2022-10-14 09:54:48","post_content_filtered":"","post_parent":0,"guid":"http:\/\/dev.claret.cat\/editorial\/editorial-kairos-sa\/","menu_order":0,"post_type":"editorial","post_mime_type":"","comment_count":"0","filter":"raw"}],"autores-libros":[{"ID":157844,"post_author":"3","post_date":"2022-10-14 15:32:05","post_date_gmt":"2022-10-14 13:32:05","post_content":"","post_title":"ILIOS KOTSOU","post_excerpt":"","post_status":"publish","comment_status":"closed","ping_status":"closed","post_password":"","post_name":"ilios-kotsou","to_ping":"","pinged":"","post_modified":"2022-10-14 15:32:05","post_modified_gmt":"2022-10-14 13:32:05","post_content_filtered":"","post_parent":0,"guid":"http:\/\/dev.claret.cat\/autor\/ilios-kotsou\/","menu_order":0,"post_type":"autor","post_mime_type":"","comment_count":"0","filter":"raw"}]},"aioseo_notices":[],"_links":{"self":[{"href":"https:\/\/www.claret.cat\/es\/wp-json\/wp\/v2\/product\/221286","targetHints":{"allow":["GET"]}}],"collection":[{"href":"https:\/\/www.claret.cat\/es\/wp-json\/wp\/v2\/product"}],"about":[{"href":"https:\/\/www.claret.cat\/es\/wp-json\/wp\/v2\/types\/product"}],"wp:featuredmedia":[{"embeddable":true,"href":"https:\/\/www.claret.cat\/es\/wp-json\/wp\/v2\/media\/221287"}],"wp:attachment":[{"href":"https:\/\/www.claret.cat\/es\/wp-json\/wp\/v2\/media?parent=221286"}],"wp:term":[{"taxonomy":"product_brand","embeddable":true,"href":"https:\/\/www.claret.cat\/es\/wp-json\/wp\/v2\/product_brand?post=221286"},{"taxonomy":"product_cat","embeddable":true,"href":"https:\/\/www.claret.cat\/es\/wp-json\/wp\/v2\/product_cat?post=221286"},{"taxonomy":"product_tag","embeddable":true,"href":"https:\/\/www.claret.cat\/es\/wp-json\/wp\/v2\/product_tag?post=221286"}],"curies":[{"name":"wp","href":"https:\/\/api.w.org\/{rel}","templated":true}]}}