{"id":221349,"date":"2022-10-20T15:55:50","date_gmt":"2022-10-20T13:55:50","guid":{"rendered":"http:\/\/dev.claret.cat\/producte\/la-vuelta-al-mundo-en-80-autores\/"},"modified":"2025-02-24T19:34:54","modified_gmt":"2025-02-24T18:34:54","slug":"la-vuelta-al-mundo-en-80-autores-9788416372317","status":"publish","type":"product","link":"https:\/\/www.claret.cat\/es\/libro\/la-vuelta-al-mundo-en-80-autores-9788416372317\/","title":{"rendered":"LA VUELTA AL MUNDO EN 80 AUTORES"},"content":{"rendered":"<p>Xavi Ay\u00e9n, uno de los grandes periodistas internacionales de las letras, ha escogido a ochenta autores de primera l\u00ednea mundial, entre ellos diecisiete Premios Nobel. Comenta y resume sus mejores t\u00edtulos en lo que constituye una aut\u00e9ntica gu\u00eda de lectura. Pero a la vez se adentra en la vida \u00edntima de los autores, quienes le revelan un mont\u00f3n de secretos de su oficio, su vida y sus convicciones.<\/p>\n","protected":false},"excerpt":{"rendered":"<p>AY\u00c9N, XAVI<\/p>\n","protected":false},"featured_media":221350,"template":"","meta":{"_acf_changed":false,"om_disable_all_campaigns":false,"rs_blank_template":"","rs_page_bg_color":"","slide_template_v7":"","inline_featured_image":false,"_monsterinsights_skip_tracking":false,"_monsterinsights_sitenote_active":false,"_monsterinsights_sitenote_note":"","_monsterinsights_sitenote_category":0},"product_brand":[],"product_cat":[87,353],"product_tag":[],"class_list":{"0":"post-221349","1":"product","2":"type-product","3":"status-publish","4":"has-post-thumbnail","6":"product_cat-literatura","7":"product_cat-literatura-2_humanidades","9":"first","10":"instock","11":"taxable","12":"shipping-taxable","13":"purchasable","14":"product-type-simple"},"acf":{"autor":"AY\u00c9N, XAVI","codart":"841637231","libros-coleccion":"SUSHI BOOKS","ediciones":"1","encuadernacion":"Carpeta","fecha_de_publicacion":"01\/12\/2016","novedad":"1","paginas":"542","subtitulo":"","orden":"0","portada":"0","idioma":"spa","editorial":[{"ID":148381,"post_author":"3","post_date":"2022-10-14 11:57:48","post_date_gmt":"2022-10-14 09:57:48","post_content":"","post_title":"LA VANGUARDIA EDICIONES","post_excerpt":"","post_status":"publish","comment_status":"closed","ping_status":"closed","post_password":"","post_name":"la-vanguardia-ediciones","to_ping":"","pinged":"","post_modified":"2022-10-14 11:57:48","post_modified_gmt":"2022-10-14 09:57:48","post_content_filtered":"","post_parent":0,"guid":"http:\/\/dev.claret.cat\/editorial\/la-vanguardia-ediciones\/","menu_order":0,"post_type":"editorial","post_mime_type":"","comment_count":"0","filter":"raw"}],"autores-libros":[{"ID":429486,"post_author":"3","post_date":"2023-05-16 09:49:18","post_date_gmt":"2023-05-16 07:49:18","post_content":"","post_title":"XAVI AYEN","post_excerpt":"","post_status":"publish","comment_status":"closed","ping_status":"closed","post_password":"","post_name":"xavi-ayen","to_ping":"","pinged":"","post_modified":"2023-05-16 09:49:18","post_modified_gmt":"2023-05-16 07:49:18","post_content_filtered":"","post_parent":0,"guid":"https:\/\/www.claret.cat\/autor\/xavi-ayen\/","menu_order":0,"post_type":"autor","post_mime_type":"","comment_count":"0","filter":"raw"}]},"aioseo_notices":[],"_links":{"self":[{"href":"https:\/\/www.claret.cat\/es\/wp-json\/wp\/v2\/product\/221349","targetHints":{"allow":["GET"]}}],"collection":[{"href":"https:\/\/www.claret.cat\/es\/wp-json\/wp\/v2\/product"}],"about":[{"href":"https:\/\/www.claret.cat\/es\/wp-json\/wp\/v2\/types\/product"}],"wp:featuredmedia":[{"embeddable":true,"href":"https:\/\/www.claret.cat\/es\/wp-json\/wp\/v2\/media\/221350"}],"wp:attachment":[{"href":"https:\/\/www.claret.cat\/es\/wp-json\/wp\/v2\/media?parent=221349"}],"wp:term":[{"taxonomy":"product_brand","embeddable":true,"href":"https:\/\/www.claret.cat\/es\/wp-json\/wp\/v2\/product_brand?post=221349"},{"taxonomy":"product_cat","embeddable":true,"href":"https:\/\/www.claret.cat\/es\/wp-json\/wp\/v2\/product_cat?post=221349"},{"taxonomy":"product_tag","embeddable":true,"href":"https:\/\/www.claret.cat\/es\/wp-json\/wp\/v2\/product_tag?post=221349"}],"curies":[{"name":"wp","href":"https:\/\/api.w.org\/{rel}","templated":true}]}}