{"id":221382,"date":"2022-10-20T15:56:36","date_gmt":"2022-10-20T13:56:36","guid":{"rendered":"http:\/\/dev.claret.cat\/producte\/el-poble-dorment\/"},"modified":"2023-01-28T15:46:29","modified_gmt":"2023-01-28T14:46:29","slug":"el-poble-dorment-9788447932900","status":"publish","type":"product","link":"https:\/\/www.claret.cat\/es\/libro\/el-poble-dorment-9788447932900\/","title":{"rendered":"EL POBLE DORMENT"},"content":{"rendered":"<p>Dormir est\u00e0 molt b\u00e9! Per\u00f2, cent anys?! \u00c9s una mica massa, oi?<br \/>El poble dorment \u00e9s una nova obra de R\u00e9becca Dautremer, pensada perqu\u00e8 els lectors gaudeixin amb les meravelloses il\u00b7lustracions d\u2019aquesta artista francesa.<\/p>\n","protected":false},"excerpt":{"rendered":"<p>DAUTREMER, R\u00c9BECCA<\/p>\n","protected":false},"featured_media":221383,"template":"","meta":{"_acf_changed":false,"om_disable_all_campaigns":false,"rs_blank_template":"","rs_page_bg_color":"","slide_template_v7":"","inline_featured_image":false,"_monsterinsights_skip_tracking":false,"_monsterinsights_sitenote_active":false,"_monsterinsights_sitenote_note":"","_monsterinsights_sitenote_category":0},"product_brand":[],"product_cat":[86],"product_tag":[],"class_list":{"0":"post-221382","1":"product","2":"type-product","3":"status-publish","4":"has-post-thumbnail","6":"product_cat-infantil","8":"first","9":"instock","10":"taxable","11":"shipping-taxable","12":"purchasable","13":"product-type-simple"},"acf":{"autor":"DAUTREMER, R\u00c9BECCA","codart":"844793290","libros-coleccion":"SUSHI BOOKS","ediciones":"1","encuadernacion":"R\u00fastica","fecha_de_publicacion":"01\/12\/2016","novedad":"1","paginas":"64","subtitulo":"","orden":"0","portada":"0","idioma":"cat","autores-libros":[{"ID":167902,"post_author":"3","post_date":"2022-10-14 18:14:55","post_date_gmt":"2022-10-14 16:14:55","post_content":"","post_title":"R\u00c9BECCA DAUTREMER","post_excerpt":"","post_status":"publish","comment_status":"closed","ping_status":"closed","post_password":"","post_name":"rebecca-dautremer","to_ping":"","pinged":"","post_modified":"2022-10-14 18:14:55","post_modified_gmt":"2022-10-14 16:14:55","post_content_filtered":"","post_parent":0,"guid":"http:\/\/dev.claret.cat\/autor\/rebecca-dautremer\/","menu_order":0,"post_type":"autor","post_mime_type":"","comment_count":"0","filter":"raw"}]},"aioseo_notices":[],"_links":{"self":[{"href":"https:\/\/www.claret.cat\/es\/wp-json\/wp\/v2\/product\/221382","targetHints":{"allow":["GET"]}}],"collection":[{"href":"https:\/\/www.claret.cat\/es\/wp-json\/wp\/v2\/product"}],"about":[{"href":"https:\/\/www.claret.cat\/es\/wp-json\/wp\/v2\/types\/product"}],"wp:featuredmedia":[{"embeddable":true,"href":"https:\/\/www.claret.cat\/es\/wp-json\/wp\/v2\/media\/221383"}],"wp:attachment":[{"href":"https:\/\/www.claret.cat\/es\/wp-json\/wp\/v2\/media?parent=221382"}],"wp:term":[{"taxonomy":"product_brand","embeddable":true,"href":"https:\/\/www.claret.cat\/es\/wp-json\/wp\/v2\/product_brand?post=221382"},{"taxonomy":"product_cat","embeddable":true,"href":"https:\/\/www.claret.cat\/es\/wp-json\/wp\/v2\/product_cat?post=221382"},{"taxonomy":"product_tag","embeddable":true,"href":"https:\/\/www.claret.cat\/es\/wp-json\/wp\/v2\/product_tag?post=221382"}],"curies":[{"name":"wp","href":"https:\/\/api.w.org\/{rel}","templated":true}]}}