{"id":221433,"date":"2022-10-20T15:57:45","date_gmt":"2022-10-20T13:57:45","guid":{"rendered":"http:\/\/dev.claret.cat\/producte\/digerir-la-vida\/"},"modified":"2023-01-27T23:38:12","modified_gmt":"2023-01-27T22:38:12","slug":"digerir-la-vida-9788416820658","status":"publish","type":"product","link":"https:\/\/www.claret.cat\/es\/libro\/digerir-la-vida-9788416820658\/","title":{"rendered":"DIGERIR LA VIDA"},"content":{"rendered":"<p>Es posible que hayas dado con este libro buscando remedios<br \/> para hacer una buena digesti\u00f3n. Quiz\u00e1 llevas d\u00e9cadas<br \/> lidiando con dolores de est\u00f3mago, gases, estre\u00f1imiento&#8230; o<br \/> problemas peores. A m\u00ed me suced\u00eda igual.<br \/> Tambi\u00e9n es posible que no quieras m\u00e1s visitas al m\u00e9dico<br \/> y hacerte infinidad de an\u00e1lisis y pruebas solo para que el<br \/> especialista te diga: \u00abNo tienes nada grave\u00bb; \u00abTodo son nervios<br \/> \u00bb, o \u00abHa sido algo pasajero: estr\u00e9s o una infecci\u00f3n o&#8230;\u00bb.<br \/> \u00bfTe has dicho que eres un misterio sin resolver y que no<br \/> entiendes qu\u00e9 pasa dentro de ti? \u00bfTe has sentido impotente<br \/> cuando los m\u00e9dicos insisten en que no tienes nada malo,<br \/> pero t\u00fa sigues encontr\u00e1ndote mal?<br \/> Tu cuerpo no te enga\u00f1a. Algo pasa. No son imaginaciones<br \/> tuyas. Mi mensaje para ti es&#8230; \u00a1No te rindas! No te consideres<br \/> un caso perdido. No te conformes con lo que te digan<br \/> uno, dos o media docena de m\u00e9dicos. Investiga, lee, busca<br \/> y, sobre todo, toma las riendas de tu vida y de tu salud.<br \/> En este libro comparto, adem\u00e1s de mis experiencias, los<br \/> conocimientos que he ido adquiriendo en un largo camino<br \/> en busca de bienestar.<br \/> La salud digestiva es un universo apasionante. Te invito a<br \/> iniciar este viaje conmigo. Atr\u00e9vete a creer. Hacer buenas<br \/> digestiones es posible&#8230; tambi\u00e9n para ti.<\/p>\n","protected":false},"excerpt":{"rendered":"<p>DE PAZ, MONTSE<\/p>\n","protected":false},"featured_media":221434,"template":"","meta":{"_acf_changed":false,"om_disable_all_campaigns":false,"rs_blank_template":"","rs_page_bg_color":"","slide_template_v7":"","inline_featured_image":false,"_monsterinsights_skip_tracking":false,"_monsterinsights_sitenote_active":false,"_monsterinsights_sitenote_note":"","_monsterinsights_sitenote_category":0},"product_brand":[],"product_cat":[97],"product_tag":[],"class_list":{"0":"post-221433","1":"product","2":"type-product","3":"status-publish","4":"has-post-thumbnail","6":"product_cat-salut","8":"first","9":"instock","10":"taxable","11":"shipping-taxable","12":"purchasable","13":"product-type-simple"},"acf":{"autor":"DE PAZ, MONTSE","codart":"841682065","libros-coleccion":"SUSHI BOOKS","ediciones":"1","encuadernacion":"R\u00fastica","fecha_de_publicacion":"01\/12\/2016","novedad":"1","paginas":"347","subtitulo":"MEJORA TU DIGESTI\u00d3N BOCADO A BOCADO","orden":"0","portada":"0","idioma":"spa","editorial":[{"ID":6331,"post_author":"3","post_date":"2022-07-28 17:49:53","post_date_gmt":"2022-07-28 15:49:53","post_content":"","post_title":"PLATAFORMA EDITORIAL","post_excerpt":"","post_status":"publish","comment_status":"closed","ping_status":"closed","post_password":"","post_name":"plataforma-editorial","to_ping":"","pinged":"","post_modified":"2022-07-28 17:49:53","post_modified_gmt":"2022-07-28 15:49:53","post_content_filtered":"","post_parent":0,"guid":"http:\/\/dev.claret.cat\/editorial\/plataforma-editorial\/","menu_order":0,"post_type":"editorial","post_mime_type":"","comment_count":"0","filter":"raw"}],"autores-libros":[{"ID":165385,"post_author":"3","post_date":"2022-10-14 17:54:45","post_date_gmt":"2022-10-14 15:54:45","post_content":"Licenciada en Filolog\u00eda Inglesa, ha dedicado gran parte de su vida a las causas humanitarias y al servicio comunitario en diversas parroquias. Desde temprana edad, su vocaci\u00f3n por la escritura se aliment\u00f3 de las ricas experiencias obtenidas en su labor social. Ha publicado varias novelas, relatos cortos y obras de espiritualidad y autoayuda.","post_title":"MONTSE DE PAZ","post_excerpt":"","post_status":"publish","comment_status":"closed","ping_status":"closed","post_password":"","post_name":"montse-de-paz","to_ping":"","pinged":"","post_modified":"2025-02-14 12:42:54","post_modified_gmt":"2025-02-14 11:42:54","post_content_filtered":"","post_parent":0,"guid":"http:\/\/dev.claret.cat\/autor\/montse-de-paz\/","menu_order":0,"post_type":"autor","post_mime_type":"","comment_count":"0","filter":"raw"}]},"aioseo_notices":[],"_links":{"self":[{"href":"https:\/\/www.claret.cat\/es\/wp-json\/wp\/v2\/product\/221433","targetHints":{"allow":["GET"]}}],"collection":[{"href":"https:\/\/www.claret.cat\/es\/wp-json\/wp\/v2\/product"}],"about":[{"href":"https:\/\/www.claret.cat\/es\/wp-json\/wp\/v2\/types\/product"}],"wp:featuredmedia":[{"embeddable":true,"href":"https:\/\/www.claret.cat\/es\/wp-json\/wp\/v2\/media\/221434"}],"wp:attachment":[{"href":"https:\/\/www.claret.cat\/es\/wp-json\/wp\/v2\/media?parent=221433"}],"wp:term":[{"taxonomy":"product_brand","embeddable":true,"href":"https:\/\/www.claret.cat\/es\/wp-json\/wp\/v2\/product_brand?post=221433"},{"taxonomy":"product_cat","embeddable":true,"href":"https:\/\/www.claret.cat\/es\/wp-json\/wp\/v2\/product_cat?post=221433"},{"taxonomy":"product_tag","embeddable":true,"href":"https:\/\/www.claret.cat\/es\/wp-json\/wp\/v2\/product_tag?post=221433"}],"curies":[{"name":"wp","href":"https:\/\/api.w.org\/{rel}","templated":true}]}}