{"id":221436,"date":"2022-10-20T15:57:49","date_gmt":"2022-10-20T13:57:49","guid":{"rendered":"http:\/\/dev.claret.cat\/producte\/neurologia-de-la-maldad\/"},"modified":"2023-01-28T21:48:04","modified_gmt":"2023-01-28T20:48:04","slug":"neurologia-de-la-maldad-9788416820672","status":"publish","type":"product","link":"https:\/\/www.claret.cat\/es\/libro\/neurologia-de-la-maldad-9788416820672\/","title":{"rendered":"NEUROLOG\u00cdA DE LA MALDAD"},"content":{"rendered":"<p>La cuota de bribones, villanos, matones y asesinos que<br \/> cada sociedad debe sufrir se renueva sin cesar. Aunque<br \/> transcurran las \u00e9pocas, las circunstancias y las generaciones,<br \/> los malvados no dejar\u00e1n de alimentar las m\u00faltiples<br \/> variantes de la criminalidad. En cualquier tiempo habr\u00e1<br \/> gente dispuesta a lastimar, torturar o perjudicar gravemente<br \/> a los dem\u00e1s. La cr\u00f3nica negra ofrece un rosario de<br \/> protagonistas destacados tanto por su crueldad, sadismo<br \/> o morbosidad como por sus formas de estafar, defraudar,<br \/> chantajear o sobornar.<br \/> Actualmente hay procedimientos para bucear con solvencia<br \/> en los circuitos cerebrales y en los engranajes neuronales<br \/> y hormonales de los individuos propensos a los<br \/> cr\u00edmenes \u00absucios\u00bb, que los distinguen de la delincuencia<br \/> \u00abhigienizada\u00bb. Neurolog\u00eda de la maldad se centra en las<br \/> investigaciones sobre la biolog\u00eda de las predisposiciones<br \/> al comportamiento asocial y amoral, conocimientos cada<br \/> vez m\u00e1s \u00fatiles para quienes desde las trincheras de la justicia<br \/> lidian con los casos m\u00e1s corrosivos. El libro parte de<br \/> casos criminales recientes de gran resonancia y ofrece un<br \/> inquietante panorama de los resortes que anidan en la<br \/> imaginaci\u00f3n de la gente m\u00e1s peligrosa, sin olvidar asimismo<br \/> las tendencias antisociales m\u00e1s comunes.<\/p>\n","protected":false},"excerpt":{"rendered":"<p>TOBE\u00d1A PALLAR\u00c9S, ADOLF<\/p>\n","protected":false},"featured_media":221437,"template":"","meta":{"_acf_changed":false,"om_disable_all_campaigns":false,"rs_blank_template":"","rs_page_bg_color":"","slide_template_v7":"","inline_featured_image":false,"_monsterinsights_skip_tracking":false,"_monsterinsights_sitenote_active":false,"_monsterinsights_sitenote_note":"","_monsterinsights_sitenote_category":0},"product_brand":[],"product_cat":[81],"product_tag":[],"class_list":{"0":"post-221436","1":"product","2":"type-product","3":"status-publish","4":"has-post-thumbnail","6":"product_cat-psicologia","8":"first","9":"instock","10":"taxable","11":"shipping-taxable","12":"purchasable","13":"product-type-simple"},"acf":{"autor":"TOBE\u00d1A PALLAR\u00c9S, ADOLF","codart":"841682067","libros-coleccion":"","ediciones":"1","encuadernacion":"R\u00fastica","fecha_de_publicacion":"01\/12\/2016","novedad":"1","paginas":"238","subtitulo":"MENTES PREDADORAS Y PERVERSAS","orden":"0","portada":"0","idioma":"spa","editorial":[{"ID":6331,"post_author":"3","post_date":"2022-07-28 17:49:53","post_date_gmt":"2022-07-28 15:49:53","post_content":"","post_title":"PLATAFORMA EDITORIAL","post_excerpt":"","post_status":"publish","comment_status":"closed","ping_status":"closed","post_password":"","post_name":"plataforma-editorial","to_ping":"","pinged":"","post_modified":"2022-07-28 17:49:53","post_modified_gmt":"2022-07-28 15:49:53","post_content_filtered":"","post_parent":0,"guid":"http:\/\/dev.claret.cat\/editorial\/plataforma-editorial\/","menu_order":0,"post_type":"editorial","post_mime_type":"","comment_count":"0","filter":"raw"}]},"aioseo_notices":[],"_links":{"self":[{"href":"https:\/\/www.claret.cat\/es\/wp-json\/wp\/v2\/product\/221436","targetHints":{"allow":["GET"]}}],"collection":[{"href":"https:\/\/www.claret.cat\/es\/wp-json\/wp\/v2\/product"}],"about":[{"href":"https:\/\/www.claret.cat\/es\/wp-json\/wp\/v2\/types\/product"}],"wp:featuredmedia":[{"embeddable":true,"href":"https:\/\/www.claret.cat\/es\/wp-json\/wp\/v2\/media\/221437"}],"wp:attachment":[{"href":"https:\/\/www.claret.cat\/es\/wp-json\/wp\/v2\/media?parent=221436"}],"wp:term":[{"taxonomy":"product_brand","embeddable":true,"href":"https:\/\/www.claret.cat\/es\/wp-json\/wp\/v2\/product_brand?post=221436"},{"taxonomy":"product_cat","embeddable":true,"href":"https:\/\/www.claret.cat\/es\/wp-json\/wp\/v2\/product_cat?post=221436"},{"taxonomy":"product_tag","embeddable":true,"href":"https:\/\/www.claret.cat\/es\/wp-json\/wp\/v2\/product_tag?post=221436"}],"curies":[{"name":"wp","href":"https:\/\/api.w.org\/{rel}","templated":true}]}}