{"id":221517,"date":"2022-10-20T15:59:41","date_gmt":"2022-10-20T13:59:41","guid":{"rendered":"http:\/\/dev.claret.cat\/producte\/universo-y-planetas-para-principiantes\/"},"modified":"2023-01-28T04:46:07","modified_gmt":"2023-01-28T03:46:07","slug":"universo-y-planetas-para-principiantes-9788466233729","status":"publish","type":"product","link":"https:\/\/www.claret.cat\/es\/libro\/universo-y-planetas-para-principiantes-9788466233729\/","title":{"rendered":"UNIVERSO Y PLANETAS PARA PRINCIPIANTES"},"content":{"rendered":"<p>El universo resulta atractivo por su lejan\u00eda e inmensidad: \u00bfte atreves a descubrir c\u00f3mo y cu\u00e1ndo se form\u00f3? Ad\u00e9ntrate en \u00e9l y aprende todos sus secretos: c\u00f3mo es nuestro planeta la Tierra y los dem\u00e1s planetas que nos rodean, de qu\u00e9 est\u00e1n formados el Sol y la Luna o el lenguaje de las constelaciones y las estrellas, esos peque\u00f1os puntos brillantes que ves cada noche al contemplar el cielo.<\/p>\n","protected":false},"excerpt":{"rendered":"<p>NIETO MART\u00cdNEZ, CARLA<\/p>\n","protected":false},"featured_media":221518,"template":"","meta":{"_acf_changed":false,"om_disable_all_campaigns":false,"rs_blank_template":"","rs_page_bg_color":"","slide_template_v7":"","inline_featured_image":false,"_monsterinsights_skip_tracking":false,"_monsterinsights_sitenote_active":false,"_monsterinsights_sitenote_note":"","_monsterinsights_sitenote_category":0},"product_brand":[],"product_cat":[16],"product_tag":[],"class_list":{"0":"post-221517","1":"product","2":"type-product","3":"status-publish","4":"has-post-thumbnail","6":"product_cat-sense-categoria","8":"first","9":"instock","10":"taxable","11":"shipping-taxable","12":"purchasable","13":"product-type-simple"},"acf":{"autor":"NIETO MART\u00cdNEZ, CARLA","codart":"846623372","libros-coleccion":"SUSHI BOOKS","ediciones":"1","encuadernacion":"Carton\u00e9","fecha_de_publicacion":"01\/12\/2016","novedad":"1","paginas":"60","subtitulo":"","orden":"0","portada":"0","idioma":"spa","editorial":[{"ID":148442,"post_author":"3","post_date":"2022-10-14 11:58:16","post_date_gmt":"2022-10-14 09:58:16","post_content":"","post_title":"Libsa","post_excerpt":"","post_status":"publish","comment_status":"closed","ping_status":"closed","post_password":"","post_name":"libsa","to_ping":"","pinged":"","post_modified":"2022-10-14 11:58:16","post_modified_gmt":"2022-10-14 09:58:16","post_content_filtered":"","post_parent":0,"guid":"http:\/\/dev.claret.cat\/editorial\/libsa\/","menu_order":0,"post_type":"editorial","post_mime_type":"","comment_count":"0","filter":"raw"}],"autores-libros":[{"ID":152113,"post_author":"3","post_date":"2022-10-14 14:46:12","post_date_gmt":"2022-10-14 12:46:12","post_content":"","post_title":"CARLA NIETO MARTINEZ","post_excerpt":"","post_status":"publish","comment_status":"closed","ping_status":"closed","post_password":"","post_name":"carla-nieto-martinez","to_ping":"","pinged":"","post_modified":"2022-10-14 14:46:12","post_modified_gmt":"2022-10-14 12:46:12","post_content_filtered":"","post_parent":0,"guid":"http:\/\/dev.claret.cat\/autor\/carla-nieto-martinez\/","menu_order":0,"post_type":"autor","post_mime_type":"","comment_count":"0","filter":"raw"}]},"aioseo_notices":[],"_links":{"self":[{"href":"https:\/\/www.claret.cat\/es\/wp-json\/wp\/v2\/product\/221517","targetHints":{"allow":["GET"]}}],"collection":[{"href":"https:\/\/www.claret.cat\/es\/wp-json\/wp\/v2\/product"}],"about":[{"href":"https:\/\/www.claret.cat\/es\/wp-json\/wp\/v2\/types\/product"}],"wp:featuredmedia":[{"embeddable":true,"href":"https:\/\/www.claret.cat\/es\/wp-json\/wp\/v2\/media\/221518"}],"wp:attachment":[{"href":"https:\/\/www.claret.cat\/es\/wp-json\/wp\/v2\/media?parent=221517"}],"wp:term":[{"taxonomy":"product_brand","embeddable":true,"href":"https:\/\/www.claret.cat\/es\/wp-json\/wp\/v2\/product_brand?post=221517"},{"taxonomy":"product_cat","embeddable":true,"href":"https:\/\/www.claret.cat\/es\/wp-json\/wp\/v2\/product_cat?post=221517"},{"taxonomy":"product_tag","embeddable":true,"href":"https:\/\/www.claret.cat\/es\/wp-json\/wp\/v2\/product_tag?post=221517"}],"curies":[{"name":"wp","href":"https:\/\/api.w.org\/{rel}","templated":true}]}}