{"id":221574,"date":"2022-10-20T16:01:21","date_gmt":"2022-10-20T14:01:21","guid":{"rendered":"http:\/\/dev.claret.cat\/producte\/los-libros-sagrados-en-las-grandes-religiones\/"},"modified":"2026-01-28T12:01:18","modified_gmt":"2026-01-28T11:01:18","slug":"los-libros-sagrados-en-las-grandes-religiones-9788425439070","status":"publish","type":"product","link":"https:\/\/www.claret.cat\/es\/libro\/los-libros-sagrados-en-las-grandes-religiones-9788425439070\/","title":{"rendered":"LOS LIBROS SAGRADOS EN LAS GRANDES RELIGIONES"},"content":{"rendered":"<p>\u00bfDe qu\u00e9 forma un texto religioso se convierte en Escritura Sagrada? Este libro expone con gran claridad y rigor c\u00f3mo se ha dado este proceso hist\u00f3rico en las grandes religiones del mundo.<\/p>\n<p>Aunque en la Espa\u00f1a moderna, el laicismo y el pragmatismo de la sociedad han hecho que la influencia de la Biblia se haya reducido notablemente, se percibe su influencia en m\u00faltiples campos de nuestro pasado y presente cultural: en la lengua (proverbios, m\u00e1ximas b\u00edblicas, im\u00e1genes), en la literatura (personajes, situaciones, alusiones al mundo b\u00edblico), en la arquitectura, en la pintura y en la m\u00fasica.<\/p>\n<p>Los libros sagrados en las grandes religiones trata de las cinco religiones m\u00e1s importantes del mundo: Hinduismo, Juda\u00edsmo, Cristianismo, Islam y Budismo. Cada religi\u00f3n, tiene un tratamiento en tres partes: La primera presenta cu\u00e1les son los libros sagrados de cada religi\u00f3n, de qu\u00e9 material b\u00e1sico est\u00e1n compuestos, en qu\u00e9 grupos, clases o g\u00e9neros se dividen, y c\u00f3mo tales libros marcan el contenido y el tono de esa religi\u00f3n concreta. La segunda trata espec\u00edficamente del proceso y de las razones por las que ciertas obras llegan a formar un canon o lista cerrada de &#8216;escritos sagrados&#8217;, &#8216;revelados&#8217; o &#8216;inspirados&#8217;, intentando aclarar, en lo posible, un proceso hist\u00f3rico de delimitaci\u00f3n de un grupo dentro de un espectro, a veces amplio, de posibles obras candidatas a ser consideradas &#8216;sagradas&#8217;. La tercera se pregunta por el papel desempe\u00f1ado por determinadas posturas rigoristas en la interpretaci\u00f3n de tales escrituras sagradas, que sustentan un fundamentalismo religioso con amplias repercusiones.<\/p>\n","protected":false},"excerpt":{"rendered":"<p>PI\u00d1ERO-JES\u00daS PEL\u00c1EZ, ANTONIO<\/p>\n","protected":false},"featured_media":331489,"template":"","meta":{"_acf_changed":false,"om_disable_all_campaigns":false,"rs_blank_template":"","rs_page_bg_color":"","slide_template_v7":"","inline_featured_image":false,"_monsterinsights_skip_tracking":false,"_monsterinsights_sitenote_active":false,"_monsterinsights_sitenote_note":"","_monsterinsights_sitenote_category":0},"product_brand":[],"product_cat":[75,341,544,94],"product_tag":[],"class_list":{"0":"post-221574","1":"product","2":"type-product","3":"status-publish","4":"has-post-thumbnail","6":"product_cat-biblia","7":"product_cat-biblia-es","8":"product_cat-religiones","9":"product_cat-religions","11":"first","12":"instock","13":"taxable","14":"shipping-taxable","15":"purchasable","16":"product-type-simple"},"acf":{"autor":"PI\u00d1ERO-JES\u00daS PEL\u00c1EZ, ANTONIO","codart":"842543907","libros-coleccion":"SUSHI BOOKS","ediciones":"1","encuadernacion":"R\u00fastica","fecha_de_publicacion":"29\/11\/2016","novedad":"1","paginas":"300","subtitulo":"LOS FUNDAMENTALISMOS","orden":"0","portada":"0","idioma":"spa","editorial":[{"ID":6266,"post_author":"3","post_date":"2022-07-28 17:48:31","post_date_gmt":"2022-07-28 15:48:31","post_content":"","post_title":"HERDER","post_excerpt":"","post_status":"publish","comment_status":"closed","ping_status":"closed","post_password":"","post_name":"herder","to_ping":"","pinged":"","post_modified":"2022-07-28 17:48:31","post_modified_gmt":"2022-07-28 15:48:31","post_content_filtered":"","post_parent":0,"guid":"http:\/\/dev.claret.cat\/editorial\/herder\/","menu_order":0,"post_type":"editorial","post_mime_type":"","comment_count":"0","filter":"raw"}],"autores-libros":[{"ID":281668,"post_author":"3","post_date":"2022-12-09 23:26:20","post_date_gmt":"2022-12-09 22:26:20","post_content":"","post_title":"ANTONIO PI\u00d1ERO-JES\u00daS PEL\u00c1EZ","post_excerpt":"","post_status":"publish","comment_status":"closed","ping_status":"closed","post_password":"","post_name":"antonio-pinero-jesus-pelaez","to_ping":"","pinged":"","post_modified":"2022-12-09 23:26:20","post_modified_gmt":"2022-12-09 22:26:20","post_content_filtered":"","post_parent":0,"guid":"http:\/\/dev.claret.cat\/autor\/antonio-pinero-jesus-pelaez\/","menu_order":0,"post_type":"autor","post_mime_type":"","comment_count":"0","filter":"raw"}],"booktrailer":"","resenas":""},"aioseo_notices":[],"_links":{"self":[{"href":"https:\/\/www.claret.cat\/es\/wp-json\/wp\/v2\/product\/221574","targetHints":{"allow":["GET"]}}],"collection":[{"href":"https:\/\/www.claret.cat\/es\/wp-json\/wp\/v2\/product"}],"about":[{"href":"https:\/\/www.claret.cat\/es\/wp-json\/wp\/v2\/types\/product"}],"wp:featuredmedia":[{"embeddable":true,"href":"https:\/\/www.claret.cat\/es\/wp-json\/wp\/v2\/media\/331489"}],"wp:attachment":[{"href":"https:\/\/www.claret.cat\/es\/wp-json\/wp\/v2\/media?parent=221574"}],"wp:term":[{"taxonomy":"product_brand","embeddable":true,"href":"https:\/\/www.claret.cat\/es\/wp-json\/wp\/v2\/product_brand?post=221574"},{"taxonomy":"product_cat","embeddable":true,"href":"https:\/\/www.claret.cat\/es\/wp-json\/wp\/v2\/product_cat?post=221574"},{"taxonomy":"product_tag","embeddable":true,"href":"https:\/\/www.claret.cat\/es\/wp-json\/wp\/v2\/product_tag?post=221574"}],"curies":[{"name":"wp","href":"https:\/\/api.w.org\/{rel}","templated":true}]}}