{"id":221580,"date":"2022-10-20T16:01:29","date_gmt":"2022-10-20T14:01:29","guid":{"rendered":"http:\/\/dev.claret.cat\/producte\/diccionario-panikkariano\/"},"modified":"2026-01-28T12:36:09","modified_gmt":"2026-01-28T11:36:09","slug":"diccionario-panikkariano-9788425437243","status":"publish","type":"product","link":"https:\/\/www.claret.cat\/es\/libro\/diccionario-panikkariano-9788425437243\/","title":{"rendered":"DICCIONARIO PANIKKARIANO"},"content":{"rendered":"<p>Raimon Panikkar (1918-2010) fue uno de los grandes pensadores  de nuestro tiempo, en el campo del pensamiento  filosofico, teol\u00f3gico, intercultural e interreligioso. Este  Diccionario panikkariano ser\u00e1 de gran inter\u00e9s y utilidad  para el lector de la obr<\/p>\n","protected":false},"excerpt":{"rendered":"<p>P\u00c9REZ PRIETO, VICTORINO; MEZA RUEDA, JOS\u00c9<\/p>\n","protected":false},"featured_media":331375,"template":"","meta":{"_acf_changed":false,"om_disable_all_campaigns":false,"rs_blank_template":"","rs_page_bg_color":"","slide_template_v7":"","inline_featured_image":false,"_monsterinsights_skip_tracking":false,"_monsterinsights_sitenote_active":false,"_monsterinsights_sitenote_note":"","_monsterinsights_sitenote_category":0},"product_brand":[],"product_cat":[345,79,83,349,544,94],"product_tag":[],"class_list":{"0":"post-221580","1":"product","2":"type-product","3":"status-publish","4":"has-post-thumbnail","6":"product_cat-espiritualidad","7":"product_cat-espiritualitat","8":"product_cat-filosofia","9":"product_cat-filosofia-2_humanidades","10":"product_cat-religiones","11":"product_cat-religions","13":"first","14":"instock","15":"taxable","16":"shipping-taxable","17":"purchasable","18":"product-type-simple"},"acf":{"autor":"P\u00c9REZ PRIETO, VICTORINO; MEZA RUEDA, JOS\u00c9","codart":"842543724","libros-coleccion":"Religi\u00f3n","ediciones":"1","encuadernacion":"R\u00fastica","fecha_de_publicacion":"29\/11\/2016","novedad":"1","paginas":"400","subtitulo":"","orden":"0","portada":"0","idioma":"spa","editorial":[{"ID":6266,"post_author":"3","post_date":"2022-07-28 17:48:31","post_date_gmt":"2022-07-28 15:48:31","post_content":"","post_title":"HERDER","post_excerpt":"","post_status":"publish","comment_status":"closed","ping_status":"closed","post_password":"","post_name":"herder","to_ping":"","pinged":"","post_modified":"2022-07-28 17:48:31","post_modified_gmt":"2022-07-28 15:48:31","post_content_filtered":"","post_parent":0,"guid":"http:\/\/dev.claret.cat\/editorial\/herder\/","menu_order":0,"post_type":"editorial","post_mime_type":"","comment_count":"0","filter":"raw"}],"autores-libros":[{"ID":280939,"post_author":"3","post_date":"2022-12-09 21:52:30","post_date_gmt":"2022-12-09 20:52:30","post_content":"","post_title":"VICTORINO P\u00c9REZ PRIETO","post_excerpt":"","post_status":"publish","comment_status":"closed","ping_status":"closed","post_password":"","post_name":"victorino-perez-prieto","to_ping":"","pinged":"","post_modified":"2022-12-09 21:52:30","post_modified_gmt":"2022-12-09 20:52:30","post_content_filtered":"","post_parent":0,"guid":"http:\/\/dev.claret.cat\/autor\/victorino-perez-prieto\/","menu_order":0,"post_type":"autor","post_mime_type":"","comment_count":"0","filter":"raw"},{"ID":281513,"post_author":"3","post_date":"2022-12-09 23:12:47","post_date_gmt":"2022-12-09 22:12:47","post_content":"","post_title":"JOS\u00c9 MEZA RUEDA","post_excerpt":"","post_status":"publish","comment_status":"closed","ping_status":"closed","post_password":"","post_name":"jose-meza-rueda","to_ping":"","pinged":"","post_modified":"2022-12-09 23:12:47","post_modified_gmt":"2022-12-09 22:12:47","post_content_filtered":"","post_parent":0,"guid":"http:\/\/dev.claret.cat\/autor\/jose-meza-rueda\/","menu_order":0,"post_type":"autor","post_mime_type":"","comment_count":"0","filter":"raw"}],"booktrailer":"","resenas":""},"aioseo_notices":[],"_links":{"self":[{"href":"https:\/\/www.claret.cat\/es\/wp-json\/wp\/v2\/product\/221580","targetHints":{"allow":["GET"]}}],"collection":[{"href":"https:\/\/www.claret.cat\/es\/wp-json\/wp\/v2\/product"}],"about":[{"href":"https:\/\/www.claret.cat\/es\/wp-json\/wp\/v2\/types\/product"}],"wp:featuredmedia":[{"embeddable":true,"href":"https:\/\/www.claret.cat\/es\/wp-json\/wp\/v2\/media\/331375"}],"wp:attachment":[{"href":"https:\/\/www.claret.cat\/es\/wp-json\/wp\/v2\/media?parent=221580"}],"wp:term":[{"taxonomy":"product_brand","embeddable":true,"href":"https:\/\/www.claret.cat\/es\/wp-json\/wp\/v2\/product_brand?post=221580"},{"taxonomy":"product_cat","embeddable":true,"href":"https:\/\/www.claret.cat\/es\/wp-json\/wp\/v2\/product_cat?post=221580"},{"taxonomy":"product_tag","embeddable":true,"href":"https:\/\/www.claret.cat\/es\/wp-json\/wp\/v2\/product_tag?post=221580"}],"curies":[{"name":"wp","href":"https:\/\/api.w.org\/{rel}","templated":true}]}}