{"id":221687,"date":"2022-10-20T16:04:10","date_gmt":"2022-10-20T14:04:10","guid":{"rendered":"http:\/\/dev.claret.cat\/producte\/autobiografia-portugues-san-antonio-maria-claret\/"},"modified":"2024-05-22T18:27:26","modified_gmt":"2024-05-22T16:27:26","slug":"autobiografia-portugues-san-antonio-maria-claret-9788498465129","status":"publish","type":"product","link":"https:\/\/www.claret.cat\/es\/libro\/autobiografia-portugues-san-antonio-maria-claret-9788498465129\/","title":{"rendered":"AUTOBIOGRAFIA &#8211;  PORTUGU\u00c9S &#8211; SAN ANTONIO MAR\u00cdA CLARET"},"content":{"rendered":"","protected":false},"excerpt":{"rendered":"<p>SAN ANTONIO MAR\u00cdA CLARET<\/p>\n","protected":false},"featured_media":367947,"template":"","meta":{"_acf_changed":false,"om_disable_all_campaigns":false,"rs_blank_template":"","rs_page_bg_color":"","slide_template_v7":"","inline_featured_image":false,"_monsterinsights_skip_tracking":false,"_monsterinsights_sitenote_active":false,"_monsterinsights_sitenote_note":"","_monsterinsights_sitenote_category":0},"product_brand":[],"product_cat":[581,78,344,545,95],"product_tag":[],"class_list":{"0":"post-221687","1":"product","2":"type-product","3":"status-publish","4":"has-post-thumbnail","6":"product_cat-editorial-claret","7":"product_cat-pastoral","8":"product_cat-pastoral-1_espiritualidad","9":"product_cat-santoral-1_espiritualidad-spa","10":"product_cat-santoral","12":"first","13":"instock","14":"taxable","15":"shipping-taxable","16":"purchasable","17":"product-type-simple"},"acf":{"autor":"SAN ANTONIO MAR\u00cdA CLARET","codart":"849846512","libros-coleccion":"","ediciones":"1","encuadernacion":"R\u00fastica","fecha_de_publicacion":"18\/11\/2016","novedad":"0","paginas":"520","subtitulo":"","orden":"0","portada":"0","idioma":"spa","editorial":[{"ID":6158,"post_author":"3","post_date":"2022-07-28 17:46:08","post_date_gmt":"2022-07-28 15:46:08","post_content":"","post_title":"CLARET","post_excerpt":"","post_status":"publish","comment_status":"closed","ping_status":"closed","post_password":"","post_name":"claret","to_ping":"","pinged":"","post_modified":"2022-07-28 17:46:08","post_modified_gmt":"2022-07-28 15:46:08","post_content_filtered":"","post_parent":0,"guid":"http:\/\/dev.claret.cat\/editorial\/claret\/","menu_order":0,"post_type":"editorial","post_mime_type":"","comment_count":"0","filter":"raw"}],"autores-libros":[{"ID":271520,"post_author":"3","post_date":"2022-12-09 03:32:55","post_date_gmt":"2022-12-09 02:32:55","post_content":"","post_title":"SAN ANTONIO MAR\u00cdA CLARET","post_excerpt":"","post_status":"publish","comment_status":"closed","ping_status":"closed","post_password":"","post_name":"san-antonio-maria-claret","to_ping":"","pinged":"","post_modified":"2022-12-09 03:32:55","post_modified_gmt":"2022-12-09 02:32:55","post_content_filtered":"","post_parent":0,"guid":"http:\/\/dev.claret.cat\/autor\/san-antonio-maria-claret\/","menu_order":0,"post_type":"autor","post_mime_type":"","comment_count":"0","filter":"raw"}]},"aioseo_notices":[],"_links":{"self":[{"href":"https:\/\/www.claret.cat\/es\/wp-json\/wp\/v2\/product\/221687","targetHints":{"allow":["GET"]}}],"collection":[{"href":"https:\/\/www.claret.cat\/es\/wp-json\/wp\/v2\/product"}],"about":[{"href":"https:\/\/www.claret.cat\/es\/wp-json\/wp\/v2\/types\/product"}],"wp:featuredmedia":[{"embeddable":true,"href":"https:\/\/www.claret.cat\/es\/wp-json\/wp\/v2\/media\/367947"}],"wp:attachment":[{"href":"https:\/\/www.claret.cat\/es\/wp-json\/wp\/v2\/media?parent=221687"}],"wp:term":[{"taxonomy":"product_brand","embeddable":true,"href":"https:\/\/www.claret.cat\/es\/wp-json\/wp\/v2\/product_brand?post=221687"},{"taxonomy":"product_cat","embeddable":true,"href":"https:\/\/www.claret.cat\/es\/wp-json\/wp\/v2\/product_cat?post=221687"},{"taxonomy":"product_tag","embeddable":true,"href":"https:\/\/www.claret.cat\/es\/wp-json\/wp\/v2\/product_tag?post=221687"}],"curies":[{"name":"wp","href":"https:\/\/api.w.org\/{rel}","templated":true}]}}