{"id":221714,"date":"2022-10-20T16:04:47","date_gmt":"2022-10-20T14:04:47","guid":{"rendered":"http:\/\/dev.claret.cat\/producte\/james-joyce-en-90-minutos\/"},"modified":"2024-05-24T03:39:46","modified_gmt":"2024-05-24T01:39:46","slug":"james-joyce-en-90-minutos-9788432318375","status":"publish","type":"product","link":"https:\/\/www.claret.cat\/es\/libro\/james-joyce-en-90-minutos-9788432318375\/","title":{"rendered":"JAMES JOYCE EN 90 MINUTOS"},"content":{"rendered":"<p>En su Ulises, obra clave del modernismo, Joyce hizo a\u00f1icos las convenciones realistas de la novela burguesa. Creaba un realismo completamente nuevo a partir de la psicolog\u00eda freudiana, el arte de Picasso, la f\u00edsica Einstein, la m\u00fasica de Stravinski, la filosof\u00eda de Wittgenstein, reflejando las maneras absolutamente novedosas en que la humanidad comenzaba a entenderse y a entender el mundo la rodea. El mon\u00f3logo interior joyceano escandaliz\u00f3, pero era el arte del futuro. El siglo XX hab\u00eda dado con su voz.<br \/>En Joyce en 90 minutos, Paul Strathern nos ofrece un relato tan conciso como experto sobre la vida y obra de Joyce, y explica su influencia sobre la literatura y la lucha del hombre para entender su lugar en el mundo. El libro incluye asimismo una cronolog\u00eda de su vida y \u00e9poca, as\u00ed como lecturas recomendadas para quienes quieran saber m\u00e1s.<\/p>\n","protected":false},"excerpt":{"rendered":"<p>STRATHERN, PAUL<\/p>\n","protected":false},"featured_media":345171,"template":"","meta":{"_acf_changed":false,"om_disable_all_campaigns":false,"rs_blank_template":"","rs_page_bg_color":"","slide_template_v7":"","inline_featured_image":false,"_monsterinsights_skip_tracking":false,"_monsterinsights_sitenote_active":false,"_monsterinsights_sitenote_note":"","_monsterinsights_sitenote_category":0},"product_brand":[],"product_cat":[353,87],"product_tag":[],"class_list":{"0":"post-221714","1":"product","2":"type-product","3":"status-publish","4":"has-post-thumbnail","6":"product_cat-literatura-2_humanidades","7":"product_cat-literatura","9":"first","10":"instock","11":"taxable","12":"shipping-taxable","13":"purchasable","14":"product-type-simple"},"acf":{"autor":"STRATHERN, PAUL","codart":"843231837","libros-coleccion":"90 MINUTOS","ediciones":"1","encuadernacion":"R\u00fastica","fecha_de_publicacion":"17\/11\/2016","novedad":"1","paginas":"112","subtitulo":"","orden":"0","portada":"0","idioma":"spa","editorial":[{"ID":6363,"post_author":"3","post_date":"2022-07-28 17:50:35","post_date_gmt":"2022-07-28 15:50:35","post_content":"","post_title":"SIGLO XXI, EDICIONES","post_excerpt":"","post_status":"publish","comment_status":"closed","ping_status":"closed","post_password":"","post_name":"siglo-xxi-ediciones","to_ping":"","pinged":"","post_modified":"2022-07-28 17:50:35","post_modified_gmt":"2022-07-28 15:50:35","post_content_filtered":"","post_parent":0,"guid":"http:\/\/dev.claret.cat\/editorial\/siglo-xxi-ediciones\/","menu_order":0,"post_type":"editorial","post_mime_type":"","comment_count":"0","filter":"raw"}],"autores-libros":[{"ID":166754,"post_author":"3","post_date":"2022-10-14 18:05:47","post_date_gmt":"2022-10-14 16:05:47","post_content":"","post_title":"PAUL STRATHERN","post_excerpt":"","post_status":"publish","comment_status":"closed","ping_status":"closed","post_password":"","post_name":"paul-strathern","to_ping":"","pinged":"","post_modified":"2022-10-14 18:05:47","post_modified_gmt":"2022-10-14 16:05:47","post_content_filtered":"","post_parent":0,"guid":"http:\/\/dev.claret.cat\/autor\/paul-strathern\/","menu_order":0,"post_type":"autor","post_mime_type":"","comment_count":"0","filter":"raw"}]},"aioseo_notices":[],"_links":{"self":[{"href":"https:\/\/www.claret.cat\/es\/wp-json\/wp\/v2\/product\/221714","targetHints":{"allow":["GET"]}}],"collection":[{"href":"https:\/\/www.claret.cat\/es\/wp-json\/wp\/v2\/product"}],"about":[{"href":"https:\/\/www.claret.cat\/es\/wp-json\/wp\/v2\/types\/product"}],"wp:featuredmedia":[{"embeddable":true,"href":"https:\/\/www.claret.cat\/es\/wp-json\/wp\/v2\/media\/345171"}],"wp:attachment":[{"href":"https:\/\/www.claret.cat\/es\/wp-json\/wp\/v2\/media?parent=221714"}],"wp:term":[{"taxonomy":"product_brand","embeddable":true,"href":"https:\/\/www.claret.cat\/es\/wp-json\/wp\/v2\/product_brand?post=221714"},{"taxonomy":"product_cat","embeddable":true,"href":"https:\/\/www.claret.cat\/es\/wp-json\/wp\/v2\/product_cat?post=221714"},{"taxonomy":"product_tag","embeddable":true,"href":"https:\/\/www.claret.cat\/es\/wp-json\/wp\/v2\/product_tag?post=221714"}],"curies":[{"name":"wp","href":"https:\/\/api.w.org\/{rel}","templated":true}]}}