{"id":221759,"date":"2022-10-20T16:05:50","date_gmt":"2022-10-20T14:05:50","guid":{"rendered":"http:\/\/dev.claret.cat\/producte\/amapola-negra-ii\/"},"modified":"2023-01-28T14:46:58","modified_gmt":"2023-01-28T13:46:58","slug":"amapola-negra-ii-9788494618239","status":"publish","type":"product","link":"https:\/\/www.claret.cat\/es\/libro\/amapola-negra-ii-9788494618239\/","title":{"rendered":"AMAPOLA NEGRA II"},"content":{"rendered":"<p>En el a\u00f1o 1915 no hay esperanzas de que la guerra finalice. Los dos bandos intensifican su actividad b\u00e9lica. En tierra, se trabaja en el desarrollo de nuevas armas y se generaliza el uso de los temidos gases qu\u00edmicos. En el mar, los submarinos alemanes son una amenaza constante para barcos y mercanc\u00edas. Y en el aire la tecnolog\u00eda perfecciona el potencial mort\u00edfero de los aviones.<\/p>\n<p>Italia abandona su neutralidad y se une a los aliados. Un nuevo frente en el Imperio Otomano, en la pen\u00ednsula de Gal\u00edpoli, dar\u00e1 lugar a episodios dram\u00e1ticos. A principios de 1916 se inicia la batalla m\u00e1s larga y sangrienta de la Gran Guerra, la de Verd\u00fan, aut\u00e9ntica ratonera para todos los ej\u00e9rcitos involucrados.<\/p>\n<p>Brigitte Labenne persiste en contribuir al cese de las hostilidades. Otto von Durnstein, inmerso en experiencias extremas, es pesimista sobre el \u00e9xito de su bando. Henry Taylor interviene al fin en la batalla europea y se re\u00fane con sus paisanos de Terranova. Baltasar Mon\u00e9 contin\u00faa con sus negocios empresariales y aprovecha la inercia de las nuevas necesidades de material b\u00e9lico. Y Enzo Salandra, profundamente marcado por la decisi\u00f3n de su pa\u00eds, Italia, debe tomar decisiones trascendentales para su futuro y el de otros personajes.<\/p>\n","protected":false},"excerpt":{"rendered":"<p>MELENO, FRANCISCO<\/p>\n","protected":false},"featured_media":221760,"template":"","meta":{"_acf_changed":false,"om_disable_all_campaigns":false,"rs_blank_template":"","rs_page_bg_color":"","slide_template_v7":"","inline_featured_image":false,"_monsterinsights_skip_tracking":false,"_monsterinsights_sitenote_active":false,"_monsterinsights_sitenote_note":"","_monsterinsights_sitenote_category":0},"product_brand":[],"product_cat":[85,87],"product_tag":[],"class_list":{"0":"post-221759","1":"product","2":"type-product","3":"status-publish","4":"has-post-thumbnail","6":"product_cat-historia","7":"product_cat-literatura","9":"first","10":"instock","11":"taxable","12":"shipping-taxable","13":"purchasable","14":"product-type-simple"},"acf":{"autor":"MELENO, FRANCISCO","codart":"849461823","libros-coleccion":"","ediciones":"1","encuadernacion":"R\u00fastica","fecha_de_publicacion":"16\/11\/2016","novedad":"1","paginas":"267","subtitulo":"I GUERRA MUNDIAL, ECLOSI\u00d3N, 1915-1916","orden":"0","portada":"0","idioma":"spa","editorial":[{"ID":148226,"post_author":"3","post_date":"2022-10-14 11:56:36","post_date_gmt":"2022-10-14 09:56:36","post_content":"","post_title":"GREGAL LLIBRES, CONSORCI D'EDI","post_excerpt":"","post_status":"publish","comment_status":"closed","ping_status":"closed","post_password":"","post_name":"gregal-llibres-consorci-dedi","to_ping":"","pinged":"","post_modified":"2022-10-14 11:56:36","post_modified_gmt":"2022-10-14 09:56:36","post_content_filtered":"","post_parent":0,"guid":"http:\/\/dev.claret.cat\/editorial\/gregal-llibres-consorci-dedi\/","menu_order":0,"post_type":"editorial","post_mime_type":"","comment_count":"0","filter":"raw"}]},"aioseo_notices":[],"_links":{"self":[{"href":"https:\/\/www.claret.cat\/es\/wp-json\/wp\/v2\/product\/221759","targetHints":{"allow":["GET"]}}],"collection":[{"href":"https:\/\/www.claret.cat\/es\/wp-json\/wp\/v2\/product"}],"about":[{"href":"https:\/\/www.claret.cat\/es\/wp-json\/wp\/v2\/types\/product"}],"wp:featuredmedia":[{"embeddable":true,"href":"https:\/\/www.claret.cat\/es\/wp-json\/wp\/v2\/media\/221760"}],"wp:attachment":[{"href":"https:\/\/www.claret.cat\/es\/wp-json\/wp\/v2\/media?parent=221759"}],"wp:term":[{"taxonomy":"product_brand","embeddable":true,"href":"https:\/\/www.claret.cat\/es\/wp-json\/wp\/v2\/product_brand?post=221759"},{"taxonomy":"product_cat","embeddable":true,"href":"https:\/\/www.claret.cat\/es\/wp-json\/wp\/v2\/product_cat?post=221759"},{"taxonomy":"product_tag","embeddable":true,"href":"https:\/\/www.claret.cat\/es\/wp-json\/wp\/v2\/product_tag?post=221759"}],"curies":[{"name":"wp","href":"https:\/\/api.w.org\/{rel}","templated":true}]}}