{"id":221762,"date":"2022-10-20T16:05:54","date_gmt":"2022-10-20T14:05:54","guid":{"rendered":"http:\/\/dev.claret.cat\/producte\/cartas-del-diablo-a-su-sobrino-nueva-edicion\/"},"modified":"2026-02-25T13:55:10","modified_gmt":"2026-02-25T12:55:10","slug":"cartas-del-diablo-a-su-sobrino-nueva-edicion-9788432147357","status":"publish","type":"product","link":"https:\/\/www.claret.cat\/es\/libro\/cartas-del-diablo-a-su-sobrino-nueva-edicion-9788432147357\/","title":{"rendered":"CARTAS DEL DIABLO A SU SOBRINO &#8211; NUEVA EDICI\u00d3N"},"content":{"rendered":"<p>La originalidad de su planteamiento, el maravilloso estilo de escritura y la agudeza de su autor, convierten a este t\u00edtulo uno de los m\u00e1s reconocidos y brillantes de Lewis.<\/p>\n<p>Esta obra est\u00e1 compuesta por diferentes cartas breves que un demonio ya mayor escribe a un demonio de menor edad -su sobrino- para ense\u00f1arle el oficio de provocar a los hombres. A trav\u00e9s de esa correspondencia se van mostrando importantes preguntas que todos nos formulamos.<\/p>\n<p>Lewis describe acertadamente las corrientes de pensamiento, las costumbres y h\u00e1bitos de vida habituales en el mundo actual, y alterna esa descripci\u00f3n con una cr\u00edtica acertada. La exclusividad de sus pensamientos exponen en un estilo ingenioso y ameno, sugerente para el lector medio.<\/p>\n","protected":false},"excerpt":{"rendered":"<p>LEWIS, C.S.<\/p>\n","protected":false},"featured_media":1079006,"template":"","meta":{"_acf_changed":false,"om_disable_all_campaigns":false,"rs_blank_template":"","rs_page_bg_color":"","slide_template_v7":"","inline_featured_image":false,"_monsterinsights_skip_tracking":false,"_monsterinsights_sitenote_active":false,"_monsterinsights_sitenote_note":"","_monsterinsights_sitenote_category":0},"product_brand":[],"product_cat":[345,79,78,344,76,342],"product_tag":[],"class_list":{"0":"post-221762","1":"product","2":"type-product","3":"status-publish","4":"has-post-thumbnail","6":"product_cat-espiritualidad","7":"product_cat-espiritualitat","8":"product_cat-pastoral","9":"product_cat-pastoral-1_espiritualidad","10":"product_cat-teologia","11":"product_cat-teologia-1_espiritualidad","13":"first","14":"instock","15":"taxable","16":"shipping-taxable","17":"purchasable","18":"product-type-simple"},"acf":{"autor":"LEWIS, C.S.","codart":"843214735","libros-coleccion":"Literaria","ediciones":"20","encuadernacion":"R\u00fastica","fecha_de_publicacion":"16\/11\/2016","novedad":"1","paginas":"160","subtitulo":"","orden":"0","portada":"0","idioma":"spa","editorial":[{"ID":6348,"post_author":"3","post_date":"2022-07-28 17:50:16","post_date_gmt":"2022-07-28 15:50:16","post_content":"","post_title":"Rialp","post_excerpt":"","post_status":"publish","comment_status":"closed","ping_status":"closed","post_password":"","post_name":"rialp","to_ping":"","pinged":"","post_modified":"2022-07-28 17:50:16","post_modified_gmt":"2022-07-28 15:50:16","post_content_filtered":"","post_parent":0,"guid":"http:\/\/dev.claret.cat\/editorial\/rialp\/","menu_order":0,"post_type":"editorial","post_mime_type":"","comment_count":"0","filter":"raw"}],"autores-libros":[{"ID":151994,"post_author":"3","post_date":"2022-10-14 14:45:16","post_date_gmt":"2022-10-14 12:45:16","post_content":"","post_title":"C.S. LEWIS","post_excerpt":"","post_status":"publish","comment_status":"closed","ping_status":"closed","post_password":"","post_name":"c-s-lewis-2","to_ping":"","pinged":"","post_modified":"2022-10-14 14:45:16","post_modified_gmt":"2022-10-14 12:45:16","post_content_filtered":"","post_parent":0,"guid":"http:\/\/dev.claret.cat\/autor\/c-s-lewis-2\/","menu_order":0,"post_type":"autor","post_mime_type":"","comment_count":"0","filter":"raw"}],"booktrailer":"","resenas":""},"aioseo_notices":[],"_links":{"self":[{"href":"https:\/\/www.claret.cat\/es\/wp-json\/wp\/v2\/product\/221762","targetHints":{"allow":["GET"]}}],"collection":[{"href":"https:\/\/www.claret.cat\/es\/wp-json\/wp\/v2\/product"}],"about":[{"href":"https:\/\/www.claret.cat\/es\/wp-json\/wp\/v2\/types\/product"}],"wp:featuredmedia":[{"embeddable":true,"href":"https:\/\/www.claret.cat\/es\/wp-json\/wp\/v2\/media\/1079006"}],"wp:attachment":[{"href":"https:\/\/www.claret.cat\/es\/wp-json\/wp\/v2\/media?parent=221762"}],"wp:term":[{"taxonomy":"product_brand","embeddable":true,"href":"https:\/\/www.claret.cat\/es\/wp-json\/wp\/v2\/product_brand?post=221762"},{"taxonomy":"product_cat","embeddable":true,"href":"https:\/\/www.claret.cat\/es\/wp-json\/wp\/v2\/product_cat?post=221762"},{"taxonomy":"product_tag","embeddable":true,"href":"https:\/\/www.claret.cat\/es\/wp-json\/wp\/v2\/product_tag?post=221762"}],"curies":[{"name":"wp","href":"https:\/\/api.w.org\/{rel}","templated":true}]}}