{"id":221795,"date":"2022-10-20T16:06:39","date_gmt":"2022-10-20T14:06:39","guid":{"rendered":"http:\/\/dev.claret.cat\/producte\/interpretar-las-escrituras-actas-del-coloquio-pastoral-dei-verbum-cb-175\/"},"modified":"2024-05-23T05:38:27","modified_gmt":"2024-05-23T03:38:27","slug":"interpretar-las-escrituras-actas-del-coloquio-pastoral-dei-verbum-cb-175-9788490732854","status":"publish","type":"product","link":"https:\/\/www.claret.cat\/es\/libro\/interpretar-las-escrituras-actas-del-coloquio-pastoral-dei-verbum-cb-175-9788490732854\/","title":{"rendered":"INTERPRETAR LAS ESCRITURAS. ACTAS DEL COLOQUIO PASTORAL &#8216;DEI VERBUM&#8217; (CB 175)"},"content":{"rendered":"<p>La Constituci\u00f3n Dogm\u00e1tica del Concilio Vaticano II &#8216;Dei verbum&#8217; (1965) fue esperanzadora para un conocimiento novedoso de la Biblia en la liturgia y en la catequesis, y del mismo modo en los conjuntos, los encuentros, la docencia y los cursos de formaci\u00f3n. A pesar de todo, la experiencia nos muestra que esta actividad no est\u00e1 exenta de problemas. Se plantean innumerables preguntas sobre las relaciones entre Palabra de Dios y palabras humanas; los v\u00ednculos entre Palabra de Dios, Tradici\u00f3n y Escritura; la escucha misma de la Palabra de Dios en las Escrituras. Aparece as\u00ed una palabra clave: &#8216;interpretar&#8217;. Una palabra que tambi\u00e9n es una camino a seguir.<\/p>\n","protected":false},"excerpt":{"rendered":"<p>VARIOS AUTORES<\/p>\n","protected":false},"featured_media":221796,"template":"","meta":{"_acf_changed":false,"om_disable_all_campaigns":false,"rs_blank_template":"","rs_page_bg_color":"","slide_template_v7":"","inline_featured_image":false,"_monsterinsights_skip_tracking":false,"_monsterinsights_sitenote_active":false,"_monsterinsights_sitenote_note":"","_monsterinsights_sitenote_category":0},"product_brand":[],"product_cat":[75,341,543,93],"product_tag":[],"class_list":{"0":"post-221795","1":"product","2":"type-product","3":"status-publish","4":"has-post-thumbnail","6":"product_cat-biblia","7":"product_cat-biblia-es","8":"product_cat-eclesiologia-es","9":"product_cat-eclesiologia","11":"first","12":"instock","13":"taxable","14":"shipping-taxable","15":"purchasable","16":"product-type-simple"},"acf":{"autor":"VARIOS AUTORES","codart":"849073285","libros-coleccion":"CUADERNOS BIBLICOS","ediciones":"1","encuadernacion":"R\u00fastica","fecha_de_publicacion":"15\/11\/2016","novedad":"1","paginas":"60","subtitulo":"ACTAS DEL COLOQUIO PASTORAL DEI VERBUM","orden":"0","portada":"0","idioma":"spa","editorial":[{"ID":6390,"post_author":"3","post_date":"2022-07-28 17:51:08","post_date_gmt":"2022-07-28 15:51:08","post_content":"","post_title":"VERBO DIVINO","post_excerpt":"","post_status":"publish","comment_status":"closed","ping_status":"closed","post_password":"","post_name":"verbo-divino","to_ping":"","pinged":"","post_modified":"2022-07-28 17:51:08","post_modified_gmt":"2022-07-28 15:51:08","post_content_filtered":"","post_parent":0,"guid":"http:\/\/dev.claret.cat\/editorial\/verbo-divino\/","menu_order":0,"post_type":"editorial","post_mime_type":"","comment_count":"0","filter":"raw"}],"autores-libros":[{"ID":6072,"post_author":"3","post_date":"2022-07-28 17:37:32","post_date_gmt":"2022-07-28 15:37:32","post_content":"","post_title":"VARIOS AUTORES","post_excerpt":"","post_status":"publish","comment_status":"closed","ping_status":"closed","post_password":"","post_name":"varios-autores","to_ping":"","pinged":"","post_modified":"2022-07-28 17:37:32","post_modified_gmt":"2022-07-28 15:37:32","post_content_filtered":"","post_parent":0,"guid":"http:\/\/dev.claret.cat\/autor\/varios-autores\/","menu_order":0,"post_type":"autor","post_mime_type":"","comment_count":"0","filter":"raw"}]},"aioseo_notices":[],"_links":{"self":[{"href":"https:\/\/www.claret.cat\/es\/wp-json\/wp\/v2\/product\/221795","targetHints":{"allow":["GET"]}}],"collection":[{"href":"https:\/\/www.claret.cat\/es\/wp-json\/wp\/v2\/product"}],"about":[{"href":"https:\/\/www.claret.cat\/es\/wp-json\/wp\/v2\/types\/product"}],"wp:featuredmedia":[{"embeddable":true,"href":"https:\/\/www.claret.cat\/es\/wp-json\/wp\/v2\/media\/221796"}],"wp:attachment":[{"href":"https:\/\/www.claret.cat\/es\/wp-json\/wp\/v2\/media?parent=221795"}],"wp:term":[{"taxonomy":"product_brand","embeddable":true,"href":"https:\/\/www.claret.cat\/es\/wp-json\/wp\/v2\/product_brand?post=221795"},{"taxonomy":"product_cat","embeddable":true,"href":"https:\/\/www.claret.cat\/es\/wp-json\/wp\/v2\/product_cat?post=221795"},{"taxonomy":"product_tag","embeddable":true,"href":"https:\/\/www.claret.cat\/es\/wp-json\/wp\/v2\/product_tag?post=221795"}],"curies":[{"name":"wp","href":"https:\/\/api.w.org\/{rel}","templated":true}]}}