{"id":221882,"date":"2022-10-20T16:08:39","date_gmt":"2022-10-20T14:08:39","guid":{"rendered":"http:\/\/dev.claret.cat\/producte\/quiero-quedarme-embarazada-ya\/"},"modified":"2023-01-28T01:22:15","modified_gmt":"2023-01-28T00:22:15","slug":"quiero-quedarme-embarazada-ya-9788497359320","status":"publish","type":"product","link":"https:\/\/www.claret.cat\/es\/libro\/quiero-quedarme-embarazada-ya-9788497359320\/","title":{"rendered":"\u00a1QUIERO QUEDARME EMBARAZADA YA!"},"content":{"rendered":"<p>Una gu\u00eda imprescindible sobre fertilidad y reproducci\u00f3n que une el rigor cient\u00edfico con los cercanos y \u00fatiles consejos de la m\u00e1xima experta sobre el tema, la Dra. Marisa L\u00f3pez-Teij\u00f3n.<\/p>\n<p>De la mano de una de las m\u00e1s reconocidas especialistas m\u00e9dicas en Reproducci\u00f3n Asistida, la Dra. Marisa L\u00f3pez-Teij\u00f3n, y de tres mujeres que, como t\u00fa, tambi\u00e9n quieren quedarse embarazadas ya, descubrir\u00e1s las respuestas a todas esas preguntas que empezaste a formularte el d\u00eda que decidiste tener un beb\u00e9.<\/p>\n<p>Isabel, Marta y Roc\u00edo se enfrentan a numerosas inc\u00f3gnitas, dudas, tab\u00faes, prejuicios y falsos mitos. Se sienten desorientadas, enfadadas, tristes y, a menudo, solas.<\/p>\n<p>Si, como ellas no vas a permitir que nada te detenga, este libro te explica c\u00f3mo conseguir el embarazo de forma espont\u00e1nea o con ayuda m\u00e9dica.<\/p>\n<p>Pr\u00e1ctico, sorprendente y lleno de emoci\u00f3n, esta obra est\u00e1 pensada para todas aquellas mujeres que buscan informaci\u00f3n clara, fiable y sin tapujos que les ayude a alcanzar su sue\u00f1o de ser madre.<\/p>\n","protected":false},"excerpt":{"rendered":"<p>L\u00d3PEZ-TEIJ\u00d3N P\u00c9REZ, DRA. MARISA<\/p>\n","protected":false},"featured_media":322253,"template":"","meta":{"_acf_changed":false,"om_disable_all_campaigns":false,"rs_blank_template":"","rs_page_bg_color":"","slide_template_v7":"","inline_featured_image":false,"_monsterinsights_skip_tracking":false,"_monsterinsights_sitenote_active":false,"_monsterinsights_sitenote_note":"","_monsterinsights_sitenote_category":0},"product_brand":[],"product_cat":[100,550],"product_tag":[],"class_list":{"0":"post-221882","1":"product","2":"type-product","3":"status-publish","4":"has-post-thumbnail","6":"product_cat-escola-de-pares","7":"product_cat-escuela-de-padres-3_infantil-juvenil-spa-spa","9":"first","10":"instock","11":"taxable","12":"shipping-taxable","13":"purchasable","14":"product-type-simple"},"acf":{"autor":"L\u00d3PEZ-TEIJ\u00d3N P\u00c9REZ, DRA. MARISA","codart":"849735932","libros-coleccion":"","ediciones":"1","encuadernacion":"R\u00fastica","fecha_de_publicacion":"10\/11\/2016","novedad":"1","paginas":"192","subtitulo":"GU\u00cdA IMPRESCINDIBLE DE FERTILIDAD","orden":"0","portada":"0","idioma":"spa","editorial":[{"ID":147420,"post_author":"3","post_date":"2022-10-14 11:50:26","post_date_gmt":"2022-10-14 09:50:26","post_content":"","post_title":"AMAT EDITORIAL","post_excerpt":"","post_status":"publish","comment_status":"closed","ping_status":"closed","post_password":"","post_name":"amat-editorial","to_ping":"","pinged":"","post_modified":"2022-10-14 11:50:26","post_modified_gmt":"2022-10-14 09:50:26","post_content_filtered":"","post_parent":0,"guid":"http:\/\/dev.claret.cat\/editorial\/amat-editorial\/","menu_order":0,"post_type":"editorial","post_mime_type":"","comment_count":"0","filter":"raw"}],"autores-libros":[{"ID":322252,"post_author":"3","post_date":"2023-01-03 04:01:35","post_date_gmt":"2023-01-03 03:01:35","post_content":"","post_title":"DRA. MARISA L\u00d3PEZ-TEIJ\u00d3N P\u00c9REZ","post_excerpt":"","post_status":"publish","comment_status":"closed","ping_status":"closed","post_password":"","post_name":"dra-marisa-lopez-teijon-perez","to_ping":"","pinged":"","post_modified":"2023-01-03 04:01:35","post_modified_gmt":"2023-01-03 03:01:35","post_content_filtered":"","post_parent":0,"guid":"https:\/\/www.claret.cat\/autor\/dra-marisa-lopez-teijon-perez\/","menu_order":0,"post_type":"autor","post_mime_type":"","comment_count":"0","filter":"raw"}]},"aioseo_notices":[],"_links":{"self":[{"href":"https:\/\/www.claret.cat\/es\/wp-json\/wp\/v2\/product\/221882","targetHints":{"allow":["GET"]}}],"collection":[{"href":"https:\/\/www.claret.cat\/es\/wp-json\/wp\/v2\/product"}],"about":[{"href":"https:\/\/www.claret.cat\/es\/wp-json\/wp\/v2\/types\/product"}],"wp:featuredmedia":[{"embeddable":true,"href":"https:\/\/www.claret.cat\/es\/wp-json\/wp\/v2\/media\/322253"}],"wp:attachment":[{"href":"https:\/\/www.claret.cat\/es\/wp-json\/wp\/v2\/media?parent=221882"}],"wp:term":[{"taxonomy":"product_brand","embeddable":true,"href":"https:\/\/www.claret.cat\/es\/wp-json\/wp\/v2\/product_brand?post=221882"},{"taxonomy":"product_cat","embeddable":true,"href":"https:\/\/www.claret.cat\/es\/wp-json\/wp\/v2\/product_cat?post=221882"},{"taxonomy":"product_tag","embeddable":true,"href":"https:\/\/www.claret.cat\/es\/wp-json\/wp\/v2\/product_tag?post=221882"}],"curies":[{"name":"wp","href":"https:\/\/api.w.org\/{rel}","templated":true}]}}