{"id":221897,"date":"2022-10-20T16:09:00","date_gmt":"2022-10-20T14:09:00","guid":{"rendered":"http:\/\/dev.claret.cat\/producte\/discernimiento-de-espiritus\/"},"modified":"2026-01-28T11:03:22","modified_gmt":"2026-01-28T10:03:22","slug":"discernimiento-de-espiritus-9788425438851","status":"publish","type":"product","link":"https:\/\/www.claret.cat\/es\/libro\/discernimiento-de-espiritus-9788425438851\/","title":{"rendered":"DISCERNIMIENTO DE ESP\u00cdRITUS"},"content":{"rendered":"<p>Karl Rahner dec\u00eda que las reglas de discernimiento de esp\u00edritus, contenidas en los ejercicios de san Ignacio de Loyola, brindaban un m\u00e9todo pr\u00e1ctico, sencillo y sistem\u00e1tico para descubrir la voluntad de Dios para cada persona.  <\/p>\n<p>En este libro, el padre Timothy Gallagher ofrece una lectura clara, l\u00facida y emp\u00edrica de la primera serie de reglas, con el objetivo de facilitar su aplicaci\u00f3n en la vida diaria. De esta forma, da cumplimiento al profundo deseo de san Ignacio: que cristianos de cualquier origen puedan desarrollar la capacidad de comprender y responder a los movimientos espirituales que se suscitan a diario en su coraz\u00f3n.<\/p>\n<p>Este libro ser\u00e1 de gran utilidad tanto para quienes brindan gu\u00eda espiritual como para quienes la reciben y, en general, para todos aquellos que desean alcanzar una comprensi\u00f3n m\u00e1s profunda de las reglas de discernimiento de Ignacio con el fin de aplicarlas de forma continua en su vida espiritual.<\/p>\n","protected":false},"excerpt":{"rendered":"<p>GALLAGHER, TIMOTHY M.; O.M.V.<\/p>\n","protected":false},"featured_media":331467,"template":"","meta":{"_acf_changed":false,"om_disable_all_campaigns":false,"rs_blank_template":"","rs_page_bg_color":"","slide_template_v7":"","inline_featured_image":false,"_monsterinsights_skip_tracking":false,"_monsterinsights_sitenote_active":false,"_monsterinsights_sitenote_note":"","_monsterinsights_sitenote_category":0},"product_brand":[],"product_cat":[90,540],"product_tag":[],"class_list":{"0":"post-221897","1":"product","2":"type-product","3":"status-publish","4":"has-post-thumbnail","6":"product_cat-altres","7":"product_cat-otros","9":"first","10":"instock","11":"taxable","12":"shipping-taxable","13":"purchasable","14":"product-type-simple"},"acf":{"autor":"GALLAGHER, TIMOTHY M.; O.M.V.","codart":"842543885","libros-coleccion":"","ediciones":"1","encuadernacion":"R\u00fastica","fecha_de_publicacion":"10\/11\/2016","novedad":"1","paginas":"384","subtitulo":"GU\u00cdA IGNACIANA PARA LA VIDA COTIDIANA","orden":"0","portada":"0","idioma":"spa","editorial":[{"ID":6266,"post_author":"3","post_date":"2022-07-28 17:48:31","post_date_gmt":"2022-07-28 15:48:31","post_content":"","post_title":"HERDER","post_excerpt":"","post_status":"publish","comment_status":"closed","ping_status":"closed","post_password":"","post_name":"herder","to_ping":"","pinged":"","post_modified":"2022-07-28 17:48:31","post_modified_gmt":"2022-07-28 15:48:31","post_content_filtered":"","post_parent":0,"guid":"http:\/\/dev.claret.cat\/editorial\/herder\/","menu_order":0,"post_type":"editorial","post_mime_type":"","comment_count":"0","filter":"raw"}],"autores-libros":[{"ID":269524,"post_author":"3","post_date":"2022-12-02 12:22:52","post_date_gmt":"2022-12-02 11:22:52","post_content":"","post_title":"TIMOTHY M. GALLAGHER","post_excerpt":"","post_status":"publish","comment_status":"closed","ping_status":"closed","post_password":"","post_name":"timothy-m-gallagher","to_ping":"","pinged":"","post_modified":"2022-12-02 12:22:52","post_modified_gmt":"2022-12-02 11:22:52","post_content_filtered":"","post_parent":0,"guid":"http:\/\/dev.claret.cat\/autor\/timothy-m-gallagher\/","menu_order":0,"post_type":"autor","post_mime_type":"","comment_count":"0","filter":"raw"},{"ID":269523,"post_author":"3","post_date":"2022-12-02 12:22:50","post_date_gmt":"2022-12-02 11:22:50","post_content":"","post_title":"O.M.V.","post_excerpt":"","post_status":"publish","comment_status":"closed","ping_status":"closed","post_password":"","post_name":"o-m-v","to_ping":"","pinged":"","post_modified":"2022-12-02 12:22:50","post_modified_gmt":"2022-12-02 11:22:50","post_content_filtered":"","post_parent":0,"guid":"http:\/\/dev.claret.cat\/autor\/o-m-v\/","menu_order":0,"post_type":"autor","post_mime_type":"","comment_count":"0","filter":"raw"}],"booktrailer":"","resenas":""},"aioseo_notices":[],"_links":{"self":[{"href":"https:\/\/www.claret.cat\/es\/wp-json\/wp\/v2\/product\/221897","targetHints":{"allow":["GET"]}}],"collection":[{"href":"https:\/\/www.claret.cat\/es\/wp-json\/wp\/v2\/product"}],"about":[{"href":"https:\/\/www.claret.cat\/es\/wp-json\/wp\/v2\/types\/product"}],"wp:featuredmedia":[{"embeddable":true,"href":"https:\/\/www.claret.cat\/es\/wp-json\/wp\/v2\/media\/331467"}],"wp:attachment":[{"href":"https:\/\/www.claret.cat\/es\/wp-json\/wp\/v2\/media?parent=221897"}],"wp:term":[{"taxonomy":"product_brand","embeddable":true,"href":"https:\/\/www.claret.cat\/es\/wp-json\/wp\/v2\/product_brand?post=221897"},{"taxonomy":"product_cat","embeddable":true,"href":"https:\/\/www.claret.cat\/es\/wp-json\/wp\/v2\/product_cat?post=221897"},{"taxonomy":"product_tag","embeddable":true,"href":"https:\/\/www.claret.cat\/es\/wp-json\/wp\/v2\/product_tag?post=221897"}],"curies":[{"name":"wp","href":"https:\/\/api.w.org\/{rel}","templated":true}]}}