{"id":221900,"date":"2022-10-20T16:09:04","date_gmt":"2022-10-20T14:09:04","guid":{"rendered":"http:\/\/dev.claret.cat\/producte\/sobre-el-poder-2\/"},"modified":"2026-01-28T11:02:28","modified_gmt":"2026-01-28T10:02:28","slug":"sobre-el-poder-9788425438554","status":"publish","type":"product","link":"https:\/\/www.claret.cat\/es\/libro\/sobre-el-poder-9788425438554\/","title":{"rendered":"SOBRE EL PODER"},"content":{"rendered":"<p>En este nuevo ensayo Han intenta formular un concepto de poder que englobe sus m\u00faltiples manifestaciones en la sociedad contempor\u00e1nea.<\/p>\n<p>En relaci\u00f3n con el concepto de \u00abpoder\u00bb, sigue reinando el caos te\u00f3rico. Frente a todo lo que el fen\u00f3meno tiene de obvio tenemos todo lo que el concepto tiene de oscuro. Para unos, poder significa opresi\u00f3n; para otros, es un elemento constructivo de la comunicaci\u00f3n. El poder se asocia tanto con la libertad como con la coerci\u00f3n. Tambi\u00e9n se asocia con el derecho y con la arbitrariedad.<br \/>En vista de esta confusi\u00f3n te\u00f3rica, seg\u00fan Han es necesario hallar un concepto din\u00e1mico de poder capaz de unificar en s\u00ed mismo las nociones divergentes respecto a \u00e9l; una forma fundamental de poder que, mediante la reubicaci\u00f3n de elementos estructurales internos, genere diversas formas de manifestarse. De esta forma, quitaremos al poder esa fuerza que se basa en el hecho de que no se sabe exactamente en qu\u00e9 consiste.<\/p>\n","protected":false},"excerpt":{"rendered":"<p>HAN, BYUNG &#8211; CHUL<\/p>\n","protected":false},"featured_media":331441,"template":"","meta":{"_acf_changed":false,"om_disable_all_campaigns":false,"rs_blank_template":"","rs_page_bg_color":"","slide_template_v7":"","inline_featured_image":false,"_monsterinsights_skip_tracking":false,"_monsterinsights_sitenote_active":false,"_monsterinsights_sitenote_note":"","_monsterinsights_sitenote_category":0},"product_brand":[],"product_cat":[83,349],"product_tag":[],"class_list":{"0":"post-221900","1":"product","2":"type-product","3":"status-publish","4":"has-post-thumbnail","6":"product_cat-filosofia","7":"product_cat-filosofia-2_humanidades","9":"first","10":"instock","11":"taxable","12":"shipping-taxable","13":"purchasable","14":"product-type-simple"},"acf":{"autor":"HAN, BYUNG - CHUL","codart":"842543855","libros-coleccion":"Pensamiento Herder","ediciones":"1","encuadernacion":"R\u00fastica","fecha_de_publicacion":"10\/11\/2016","novedad":"1","paginas":"184","subtitulo":"","orden":"0","portada":"0","idioma":"spa","editorial":[{"ID":6266,"post_author":"3","post_date":"2022-07-28 17:48:31","post_date_gmt":"2022-07-28 15:48:31","post_content":"","post_title":"HERDER","post_excerpt":"","post_status":"publish","comment_status":"closed","ping_status":"closed","post_password":"","post_name":"herder","to_ping":"","pinged":"","post_modified":"2022-07-28 17:48:31","post_modified_gmt":"2022-07-28 15:48:31","post_content_filtered":"","post_parent":0,"guid":"http:\/\/dev.claret.cat\/editorial\/herder\/","menu_order":0,"post_type":"editorial","post_mime_type":"","comment_count":"0","filter":"raw"}],"autores-libros":[{"ID":151972,"post_author":"3","post_date":"2022-10-14 14:45:06","post_date_gmt":"2022-10-14 12:45:06","post_content":"","post_title":"BYUNG - CHUL HAN","post_excerpt":"","post_status":"publish","comment_status":"closed","ping_status":"closed","post_password":"","post_name":"byung-chul-han","to_ping":"","pinged":"","post_modified":"2022-10-14 14:45:06","post_modified_gmt":"2022-10-14 12:45:06","post_content_filtered":"","post_parent":0,"guid":"http:\/\/dev.claret.cat\/autor\/byung-chul-han\/","menu_order":0,"post_type":"autor","post_mime_type":"","comment_count":"0","filter":"raw"}],"booktrailer":"","resenas":""},"aioseo_notices":[],"_links":{"self":[{"href":"https:\/\/www.claret.cat\/es\/wp-json\/wp\/v2\/product\/221900","targetHints":{"allow":["GET"]}}],"collection":[{"href":"https:\/\/www.claret.cat\/es\/wp-json\/wp\/v2\/product"}],"about":[{"href":"https:\/\/www.claret.cat\/es\/wp-json\/wp\/v2\/types\/product"}],"wp:featuredmedia":[{"embeddable":true,"href":"https:\/\/www.claret.cat\/es\/wp-json\/wp\/v2\/media\/331441"}],"wp:attachment":[{"href":"https:\/\/www.claret.cat\/es\/wp-json\/wp\/v2\/media?parent=221900"}],"wp:term":[{"taxonomy":"product_brand","embeddable":true,"href":"https:\/\/www.claret.cat\/es\/wp-json\/wp\/v2\/product_brand?post=221900"},{"taxonomy":"product_cat","embeddable":true,"href":"https:\/\/www.claret.cat\/es\/wp-json\/wp\/v2\/product_cat?post=221900"},{"taxonomy":"product_tag","embeddable":true,"href":"https:\/\/www.claret.cat\/es\/wp-json\/wp\/v2\/product_tag?post=221900"}],"curies":[{"name":"wp","href":"https:\/\/api.w.org\/{rel}","templated":true}]}}